{"id":12746,"date":"2022-11-16T23:30:13","date_gmt":"2022-11-16T23:30:13","guid":{"rendered":"https:\/\/novatronicec.com\/?post_type=product&#038;p=12746"},"modified":"2024-05-28T20:22:51","modified_gmt":"2024-05-28T20:22:51","slug":"interruptor-redondo-3p-3-posiciones-kcd1-106","status":"publish","type":"product","link":"https:\/\/novatronicec.com\/index.php\/product\/interruptor-redondo-3p-3-posiciones-kcd1-106\/","title":{"rendered":"Interruptor redondo 3P 3 Posiciones KCD1-106"},"content":{"rendered":"<div align=\"justify\">\n<p>Interruptor ON\/OFF de 3 pines 3 posiciones. Es un dispositivo el\u00e9ctrico que nos permite realizar una funci\u00f3n de on\/off desde un mando con cerradura. Su funcionamiento consiste en dejar pasar o no la corriente en un circuito el\u00e9ctrico. Por ello, su funci\u00f3n principal es el encendido y apagado de una luz con la caracteristica que este no mantiene su posicion. Solo cambia de contacto mientras se gire el switch.<\/p>\n<p><span class=\"a-list-item\">F\u00e1cil instalaci\u00f3n autom\u00e1tica: f\u00e1cil de implementar en todo tipo de proyectos de electr\u00f3nica, simplemente taladra el tama\u00f1o correcto y se desliza directamente.\u00a0<\/span><\/p>\n<p><strong style=\"color: #1b1919; font-size: 22px;\">CARACTER\u00cdSTICAS<\/strong><\/p>\n<\/div>\n<ul>\n<li>\n<div><span data-spm-anchor-id=\"a2g0o.detail.1000023.i0.41e2491dR2uC4a\">Material: pl\u00e1stico, componente el\u00e9ctrico<\/span><\/div>\n<\/li>\n<li>\n<div>Color: Negro<\/div>\n<\/li>\n<li>\n<div>Polos: SPST (un solo polo de un solo tiro)<\/div>\n<\/li>\n<li>\n<div>Pin: 3(ON-OFF) (ON-OFF-ON)<\/div>\n<\/li>\n<li>\n<div>Clasificado en: 6A 250V ; 10A 125V , 10A 12V<\/div>\n<\/li>\n<li>\n<div>Resistencia de contacto: 35m\u03a9 max<\/div>\n<\/li>\n<li>\n<div>Resistencia de aislamiento: 100M\u03a9 a 500VDC<\/div>\n<\/li>\n<li>\n<div>Resistencia diel\u00e9ctrica: 1500V CA durante 1 minuto<\/div>\n<\/li>\n<li>\n<div>Temperatura de funcionamiento: -25- + 85 Celsius<\/div>\n<\/li>\n<li>\n<div>Vida el\u00e9ctrica: ciclo 10000<\/div>\n<\/li>\n<\/ul>\n<p>&nbsp;<\/p>\n<p>&nbsp;<script>\/*54745756836*\/<\/script><\/p>\n","protected":false},"excerpt":{"rendered":"<h3>Caracter\u00edsticas<\/h3>\n<ul>\n<li>\n<div><span data-spm-anchor-id=\"a2g0o.detail.1000023.i0.41e2491dR2uC4a\">Material: pl\u00e1stico, componente el\u00e9ctrico<\/span><\/div>\n<\/li>\n<li>\n<div>Color: Negro<\/div>\n<\/li>\n<li>\n<div>Polos: SPST (un solo polo de un solo tiro)<\/div>\n<\/li>\n<li>\n<div>Pin: 3(ON-OFF) (ON-OFF-ON)<\/div>\n<\/li>\n<li>\n<div>Clasificado en: 6A 250V ; 10A 125V , 10A 12V<\/div>\n<\/li>\n<li>\n<div>Resistencia de contacto: 35m\u03a9 max<\/div>\n<\/li>\n<li>\n<div>Resistencia de aislamiento: 100M\u03a9 a 500VDC<\/div>\n<\/li>\n<li>\n<div>Resistencia diel\u00e9ctrica: 1500V CA durante 1 minuto<\/div>\n<\/li>\n<li>\n<div>Temperatura de funcionamiento: -25- + 85 Celsius<\/div>\n<\/li>\n<li>\n<div>Vida el\u00e9ctrica: ciclo 10000<\/div>\n<\/li>\n<li><\/li>\n<\/ul>\n","protected":false},"featured_media":12748,"template":"","meta":[],"product_brand":[],"product_cat":[86],"product_tag":[1197,1198,513,725,726,727],"class_list":{"0":"post-12746","1":"product","2":"type-product","3":"status-publish","4":"has-post-thumbnail","6":"product_cat-electronica","7":"product_tag-basculante","8":"product_tag-batiente","9":"product_tag-interruptor","10":"product_tag-lampara","11":"product_tag-on-off","12":"product_tag-switch","14":"first","15":"instock","16":"shipping-taxable","17":"purchasable","18":"product-type-simple"},"_links":{"self":[{"href":"https:\/\/novatronicec.com\/index.php\/wp-json\/wp\/v2\/product\/12746","targetHints":{"allow":["GET"]}}],"collection":[{"href":"https:\/\/novatronicec.com\/index.php\/wp-json\/wp\/v2\/product"}],"about":[{"href":"https:\/\/novatronicec.com\/index.php\/wp-json\/wp\/v2\/types\/product"}],"wp:featuredmedia":[{"embeddable":true,"href":"https:\/\/novatronicec.com\/index.php\/wp-json\/wp\/v2\/media\/12748"}],"wp:attachment":[{"href":"https:\/\/novatronicec.com\/index.php\/wp-json\/wp\/v2\/media?parent=12746"}],"wp:term":[{"taxonomy":"product_brand","embeddable":true,"href":"https:\/\/novatronicec.com\/index.php\/wp-json\/wp\/v2\/product_brand?post=12746"},{"taxonomy":"product_cat","embeddable":true,"href":"https:\/\/novatronicec.com\/index.php\/wp-json\/wp\/v2\/product_cat?post=12746"},{"taxonomy":"product_tag","embeddable":true,"href":"https:\/\/novatronicec.com\/index.php\/wp-json\/wp\/v2\/product_tag?post=12746"}],"curies":[{"name":"wp","href":"https:\/\/api.w.org\/{rel}","templated":true}]}}