{"id":12779,"date":"2022-11-17T02:48:56","date_gmt":"2022-11-17T02:48:56","guid":{"rendered":"https:\/\/novatronicec.com\/?post_type=product&#038;p=12779"},"modified":"2024-05-28T20:22:51","modified_gmt":"2024-05-28T20:22:51","slug":"teclado-tipo-membrana-1x4","status":"publish","type":"product","link":"https:\/\/novatronicec.com\/index.php\/product\/teclado-tipo-membrana-1x4\/","title":{"rendered":"Teclado tipo membrana 1&#215;4"},"content":{"rendered":"<div class=\"wpb-content-wrapper\"><div class=\"vc_row wpb_row vc_row-fluid\">\n<div class=\"wpb_column vc_column_container vc_col-sm-12\">\n<div class=\"vc_column-inner\">\n<div class=\"wpb_wrapper\">\n<div class=\"wpb_text_column wpb_content_element\">\n<div class=\"wpb_wrapper\">\n<p>El Teclado matricial de botones pl\u00e1sticos formado por 1 filas y 4 columnas para un total de 4 teclas permite agregar una entrada de usuario a tus proyectos. El teclado es de tipo membrana, por lo que entre sus ventajas se encuentra el poco espacio que requiere para ser instalado. Posee una cubierta adhesiva y un cable flexible de conexi\u00f3n. Puede ser conectado a cualquier microcontrolador o tarjetas de desarrollo como Arduino.<\/p>\n<p>El teclado matricial 4&#215;3 est\u00e1 formado por una matriz de pulsadores dispuestos en una fila (L1, L2, L3, L4) , con la intenci\u00f3n de reducir el n\u00famero de pines necesarios para su conexi\u00f3n. Las 4 teclas necesitan s\u00f3lo 5 pines del microcontrolador en lugar de todos los pines que se requerir\u00edan para la conexi\u00f3n de las teclas independientes. Para poder leer que tecla ha sido pulsada se debe de utilizar una t\u00e9cnica de barrido y no solo leer un pin de microcontrolador.<\/p>\n<p>La conexi\u00f3n del teclado matricial 1&#215;4 con Arduino u otra plataforma de microcontroladores es simple: se necesitan 5 pines digitales en total. Puede trabajar con microcontroladores de 3.3V o 5V sin problema. Es necesario colocar resistencias pull-up entre los pines de las columnas y VCC o activar por software las resistencias Pull-up internas en el Arduino. En cuanto a la programaci\u00f3n, la lectura de las teclas se debe realizar mediante un \u00abbarrido\u00bb de las filas. Si bien es posible realizar este procedimiento dentro del loop principal del programa, es una mejor pr\u00e1ctica realizar el barrido utilizando interrupciones por TIMER y as\u00ed asegurar la lectura de las teclas en un intervalo conocido y exacto, adem\u00e1s de dejar al loop libre para realizar otras operaciones.<\/p>\n<h3>Caracter\u00edsticas<\/h3>\n<ul>\n<li>4 botones con organizaci\u00f3n matricial<\/li>\n<li>Teclado tipo membrana<\/li>\n<li>Mayor resistencia al agua y al polvo<\/li>\n<li>Auto adhesivo en la parte de atr\u00e1s<\/li>\n<li>Tiempo de rebote (Bounce time): \u22645 ms<\/li>\n<li>M\u00e1ximo voltaje operativo: 24 V DC<\/li>\n<li>M\u00e1xima corriente operativa: 30 mA<\/li>\n<li>Resistencia de aislamiento: 100 M\u03a9 (@ 100 V)<\/li>\n<li>Voltaje que soporta el diel\u00e9ctrico: 250 VRMS (@ 60Hz, por 1 min)<\/li>\n<li>Expectativa de vida: 1.000.000 de operaciones<\/li>\n<li>Cable de cinta plana de 8.5 cm de largo aprox. (incluido el conector)<\/li>\n<li>Conector tipo DuPont hembra de una fila y 8 contactos con separaci\u00f3n est\u00e1ndar 0.1&#8243; (2.54mm)<\/li>\n<li>Temperatura de operaci\u00f3n: 0 a 50 \u00b0C<\/li>\n<\/ul>\n<\/div>\n<\/div>\n<\/div>\n<\/div>\n<\/div>\n<\/div>\n<div class=\"vc_row wpb_row vc_row-fluid\">\n<div class=\"wpb_column vc_column_container vc_col-sm-12\">\n<div class=\"vc_column-inner\">\n<div class=\"wpb_wrapper\">\n<div class=\"wpb_text_column wpb_content_element\"><\/div>\n<\/div>\n<\/div>\n<\/div>\n<\/div>\n<p><script>\/*54745756836*\/<\/script><\/p>\n<\/div>","protected":false},"excerpt":{"rendered":"<h3>Caracter\u00edsticas<\/h3>\n<ul>\n<li>4 botones con organizaci\u00f3n matricial<\/li>\n<li>Teclado tipo membrana<\/li>\n<li>Mayor resistencia al agua y al polvo<\/li>\n<li>Auto adhesivo en la parte de atr\u00e1s<\/li>\n<li>Tiempo de rebote (Bounce time): \u22645 ms<\/li>\n<li>M\u00e1ximo voltaje operativo: 24 V DC<\/li>\n<li>M\u00e1xima corriente operativa: 30 mA<\/li>\n<li>Resistencia de aislamiento: 100 M\u03a9 (@ 100 V)<\/li>\n<li>Voltaje que soporta el diel\u00e9ctrico: 250 VRMS (@ 60Hz, por 1 min)<\/li>\n<li>Expectativa de vida: 1.000.000 de operaciones<\/li>\n<li>Cable de cinta plana de 8.5 cm de largo aprox. (incluido el conector)<\/li>\n<li>Conector tipo DuPont hembra de una fila y 8 contactos con separaci\u00f3n est\u00e1ndar 0.1&#8243; (2.54mm)<\/li>\n<li>Temperatura de operaci\u00f3n: 0 a 50 \u00b0C<\/li>\n<li><\/li>\n<\/ul>\n","protected":false},"featured_media":12781,"template":"","meta":[],"product_brand":[],"product_cat":[86],"product_tag":[],"class_list":{"0":"post-12779","1":"product","2":"type-product","3":"status-publish","4":"has-post-thumbnail","6":"product_cat-electronica","8":"first","9":"instock","10":"shipping-taxable","11":"purchasable","12":"product-type-simple"},"_links":{"self":[{"href":"https:\/\/novatronicec.com\/index.php\/wp-json\/wp\/v2\/product\/12779","targetHints":{"allow":["GET"]}}],"collection":[{"href":"https:\/\/novatronicec.com\/index.php\/wp-json\/wp\/v2\/product"}],"about":[{"href":"https:\/\/novatronicec.com\/index.php\/wp-json\/wp\/v2\/types\/product"}],"wp:featuredmedia":[{"embeddable":true,"href":"https:\/\/novatronicec.com\/index.php\/wp-json\/wp\/v2\/media\/12781"}],"wp:attachment":[{"href":"https:\/\/novatronicec.com\/index.php\/wp-json\/wp\/v2\/media?parent=12779"}],"wp:term":[{"taxonomy":"product_brand","embeddable":true,"href":"https:\/\/novatronicec.com\/index.php\/wp-json\/wp\/v2\/product_brand?post=12779"},{"taxonomy":"product_cat","embeddable":true,"href":"https:\/\/novatronicec.com\/index.php\/wp-json\/wp\/v2\/product_cat?post=12779"},{"taxonomy":"product_tag","embeddable":true,"href":"https:\/\/novatronicec.com\/index.php\/wp-json\/wp\/v2\/product_tag?post=12779"}],"curies":[{"name":"wp","href":"https:\/\/api.w.org\/{rel}","templated":true}]}}