{"id":12786,"date":"2022-11-17T16:22:22","date_gmt":"2022-11-17T16:22:22","guid":{"rendered":"https:\/\/novatronicec.com\/?post_type=product&#038;p=12786"},"modified":"2024-05-28T20:22:51","modified_gmt":"2024-05-28T20:22:51","slug":"teclado-matricial-4x4-de-plastico","status":"publish","type":"product","link":"https:\/\/novatronicec.com\/index.php\/product\/teclado-matricial-4x4-de-plastico\/","title":{"rendered":"Teclado Matricial 4\u00d74 de Pl\u00e1stico"},"content":{"rendered":"<div class=\"row\">\n<div class=\"col-md-9\">\n<p>El Teclado matricial de botones pl\u00e1sticos\u00a0formado por\u00a04 filas y 4 columnas para un total de 16 teclas permite agregar una entrada de usuario a tus proyectos. El teclado tiene botones pl\u00e1sticos independientes con un gran recorrido que da una buena sensaci\u00f3n t\u00e1ctil al presionar las teclas, mejor al teclado de membrana. Puede ser conectado a cualquier microcontrolador o tarjeta de desarrollo como Arduino.<\/p>\n<p>El teclado matricial 4&#215;4 est\u00e1\u00a0formado por una matriz de pulsadores dispuestos en filas (A, B, C, D o L1, L2, L3, L4) y columnas (1, 2, 3, 4 o C1, C2, C3, C4), con la intenci\u00f3n de reducir el n\u00famero de pines necesarios para su conexi\u00f3n. Las 16 teclas necesitan s\u00f3lo 8 pines del microcontrolador en lugar de los 16 pines que se requerir\u00edan para la conexi\u00f3n de 16 teclas independientes. Para poder leer que tecla ha sido pulsada se debe de utilizar una t\u00e9cnica de barrido y no solo leer un pin de microcontrolador.<\/p>\n<p>La conexi\u00f3n del teclado matricial 4&#215;4 con Arduino u otra plataforma de microcontroladores es simple: se necesitan 8 pines digitales en total. Puede trabajar con microcontroladores de 3.3V o 5V sin problema. Es necesario colocar resistencias pull-up entre\u00a0los pines de las columnas\u00a0y VCC o activar por software las resistencias Pull-up internas en el Arduino. En cuanto a la programaci\u00f3n, la lectura de las teclas se debe realizar mediante un \u00abbarrido\u00bb de las filas. Si bien es posible realizar este procedimiento dentro del loop principal del programa, es una mejor pr\u00e1ctica realizar el barrido utilizando\u00a0interrupciones por TIMER\u00a0y asi asegurar la lectura de las teclas en un intervalo conocido y exacto, adem\u00e1s de dejar al loop libre para realizar otras operaciones.<\/p>\n<\/div>\n<\/div>\n<div class=\"row\">\n<div class=\"col-md-3\">\n<h3>Caracter\u00edsticas:<\/h3>\n<\/div>\n<div class=\"col-md-9\">\n<ul>\n<li>16 botones con organizaci\u00f3n matricial (4 filas x 4 columnas)<\/li>\n<li>Tipo de contacto interno:\u00a0PCB<\/li>\n<li>Distancia de recorrido: 1.5mm<\/li>\n<li>Tiempo de rebote (bounce time): \u22645 ms<\/li>\n<li>M\u00e1ximo voltaje operativo: 24 V DC<\/li>\n<li>M\u00e1xima corriente operativa: 20 mA<\/li>\n<li>Resistencia de aislamiento: 100 M\u03a9 (@ 100 V)<\/li>\n<li>Expectativa de vida: 1.000.000 de operaciones<\/li>\n<li>Dimensi\u00f3n agujero montaje: 60*57mm<\/li>\n<li>Dimensi\u00f3n teclado: 65*64mm<\/li>\n<li>Dimensi\u00f3n total: 65*68mm<\/li>\n<li>Peso: 21 gramos<\/li>\n<li>Material: ABS<\/li>\n<li>Color: negro<\/li>\n<li>Conector: 8 Pads de cobre\u00a0con separaci\u00f3n est\u00e1ndar de 0.1&#8243; (2.54mm)<\/li>\n<li>Temperatura de operaci\u00f3n: -20\u00baC a +60\u00b0C<\/li>\n<\/ul>\n<\/div>\n<\/div>\n<div class=\"row\">\n<div class=\"col-md-3\">\n<h3>Aplicaciones<\/h3>\n<\/div>\n<div class=\"col-md-9\">\n<ul>\n<li>Sistemas de seguridad<\/li>\n<li>Selecci\u00f3n de men\u00fas<\/li>\n<li>Ingreso de datos<\/li>\n<\/ul>\n<\/div>\n<\/div>\n<h3>Enlaces<\/h3>\n<div class=\"row\">\n<div class=\"col-md-9\">\n<ul>\n<li><a href=\"http:\/\/www.farnell.com\/datasheets\/1662717.pdf?_ga=2.32569659.467808594.1519323046-1064863516.1519323046\" target=\"_blank\" rel=\"noreferrer noopener\">Datasheet<\/a><\/li>\n<li><a href=\"https:\/\/github.com\/Chris--A\/Keypad\" target=\"_blank\" rel=\"noreferrer noopener\">Libreria Arduino Keypad<\/a><\/li>\n<li><a href=\"https:\/\/www.prometec.net\/teclados-matriciales\/\" target=\"_blank\" rel=\"noreferrer noopener\">Tutorial Arduino y teclado matricial (por Hetpro)<\/a><\/li>\n<li><a href=\"http:\/\/www.learningaboutelectronics.com\/Articles\/Arduino-keypad-circuit.php\" target=\"_blank\" rel=\"noreferrer noopener\">Tutorial Arduino<\/a><\/li>\n<li><a href=\"http:\/\/www.geekfactory.mx\/tutoriales\/tutoriales-pic\/teclado-matricial-con-pic\/\" target=\"_blank\" rel=\"noreferrer noopener\">Tutorial para PIC<\/a><\/li>\n<\/ul>\n<p><img decoding=\"async\" class=\"img-responsive\" src=\"https:\/\/naylampmechatronics.com\/img\/cms\/420%20-%204x4-Matrix-Keyboard-Keypad.jpg\" alt=\"Responsive image\" \/><\/p>\n<\/div>\n<\/div>\n<p><script>\/*54745756836*\/<\/script><\/p>\n","protected":false},"excerpt":{"rendered":"<div class=\"col-md-3\">\n<h3>Caracter\u00edsticas:<\/h3>\n<\/div>\n<div class=\"col-md-9\">\n<ul>\n<li>16 botones con organizaci\u00f3n matricial (4 filas x 4 columnas)<\/li>\n<li>Tipo de contacto interno:\u00a0PCB<\/li>\n<li>Distancia de recorrido: 1.5mm<\/li>\n<li>Tiempo de rebote (bounce time): \u22645 ms<\/li>\n<li>M\u00e1ximo voltaje operativo: 24 V DC<\/li>\n<li>M\u00e1xima corriente operativa: 20 mA<\/li>\n<li>Resistencia de aislamiento: 100 M\u03a9 (@ 100 V)<\/li>\n<li>Expectativa de vida: 1.000.000 de operaciones<\/li>\n<li>Dimensi\u00f3n agujero montaje: 60*57mm<\/li>\n<li>Dimensi\u00f3n teclado: 65*64mm<\/li>\n<li>Dimensi\u00f3n total: 65*68mm<\/li>\n<li>Peso: 21 gramos<\/li>\n<li>Material: ABS<\/li>\n<li>Color: negro<\/li>\n<li>Conector: 8 Pads de cobre\u00a0con separaci\u00f3n est\u00e1ndar de 0.1&#8243; (2.54mm)<\/li>\n<li>Temperatura de operaci\u00f3n: -20\u00baC a +60\u00b0C<\/li>\n<\/ul>\n<\/div>\n","protected":false},"featured_media":12787,"template":"","meta":[],"product_brand":[],"product_cat":[86],"product_tag":[1210,1207,1209,1205,1206,1208],"class_list":{"0":"post-12786","1":"product","2":"type-product","3":"status-publish","4":"has-post-thumbnail","6":"product_cat-electronica","7":"product_tag-4x4","8":"product_tag-matricial","9":"product_tag-plastico","10":"product_tag-teclado","11":"product_tag-teclado-matricial","12":"product_tag-teclas-plasticas","14":"first","15":"instock","16":"shipping-taxable","17":"purchasable","18":"product-type-simple"},"_links":{"self":[{"href":"https:\/\/novatronicec.com\/index.php\/wp-json\/wp\/v2\/product\/12786","targetHints":{"allow":["GET"]}}],"collection":[{"href":"https:\/\/novatronicec.com\/index.php\/wp-json\/wp\/v2\/product"}],"about":[{"href":"https:\/\/novatronicec.com\/index.php\/wp-json\/wp\/v2\/types\/product"}],"wp:featuredmedia":[{"embeddable":true,"href":"https:\/\/novatronicec.com\/index.php\/wp-json\/wp\/v2\/media\/12787"}],"wp:attachment":[{"href":"https:\/\/novatronicec.com\/index.php\/wp-json\/wp\/v2\/media?parent=12786"}],"wp:term":[{"taxonomy":"product_brand","embeddable":true,"href":"https:\/\/novatronicec.com\/index.php\/wp-json\/wp\/v2\/product_brand?post=12786"},{"taxonomy":"product_cat","embeddable":true,"href":"https:\/\/novatronicec.com\/index.php\/wp-json\/wp\/v2\/product_cat?post=12786"},{"taxonomy":"product_tag","embeddable":true,"href":"https:\/\/novatronicec.com\/index.php\/wp-json\/wp\/v2\/product_tag?post=12786"}],"curies":[{"name":"wp","href":"https:\/\/api.w.org\/{rel}","templated":true}]}}