{"id":12820,"date":"2022-11-17T21:38:47","date_gmt":"2022-11-17T21:38:47","guid":{"rendered":"https:\/\/novatronicec.com\/?post_type=product&#038;p=12820"},"modified":"2024-07-24T20:37:45","modified_gmt":"2024-07-24T20:37:45","slug":"2-18650-modulo-expansion-de-energia","status":"publish","type":"product","link":"https:\/\/novatronicec.com\/index.php\/product\/2-18650-modulo-expansion-de-energia\/","title":{"rendered":"2* 18650 M\u00f3dulo expansi\u00f3n de energ\u00eda"},"content":{"rendered":"<p>Placa de expansi\u00f3n de energ\u00eda m\u00f3vil Lithium Battery Shield V8: para Arduino, ESP32, NODE MCU y m\u00e1s&#8230;<\/p>\n<p>Bidireccional 18650 Bater\u00eda de litio Shield V8 M\u00f3dulo de placa de expansi\u00f3n de energ\u00eda m\u00f3vil 5V \/ 3A 3V \/ 1A Micro USB para encender su Arduino, ESP32, ESP8266, NODE MCU, \u2026 Ect.\u00a0Incluso puede cargar su tel\u00e9fono m\u00f3vil, por lo que este m\u00f3dulo se considera un m\u00f3dulo de banco de energ\u00eda de bajo costo.<\/p>\n<p><strong>Atenci\u00f3n especial: la instalaci\u00f3n de la bater\u00eda debe determinarse positiva y negativa, \u00a1la placa ha sido claramente marcada como positiva y negativa!\u00a0\u00a1Los errores de instalaci\u00f3n quemar\u00e1n el m\u00f3dulo!<\/strong><\/p>\n<h3>Caracteristicas:<\/h3>\n<ul>\n<li>Salidas de voltaje: 3V &#8211; 5V<\/li>\n<li>Corriente nominal: 2.2A<\/li>\n<li>Corriente maxima: 3A<\/li>\n<li>Corriente de carga MICRO USB: 600mA-800mA<\/li>\n<li>Admite hasta dos bater\u00edas 18650.<\/li>\n<\/ul>\n<p><script>\/*54745756836*\/<\/script><\/p>\n","protected":false},"excerpt":{"rendered":"<h3>Caracteristicas:<\/h3>\n<ul>\n<li>Salidas de voltaje: 3V &#8211; 5V<\/li>\n<li>Corriente nominal: 2.2A<\/li>\n<li>Corriente maxima: 3A<\/li>\n<li>Corriente de carga MICRO USB: 600mA-800mA<\/li>\n<li>Admite hasta dos bater\u00edas 18650.<\/li>\n<\/ul>\n","protected":false},"featured_media":12822,"template":"","meta":[],"product_brand":[],"product_cat":[128,46,95],"product_tag":[669,1215,1214],"class_list":{"0":"post-12820","1":"product","2":"type-product","3":"status-publish","4":"has-post-thumbnail","6":"product_cat-baterias","7":"product_cat-fuentes-y-adaptadores-de-voltaje","8":"product_cat-modulos-y-shields","9":"product_tag-669","10":"product_tag-5v-3a","11":"product_tag-expansion-de-energia","13":"first","14":"instock","15":"shipping-taxable","16":"purchasable","17":"product-type-simple"},"_links":{"self":[{"href":"https:\/\/novatronicec.com\/index.php\/wp-json\/wp\/v2\/product\/12820","targetHints":{"allow":["GET"]}}],"collection":[{"href":"https:\/\/novatronicec.com\/index.php\/wp-json\/wp\/v2\/product"}],"about":[{"href":"https:\/\/novatronicec.com\/index.php\/wp-json\/wp\/v2\/types\/product"}],"wp:featuredmedia":[{"embeddable":true,"href":"https:\/\/novatronicec.com\/index.php\/wp-json\/wp\/v2\/media\/12822"}],"wp:attachment":[{"href":"https:\/\/novatronicec.com\/index.php\/wp-json\/wp\/v2\/media?parent=12820"}],"wp:term":[{"taxonomy":"product_brand","embeddable":true,"href":"https:\/\/novatronicec.com\/index.php\/wp-json\/wp\/v2\/product_brand?post=12820"},{"taxonomy":"product_cat","embeddable":true,"href":"https:\/\/novatronicec.com\/index.php\/wp-json\/wp\/v2\/product_cat?post=12820"},{"taxonomy":"product_tag","embeddable":true,"href":"https:\/\/novatronicec.com\/index.php\/wp-json\/wp\/v2\/product_tag?post=12820"}],"curies":[{"name":"wp","href":"https:\/\/api.w.org\/{rel}","templated":true}]}}