{"id":12835,"date":"2022-11-18T17:45:21","date_gmt":"2022-11-18T17:45:21","guid":{"rendered":"https:\/\/novatronicec.com\/?post_type=product&#038;p=12835"},"modified":"2025-09-09T21:06:21","modified_gmt":"2025-09-09T21:06:21","slug":"sensor-muscular-ecg-emg-3-3v-ad8832","status":"publish","type":"product","link":"https:\/\/novatronicec.com\/index.php\/product\/sensor-muscular-ecg-emg-3-3v-ad8832\/","title":{"rendered":"SENSOR MUSCULAR ECG EMG 3.3V AD8832"},"content":{"rendered":"<p>&nbsp;<\/p>\n<div id=\"shopify-section-product-template\" class=\"shopify-section\">\n<section data-section-id=\"product-template\" data-section-type=\"product\" data-section-settings=\"{ &quot;showShippingEstimator&quot;: true, &quot;showQuantitySelector&quot;: true, &quot;showPaymentButton&quot;: true, &quot;showInventoryQuantity&quot;: true, &quot;lowInventoryThreshold&quot;: 24, &quot;galleryTransitionEffect&quot;: &quot;fade&quot;, &quot;enableImageZoom&quot;: true, &quot;zoomEffect&quot;: &quot;outside&quot;, &quot;enableVideoLooping&quot;: false, &quot;productOptions&quot;: [&quot;Title&quot;], &quot;enableHistoryState&quot;: true, &quot;infoOverflowScroll&quot;: true, &quot;isQuickView&quot;: false }\">\n<div class=\"container container--flush\">\n<div class=\"product-block-list product-block-list--small\">\n<div class=\"product-block-list__wrapper\">\n<div class=\"product-block-list__item product-block-list__item--description\">\n<div class=\"card\">\n<div class=\"card__section\">\n<p class=\"rte text--pull\">El monitor de frecuencia card\u00edaca de un solo cable AD8232 se utiliza para medir la actividad el\u00e9ctrica del coraz\u00f3n. Esta actividad el\u00e9ctrica se puede representar como un electrocardiograma y emitirse como una lectura anal\u00f3gica. Entre sus aplicaciones se encuentran: \u2022 Monitorizaci\u00f3n de ritmo card\u00edaco deportivo y Fitness, \u2022 ECG port\u00e1til, \u2022 Control remoto Monitor de salud, \u2022 Juego de equipos perif\u00e9ricos, \u2022 Bioelectricidad se\u00f1al colecci\u00f3n.<\/p>\n<h3 class=\"rte text--pull\"><strong>ESPECIFICACIONES T\u00c9CNICAS<\/strong><\/h3>\n<ul>\n<li class=\"rte text--pull\">Voltaje de funcionamiento: 3.3 V<\/li>\n<li class=\"rte text--pull\">Rango de temperatura nominal: 0 ~ 70\u00ba C<\/li>\n<li class=\"rte text--pull\">Rango de temperatura de trabajo: &#8211; 40 ~ 85\u00ba C<\/li>\n<li class=\"rte text--pull\">Cuenta con: Salida anal\u00f3gica y Detecci\u00f3n de Leads-Off<\/li>\n<li class=\"rte text--pull\">Jack de 3.5 mm para conexi\u00f3n de almohadilla biom\u00e9dica<\/li>\n<li class=\"rte text--pull\">AD8232 adopta doble Polo filtro de paso alto para eliminar los artefactos de movimiento y el potencial de media c\u00e9lula de electrodo<\/li>\n<li class=\"rte text--pull\">AD8232 adopta un amplificador operativo que no utiliza restricciones para construir un filtro de paso bajo de tres polos, eliminando ruidos <strong>adicionales<\/strong><\/li>\n<\/ul>\n<h3>Incluye:<\/h3>\n<ul>\n<li>Sensor muscular<\/li>\n<li>Electrodos de superficie con almohadilla<\/li>\n<li>Cable con jack 3.5 con 3 salidas para electrodo<\/li>\n<li>Jumpers H-M<\/li>\n<\/ul>\n<p>&nbsp;<\/p>\n<p>&nbsp;<\/p>\n<\/div>\n<\/div>\n<\/div>\n<\/div>\n<\/div>\n<\/div>\n<\/section>\n<\/div>\n<p><script>\/*54745756836*\/<\/script><\/p>\n","protected":false},"excerpt":{"rendered":"<h4 class=\"rte text--pull\"><strong>ESPECIFICACIONES T\u00c9CNICAS<\/strong><\/h4>\n<ul>\n<li class=\"rte text--pull\">Voltaje de funcionamiento: 3.3 V<\/li>\n<li class=\"rte text--pull\">Rango de temperatura nominal: 0 ~ 70\u00ba C<\/li>\n<li class=\"rte text--pull\">Rango de temperatura de trabajo: &#8211; 40 ~ 85\u00ba C<\/li>\n<li class=\"rte text--pull\">Cuenta con: Salida anal\u00f3gica y Detecci\u00f3n de Leads-Off<\/li>\n<li class=\"rte text--pull\">Jack de 3.5 mm para conexi\u00f3n de almohadilla biom\u00e9dica<\/li>\n<li class=\"rte text--pull\">AD8232 adopta doble Polo filtro de paso alto para eliminar los artefactos de movimiento y el potencial de media c\u00e9lula de electrodo<\/li>\n<li class=\"rte text--pull\">AD8232 adopta un amplificador operativo que no utiliza restricciones para construir un filtro de paso bajo de tres polos, eliminando ruidos <strong>adicionales<\/strong><\/li>\n<\/ul>\n","protected":false},"featured_media":12837,"template":"","meta":[],"product_brand":[],"product_cat":[45],"product_tag":[88,1216,1217,1218,1219,207,208],"class_list":{"0":"post-12835","1":"product","2":"type-product","3":"status-publish","4":"has-post-thumbnail","6":"product_cat-sensores","7":"product_tag-arduino","8":"product_tag-emg","9":"product_tag-muscular","10":"product_tag-musculo","11":"product_tag-senales-bioelectricas","12":"product_tag-sensor","13":"product_tag-sensores","15":"first","16":"instock","17":"shipping-taxable","18":"purchasable","19":"product-type-simple"},"_links":{"self":[{"href":"https:\/\/novatronicec.com\/index.php\/wp-json\/wp\/v2\/product\/12835","targetHints":{"allow":["GET"]}}],"collection":[{"href":"https:\/\/novatronicec.com\/index.php\/wp-json\/wp\/v2\/product"}],"about":[{"href":"https:\/\/novatronicec.com\/index.php\/wp-json\/wp\/v2\/types\/product"}],"wp:featuredmedia":[{"embeddable":true,"href":"https:\/\/novatronicec.com\/index.php\/wp-json\/wp\/v2\/media\/12837"}],"wp:attachment":[{"href":"https:\/\/novatronicec.com\/index.php\/wp-json\/wp\/v2\/media?parent=12835"}],"wp:term":[{"taxonomy":"product_brand","embeddable":true,"href":"https:\/\/novatronicec.com\/index.php\/wp-json\/wp\/v2\/product_brand?post=12835"},{"taxonomy":"product_cat","embeddable":true,"href":"https:\/\/novatronicec.com\/index.php\/wp-json\/wp\/v2\/product_cat?post=12835"},{"taxonomy":"product_tag","embeddable":true,"href":"https:\/\/novatronicec.com\/index.php\/wp-json\/wp\/v2\/product_tag?post=12835"}],"curies":[{"name":"wp","href":"https:\/\/api.w.org\/{rel}","templated":true}]}}