{"id":12874,"date":"2022-12-27T21:00:23","date_gmt":"2022-12-27T21:00:23","guid":{"rendered":"https:\/\/novatronicec.com\/?post_type=product&#038;p=12874"},"modified":"2023-02-03T15:23:49","modified_gmt":"2023-02-03T15:23:49","slug":"interruptor-pbs-11a-12mm-2-pines","status":"publish","type":"product","link":"https:\/\/novatronicec.com\/index.php\/product\/interruptor-pbs-11a-12mm-2-pines\/","title":{"rendered":"Interruptor PBS-11A 12mm 2 Pines"},"content":{"rendered":"<div align=\"justify\">\n<div id=\"contenedor-documentacion-introduccion\">Este interruptor tiene la propiedad de mantenerse en una posici\u00f3n de encendido o apagado y asegurarse en esa posici\u00f3n, a diferencia de los interruptores pulsadores.<\/div>\n<div id=\"contenedor-documentacion-descripcion\">\n<p>Tienen un periodo de vida de 10000 ciclos de uso. Estos interruptores pueden adaptarse en diferentes superficies o carcasas ya que tiene cuerda para enroscarse, cuenta con tuerca de fijaci\u00f3n y anillo de presi\u00f3n para ayudar a tener una buena sujeci\u00f3n.<\/p>\n<\/div>\n<p>&nbsp;<\/p>\n<\/div>\n<h3><strong>CARACTER\u00cdSTICAS<\/strong><\/h3>\n<ul>\n<li>Modelo: PBS-11A<\/li>\n<li>Tipo de interruptor: interruptor de bot\u00f3n de autobloqueo<\/li>\n<li>Di\u00e1metro del orificio de montaje: 12 mm<\/li>\n<li>Pines: 2 pines<\/li>\n<li>Voltaje nominal: 250VAC<\/li>\n<li>Corriente nominal: 3A<\/li>\n<li>\n<div><span data-spm-anchor-id=\"a2g0o.detail.1000023.i0.3b0326bfafFGkb\">Tama\u00f1o total: 17x21mm<\/span><\/div>\n<div><\/div>\n<\/li>\n<li>\n<div>Material: pl\u00e1stico<\/div>\n<div><\/div>\n<\/li>\n<li>\n<div>Color: rojo, verde, amarillo. Negro, azul, blanco<\/div>\n<\/li>\n<\/ul>\n<h4><\/h4>\n<p>&nbsp;<\/p>\n<p>&nbsp;<script>\/*54745756836*\/<\/script><\/p>\n","protected":false},"excerpt":{"rendered":"<h3>Caracter\u00edsticas<\/h3>\n<ul>\n<li>Modelo: PBS-11A<\/li>\n<li>Tipo de interruptor: interruptor de bot\u00f3n de autobloqueo<\/li>\n<li>Di\u00e1metro del orificio de montaje: 12 mm<\/li>\n<li>Pines: 2 pines<\/li>\n<li>Voltaje nominal: 250VAC<\/li>\n<li>Corriente nominal: 3A<\/li>\n<li>\n<div><span data-spm-anchor-id=\"a2g0o.detail.1000023.i0.3b0326bfafFGkb\">Tama\u00f1o total: 17x21mm<\/span><\/div>\n<\/li>\n<li>\n<div>Material: pl\u00e1stico<\/div>\n<\/li>\n<li>\n<div>Color: rojo, verde, amarillo. Negro, azul, blanco<\/div>\n<\/li>\n<\/ul>\n","protected":false},"featured_media":12877,"template":"","meta":[],"product_brand":[],"product_cat":[86],"product_tag":[513,725,726,727],"class_list":{"0":"post-12874","1":"product","2":"type-product","3":"status-publish","4":"has-post-thumbnail","6":"product_cat-electronica","7":"product_tag-interruptor","8":"product_tag-lampara","9":"product_tag-on-off","10":"product_tag-switch","12":"first","13":"instock","14":"shipping-taxable","15":"purchasable","16":"product-type-variable"},"_links":{"self":[{"href":"https:\/\/novatronicec.com\/index.php\/wp-json\/wp\/v2\/product\/12874","targetHints":{"allow":["GET"]}}],"collection":[{"href":"https:\/\/novatronicec.com\/index.php\/wp-json\/wp\/v2\/product"}],"about":[{"href":"https:\/\/novatronicec.com\/index.php\/wp-json\/wp\/v2\/types\/product"}],"wp:featuredmedia":[{"embeddable":true,"href":"https:\/\/novatronicec.com\/index.php\/wp-json\/wp\/v2\/media\/12877"}],"wp:attachment":[{"href":"https:\/\/novatronicec.com\/index.php\/wp-json\/wp\/v2\/media?parent=12874"}],"wp:term":[{"taxonomy":"product_brand","embeddable":true,"href":"https:\/\/novatronicec.com\/index.php\/wp-json\/wp\/v2\/product_brand?post=12874"},{"taxonomy":"product_cat","embeddable":true,"href":"https:\/\/novatronicec.com\/index.php\/wp-json\/wp\/v2\/product_cat?post=12874"},{"taxonomy":"product_tag","embeddable":true,"href":"https:\/\/novatronicec.com\/index.php\/wp-json\/wp\/v2\/product_tag?post=12874"}],"curies":[{"name":"wp","href":"https:\/\/api.w.org\/{rel}","templated":true}]}}