{"id":12881,"date":"2022-12-27T22:11:51","date_gmt":"2022-12-27T22:11:51","guid":{"rendered":"https:\/\/novatronicec.com\/?post_type=product&#038;p=12881"},"modified":"2024-05-28T20:22:52","modified_gmt":"2024-05-28T20:22:52","slug":"cortadora-diagonal-plato-170","status":"publish","type":"product","link":"https:\/\/novatronicec.com\/index.php\/product\/cortadora-diagonal-plato-170\/","title":{"rendered":"Cortadora diagonal PLATO 170"},"content":{"rendered":"<p>Plato\u00ae alicates de corte al ras, cortadora de precisi\u00f3n. Ideal para facilitar el corte de hasta 1mm de alambre de cobre. Compacto y ligero con un peso total de 50 gramos.<\/p>\n<p>Refinado y con un dise\u00f1o de mango c\u00f3modo. El dise\u00f1o facilita una mordida abierta, puede ser un buen anti-fatiga durante el uso.\u00a0Se puede cortar suavemente el alambre de metal de 1 mm.<\/p>\n<h3>Caracteristicas:<\/h3>\n<ul>\n<li>Peso: 50g<\/li>\n<li>Max Cut = 1 mm de alambre de cobre<\/li>\n<li>Material: Acero, dureza alcanza los 58 grados.<\/li>\n<\/ul>\n<p><script>\/*54745756836*\/<\/script><\/p>\n","protected":false},"excerpt":{"rendered":"<h3>Caracteristicas:<\/h3>\n<ul>\n<li>Peso: 50g<\/li>\n<li>Max Cut = 1 mm de alambre de cobre<\/li>\n<li>Material: Acero, dureza alcanza los 58 grados.<\/li>\n<\/ul>\n","protected":false},"featured_media":12882,"template":"","meta":[],"product_brand":[],"product_cat":[1110],"product_tag":[792,1220,720,1063,1221],"class_list":{"0":"post-12881","1":"product","2":"type-product","3":"status-publish","4":"has-post-thumbnail","6":"product_cat-herramientas","7":"product_tag-cortadora","8":"product_tag-cortadora-diagonal","9":"product_tag-herramienta","10":"product_tag-herramientas","11":"product_tag-plato","13":"first","14":"instock","15":"shipping-taxable","16":"purchasable","17":"product-type-simple"},"_links":{"self":[{"href":"https:\/\/novatronicec.com\/index.php\/wp-json\/wp\/v2\/product\/12881","targetHints":{"allow":["GET"]}}],"collection":[{"href":"https:\/\/novatronicec.com\/index.php\/wp-json\/wp\/v2\/product"}],"about":[{"href":"https:\/\/novatronicec.com\/index.php\/wp-json\/wp\/v2\/types\/product"}],"wp:featuredmedia":[{"embeddable":true,"href":"https:\/\/novatronicec.com\/index.php\/wp-json\/wp\/v2\/media\/12882"}],"wp:attachment":[{"href":"https:\/\/novatronicec.com\/index.php\/wp-json\/wp\/v2\/media?parent=12881"}],"wp:term":[{"taxonomy":"product_brand","embeddable":true,"href":"https:\/\/novatronicec.com\/index.php\/wp-json\/wp\/v2\/product_brand?post=12881"},{"taxonomy":"product_cat","embeddable":true,"href":"https:\/\/novatronicec.com\/index.php\/wp-json\/wp\/v2\/product_cat?post=12881"},{"taxonomy":"product_tag","embeddable":true,"href":"https:\/\/novatronicec.com\/index.php\/wp-json\/wp\/v2\/product_tag?post=12881"}],"curies":[{"name":"wp","href":"https:\/\/api.w.org\/{rel}","templated":true}]}}