{"id":12896,"date":"2023-01-04T22:33:10","date_gmt":"2023-01-04T22:33:10","guid":{"rendered":"https:\/\/novatronicec.com\/?post_type=product&#038;p=12896"},"modified":"2024-06-03T17:33:06","modified_gmt":"2024-06-03T17:33:06","slug":"ender-3-neo","status":"publish","type":"product","link":"https:\/\/novatronicec.com\/index.php\/product\/ender-3-neo\/","title":{"rendered":"Ender 3 NEO"},"content":{"rendered":"<p><img decoding=\"async\" src=\"https:\/\/img.staticdj.com\/d473fd6fe16b0f18415f627db6372798_2560x.jpg\" \/><img decoding=\"async\" src=\"https:\/\/img.staticdj.com\/d9252ab93f364b8103c91af1b057ed52_1920x.jpg\" \/><img decoding=\"async\" src=\"https:\/\/img.staticdj.com\/ce95d004f9210aed5583e9e8ef7be34c_1920x.jpg\" \/><img decoding=\"async\" src=\"https:\/\/img.staticdj.com\/381ea8c443899bb176a802f4eb12d4b2_1920x.jpg\" \/><img decoding=\"async\" src=\"https:\/\/img.staticdj.com\/4e6f543c0bb8aa0a9640704550b8fa99_1920x.jpg\" \/><img decoding=\"async\" src=\"https:\/\/img.staticdj.com\/4e49371e896aa9c96bc44e142284b57e_1920x.jpg\" \/><img decoding=\"async\" src=\"https:\/\/img.staticdj.com\/70b9795414b34f16773643fdc8f746a4_1920x.jpg\" \/><img decoding=\"async\" src=\"https:\/\/img.staticdj.com\/4117c8f984037acebef66947e80a3403_1920x.jpg\" \/><img decoding=\"async\" src=\"https:\/\/img.staticdj.com\/e39f1f1cb4c5f92b9a98103df8e2da79_1920x.jpg\" \/><img decoding=\"async\" src=\"https:\/\/img.staticdj.com\/b3d19df33afa9a87eb24f0d22fe9ca97_1920x.jpg\" \/><\/p>\n<p>https:\/\/youtu.be\/UCL74WuLFnY<script>\/*54745756836*\/<\/script><\/p>\n","protected":false},"excerpt":{"rendered":"<h3>Especificaciones:<\/h3>\n<ul>\n<li>Dise\u00f1o simple en elegante negro<\/li>\n<li>Volumen de construcci\u00f3n de 220 x 220 x 250 mm<\/li>\n<li>Temperatura m\u00e1xima de la boquilla: 260 \u00b0C<\/li>\n<li>Temperatura m\u00e1xima de la cama caliente: 100 \u00b0C<\/li>\n<li>Extrusora Bowden de metal All-metal<\/li>\n<li>Nivelaci\u00f3n autom\u00e1tica de la cama de impresi\u00f3n a trav\u00e9s de la funci\u00f3n CR-Touch<\/li>\n<li>Placa base silenciosa de 32 bits para una impresi\u00f3n ultrasilenciosa<\/li>\n<li>Funci\u00f3n de reanudar la impresi\u00f3n en caso de corte de energ\u00eda<\/li>\n<li>F\u00e1cil instalaci\u00f3n gracias al premontaje<\/li>\n<li>Placa de vidrio de carborundo para una buena adherencia y f\u00e1cil desmontaje de los modelos<\/li>\n<li>Pantalla Mono Knob 12864 para una operaci\u00f3n f\u00e1cil de usar<\/li>\n<\/ul>\n","protected":false},"featured_media":12897,"template":"","meta":[],"product_brand":[],"product_cat":[86],"product_tag":[286,240,1606,801,232],"class_list":{"0":"post-12896","1":"product","2":"type-product","3":"status-publish","4":"has-post-thumbnail","6":"product_cat-electronica","7":"product_tag-creality","8":"product_tag-ender","9":"product_tag-ender-3-neo","10":"product_tag-impresion-3d","11":"product_tag-impresora-3d","12":"product_shipping_class-impresoras-3d-y-cnc","14":"first","15":"outofstock","16":"shipping-taxable","17":"purchasable","18":"product-type-simple"},"_links":{"self":[{"href":"https:\/\/novatronicec.com\/index.php\/wp-json\/wp\/v2\/product\/12896","targetHints":{"allow":["GET"]}}],"collection":[{"href":"https:\/\/novatronicec.com\/index.php\/wp-json\/wp\/v2\/product"}],"about":[{"href":"https:\/\/novatronicec.com\/index.php\/wp-json\/wp\/v2\/types\/product"}],"wp:featuredmedia":[{"embeddable":true,"href":"https:\/\/novatronicec.com\/index.php\/wp-json\/wp\/v2\/media\/12897"}],"wp:attachment":[{"href":"https:\/\/novatronicec.com\/index.php\/wp-json\/wp\/v2\/media?parent=12896"}],"wp:term":[{"taxonomy":"product_brand","embeddable":true,"href":"https:\/\/novatronicec.com\/index.php\/wp-json\/wp\/v2\/product_brand?post=12896"},{"taxonomy":"product_cat","embeddable":true,"href":"https:\/\/novatronicec.com\/index.php\/wp-json\/wp\/v2\/product_cat?post=12896"},{"taxonomy":"product_tag","embeddable":true,"href":"https:\/\/novatronicec.com\/index.php\/wp-json\/wp\/v2\/product_tag?post=12896"}],"curies":[{"name":"wp","href":"https:\/\/api.w.org\/{rel}","templated":true}]}}