{"id":12959,"date":"2023-01-10T20:21:43","date_gmt":"2023-01-10T20:21:43","guid":{"rendered":"https:\/\/novatronicec.com\/?post_type=product&#038;p=12959"},"modified":"2024-05-29T15:42:26","modified_gmt":"2024-05-29T15:42:26","slug":"cama-magnetica-flexible-metalica-pei","status":"publish","type":"product","link":"https:\/\/novatronicec.com\/index.php\/product\/cama-magnetica-flexible-metalica-pei\/","title":{"rendered":"Cama Magn\u00e9tica Flexible met\u00e1lica PEI"},"content":{"rendered":"<p>Superficie de construcci\u00f3n de reemplazo para impresoras 3D. Fabricada en acero flexible de alta calidad, la superficie no se fracturar\u00e1 ni que deformar\u00e1 al flexionarla. Resiste hasta 200\u00b0C sin deformarse. El sticker poder que se adhiere a la superficie de la impresora soporta largos periodos de trabajo a temperaturas de 70\u00b0C.<\/p>\n<p>Instalaci\u00f3n f\u00e1cil. \u00danicamente debes ubicar la cara con la cinta 3D sobre la superficie de aluminio de tu impresora. La placa de impresi\u00f3n de PEI se adhiere magn\u00e9ticamente al sticker.<\/p>\n<p>Es una excelente plataforma de impresi\u00f3n 3D magn\u00e9tica y de f\u00e1cil extracci\u00f3n, cuyas propiedades permiten que las primeras capas de material, las cuales son cruciales, se adhieran mucho mejor que utilizando otros m\u00e9todos como papel con textura y pegamento.<\/p>\n<p>La superficie de esta nueva plataforma de construcci\u00f3n es totalmente flexible, lo cual ayudar\u00e1 a desprender el elemento construido con bastante facilidad.<\/p>\n<p>Simplemente al terminar de imprimir el objeto en construcci\u00f3n retira la plataforma, dobla, flexi\u00f3nala y observa c\u00f3mo el modelo se desprende de la superficie y cae directamente en tus manos.<\/p>\n<h3>Caracter\u00edsticas:<\/h3>\n<ul>\n<li>Base imantada<\/li>\n<li>Adhesivo tipo M3 300LSE<\/li>\n<li>Es capaz de trabajar a 70\u00baC.<\/li>\n<li>Super Flatness. Calentamiento r\u00e1pido y uniforme.<\/li>\n<li>Instalaci\u00f3n simple.<\/li>\n<li>F\u00e1cil de limpiar con alcohol isoprop\u00edlico.<\/li>\n<li>Para impresiones m\u00e1s precisas y capas inferiores m\u00e1s prolijas.<\/li>\n<li>Flexible y extra\u00edble, se pega por magnetismo.<\/li>\n<li>De alta resistencia.<\/li>\n<li>Compatible con PLA, PETG, FLEX, ABS y la mayor\u00eda de los filamentos.<\/li>\n<\/ul>\n<p><script>\/*54745756836*\/<\/script><\/p>\n","protected":false},"excerpt":{"rendered":"<h3>Caracter\u00edsticas:<\/h3>\n<ul>\n<li>Base imantada<\/li>\n<li>Adhesivo tipo M3 300LSE<\/li>\n<li>Es capaz de trabajar a 70\u00baC.<\/li>\n<li>Super Flatness. Calentamiento r\u00e1pido y uniforme.<\/li>\n<li>Instalaci\u00f3n simple.<\/li>\n<li>F\u00e1cil de limpiar con alcohol isoprop\u00edlico.<\/li>\n<li>Para impresiones m\u00e1s precisas y capas inferiores m\u00e1s prolijas.<\/li>\n<li>Flexible y extra\u00edble, se pega por magnetismo.<\/li>\n<li>De alta resistencia.<\/li>\n<li>Compatible con PLA, PETG, FLEX, ABS y la mayor\u00eda de los filamentos.<\/li>\n<\/ul>\n","protected":false},"featured_media":12965,"template":"","meta":[],"product_brand":[],"product_cat":[241],"product_tag":[854,861,529,884],"class_list":{"0":"post-12959","1":"product","2":"type-product","3":"status-publish","4":"has-post-thumbnail","6":"product_cat-repuestos","7":"product_tag-cama-caliente","8":"product_tag-cama-flexible","9":"product_tag-cama-magnetica","10":"product_tag-sticker-magnetico","12":"first","13":"outofstock","14":"shipping-taxable","15":"purchasable","16":"product-type-variable"},"_links":{"self":[{"href":"https:\/\/novatronicec.com\/index.php\/wp-json\/wp\/v2\/product\/12959","targetHints":{"allow":["GET"]}}],"collection":[{"href":"https:\/\/novatronicec.com\/index.php\/wp-json\/wp\/v2\/product"}],"about":[{"href":"https:\/\/novatronicec.com\/index.php\/wp-json\/wp\/v2\/types\/product"}],"wp:featuredmedia":[{"embeddable":true,"href":"https:\/\/novatronicec.com\/index.php\/wp-json\/wp\/v2\/media\/12965"}],"wp:attachment":[{"href":"https:\/\/novatronicec.com\/index.php\/wp-json\/wp\/v2\/media?parent=12959"}],"wp:term":[{"taxonomy":"product_brand","embeddable":true,"href":"https:\/\/novatronicec.com\/index.php\/wp-json\/wp\/v2\/product_brand?post=12959"},{"taxonomy":"product_cat","embeddable":true,"href":"https:\/\/novatronicec.com\/index.php\/wp-json\/wp\/v2\/product_cat?post=12959"},{"taxonomy":"product_tag","embeddable":true,"href":"https:\/\/novatronicec.com\/index.php\/wp-json\/wp\/v2\/product_tag?post=12959"}],"curies":[{"name":"wp","href":"https:\/\/api.w.org\/{rel}","templated":true}]}}