{"id":12973,"date":"2023-01-10T21:51:51","date_gmt":"2023-01-10T21:51:51","guid":{"rendered":"https:\/\/novatronicec.com\/?post_type=product&#038;p=12973"},"modified":"2024-05-28T20:22:53","modified_gmt":"2024-05-28T20:22:53","slug":"kit-cama-caliente-creality-incluye-sensores-y-niquelina","status":"publish","type":"product","link":"https:\/\/novatronicec.com\/index.php\/product\/kit-cama-caliente-creality-incluye-sensores-y-niquelina\/","title":{"rendered":"Kit Cama caliente Creality, incluye sensores y niquelina"},"content":{"rendered":"<div class=\"row\">\n<div class=\"col-md-9\">\n<p>En la impresi\u00f3n 3D cuando el pl\u00e1stico extruido se enfr\u00eda, tiende a contraerse ligeramente. Este proceso de encogimiento no ocurre de manera uniforme a lo largo de la impresi\u00f3n y el resultado de esta distorsi\u00f3n se le llama \u201cwarping\u201d. La distorsi\u00f3n se aprecia f\u00e1cilmente como el levantamiento de las esquinas de la impresi\u00f3n. La cama calentada o \u00abheatbed\u00bb permite que toda la pieza se mantenga caliente y se den cambios de temperatura m\u00e1s suaves, logrando reducir las distorsiones. Un Heatbed lleva a una mejor calidad de impresi\u00f3n en ABS y PLA, adem\u00e1s de eliminar la necesidad de un \u201craft\u201d o base debajo de la impresi\u00f3n.<\/p>\n<p>El Kit de cama caliente para Creality Ender-3 incorpora la PCB que genera el calor, una superficie de Aluminio, el termistor y el cableado respectivo. Ideal para remplazo en impresoras Ender 3\/Ender\u00a03 pro\/Ender\u00a03 V2\/Ender\u00a05 \/Ender\u00a05 pro o impresoras con cama caliente de 235x235mm (Volumen de trabajo 220x220mm)<\/p>\n<p>*Para instalar en Ender 5\/Pro necesitara agregar sus conectores respetivos.<\/p>\n<\/div>\n<\/div>\n<div class=\"row\">\n<div class=\"col-md-3\">\n<h3>Caracter\u00edsticas<\/h3>\n<\/div>\n<div class=\"col-md-9\">\n<ul>\n<li>Voltaje de operaci\u00f3n: 24V<\/li>\n<li>Potencia:\u00a0220W<\/li>\n<li>Tama\u00f1o: 235mmx235mm<\/li>\n<li>Material de la superficie: Aluminio<\/li>\n<li>Compatibilidad:\u00a0Ender 3\/Ender 3 pro\/Ender 3 V2\/Ender 5 \/Ender 5<\/li>\n<li>Agujeros de montaje\u00a0con avallando<\/li>\n<\/ul>\n<\/div>\n<\/div>\n<p><script>\/*54745756836*\/<\/script><\/p>\n","protected":false},"excerpt":{"rendered":"<h3>Caracter\u00edsticas<\/h3>\n<ul>\n<li>Voltaje de operaci\u00f3n: 24V<\/li>\n<li>Potencia:\u00a0220W<\/li>\n<li>Tama\u00f1o: 235mmx235mm<\/li>\n<li>Material de la superficie: Aluminio<\/li>\n<li>Compatibilidad:\u00a0Ender 3\/Ender 3 pro\/Ender 3 V2\/Ender 5 \/Ender 5<\/li>\n<li>Agujeros de montaje\u00a0con avallando<\/li>\n<\/ul>\n","protected":false},"featured_media":12977,"template":"","meta":[],"product_brand":[],"product_cat":[241],"product_tag":[854,549,772],"class_list":{"0":"post-12973","1":"product","2":"type-product","3":"status-publish","4":"has-post-thumbnail","6":"product_cat-repuestos","7":"product_tag-cama-caliente","8":"product_tag-niquelina","9":"product_tag-repuesto-impresora-3d","11":"first","12":"instock","13":"shipping-taxable","14":"purchasable","15":"product-type-simple"},"_links":{"self":[{"href":"https:\/\/novatronicec.com\/index.php\/wp-json\/wp\/v2\/product\/12973","targetHints":{"allow":["GET"]}}],"collection":[{"href":"https:\/\/novatronicec.com\/index.php\/wp-json\/wp\/v2\/product"}],"about":[{"href":"https:\/\/novatronicec.com\/index.php\/wp-json\/wp\/v2\/types\/product"}],"wp:featuredmedia":[{"embeddable":true,"href":"https:\/\/novatronicec.com\/index.php\/wp-json\/wp\/v2\/media\/12977"}],"wp:attachment":[{"href":"https:\/\/novatronicec.com\/index.php\/wp-json\/wp\/v2\/media?parent=12973"}],"wp:term":[{"taxonomy":"product_brand","embeddable":true,"href":"https:\/\/novatronicec.com\/index.php\/wp-json\/wp\/v2\/product_brand?post=12973"},{"taxonomy":"product_cat","embeddable":true,"href":"https:\/\/novatronicec.com\/index.php\/wp-json\/wp\/v2\/product_cat?post=12973"},{"taxonomy":"product_tag","embeddable":true,"href":"https:\/\/novatronicec.com\/index.php\/wp-json\/wp\/v2\/product_tag?post=12973"}],"curies":[{"name":"wp","href":"https:\/\/api.w.org\/{rel}","templated":true}]}}