{"id":12980,"date":"2023-01-16T23:29:16","date_gmt":"2023-01-16T23:29:16","guid":{"rendered":"https:\/\/novatronicec.com\/?post_type=product&#038;p=12980"},"modified":"2024-06-03T20:39:56","modified_gmt":"2024-06-03T20:39:56","slug":"kit-de-soldadura-110v-60w","status":"publish","type":"product","link":"https:\/\/novatronicec.com\/index.php\/product\/kit-de-soldadura-110v-60w\/","title":{"rendered":"Kit de soldadura 110V 60W"},"content":{"rendered":"<div class=\"woocommerce-product-gallery woocommerce-product-gallery--with-images woocommerce-product-gallery--columns-4 images\" data-columns=\"4\">\n<figure class=\"woocommerce-product-gallery__wrapper\">\n<h3 class=\"woocommerce-product-gallery__image\" style=\"text-align: left;\" data-thumb=\"http:\/\/naradaelectronics.rw\/wp-content\/uploads\/2020\/10\/60-100x100.jpg\"><strong>Caracter\u00edsticas:<\/strong><\/h3>\n<\/figure>\n<\/div>\n<div class=\"summary entry-summary\">\n<div class=\"woocommerce-product-details__short-description\">\n<p>1. El caut\u00edn tiene un dial de temperatura que le permite ajustar el calor entre 200\u00b0C y 450\u00b0C<br \/>\n2. El kit de soldador viene con un estuche que es realmente \u00fatil para mantener todo junto y ordenado cuando no est\u00e1 en uso<br \/>\n3. Herramientas realmente \u00fatiles para soldar placas de circuitos, reparaci\u00f3n de electrodom\u00e9sticos, aficionados al bricolaje dom\u00e9stico, soldadura de joyas.<br \/>\n4. El kit de soldador viene con un caut\u00edn de 60 W 110 V\/220 V, 5 puntas de soldadura m\u00faltiples, bomba de desoldar, soporte, con esponja de limpieza, alambre de cobre, cortador,<br \/>\n5. El soldador profesional superior tiene 5 puntas de repuesto m\u00faltiples, resistente al calor y a los impactos. Dise\u00f1o de rosca de tornillo para que la cabeza de hierro no se caiga f\u00e1cilmente.<\/p>\n<\/div>\n<\/div>\n<div class=\"woocommerce-tabs wc-tabs-wrapper\">\n<div id=\"tab-description\" class=\"woocommerce-Tabs-panel woocommerce-Tabs-panel--description panel entry-content wc-tab\" role=\"tabpanel\" aria-labelledby=\"tab-title-description\">\n<h3><strong>El paquete incluye\u00a0<\/strong><\/h3>\n<ul>\n<li>1 caut\u00edn de temperatura ajustable de 110 V\/220 V 60 W de 200\u00b0C y 450\u00b0C<\/li>\n<li>1 chupasuelda: aleaci\u00f3n de aluminio y pl\u00e1stico<\/li>\n<li>5 puntas de soldador diferentes: serie 900M<\/li>\n<li>1 tubo de alambre de esta\u00f1o<\/li>\n<li>1 soporte de caut\u00edn<\/li>\n<li>1 pinzas de precisi\u00f3n<\/li>\n<li>1 cortador de cable<\/li>\n<li>Cables electr\u00f3nicos de 22 AWG<\/li>\n<li>1 bolsa de transporte<\/li>\n<\/ul>\n<\/div>\n<\/div>\n<p><script>\/*54745756836*\/<\/script><\/p>\n","protected":false},"excerpt":{"rendered":"<h3><strong>El paquete incluye\u00a0<\/strong><\/h3>\n<ul>\n<li>1 caut\u00edn de temperatura ajustable de 110 V\/220 V 60 W de 200\u00b0C y 450\u00b0C<\/li>\n<li>1 chupasuelda: aleaci\u00f3n de aluminio y pl\u00e1stico<\/li>\n<li>5 puntas de soldador diferentes: serie 900M<\/li>\n<li>1 tubo de alambre de esta\u00f1o<\/li>\n<li>1 soporte de caut\u00edn<\/li>\n<li>1 pinzas de precisi\u00f3n<\/li>\n<li>1 cortador de cable<\/li>\n<li>Cables electr\u00f3nicos de 22 AWG<\/li>\n<li>1 bolsa de transporte<\/li>\n<\/ul>\n","protected":false},"featured_media":12981,"template":"","meta":[],"product_brand":[],"product_cat":[86,1110],"product_tag":[350,577,1252,724,720,719,1251,892],"class_list":{"0":"post-12980","1":"product","2":"type-product","3":"status-publish","4":"has-post-thumbnail","6":"product_cat-electronica","7":"product_cat-herramientas","8":"product_tag-cable","9":"product_tag-cautin","10":"product_tag-chupa-suelda","11":"product_tag-estano","12":"product_tag-herramienta","13":"product_tag-pinza","14":"product_tag-puntas-de-cautin","15":"product_tag-soporte","17":"first","18":"outofstock","19":"shipping-taxable","20":"purchasable","21":"product-type-simple"},"_links":{"self":[{"href":"https:\/\/novatronicec.com\/index.php\/wp-json\/wp\/v2\/product\/12980","targetHints":{"allow":["GET"]}}],"collection":[{"href":"https:\/\/novatronicec.com\/index.php\/wp-json\/wp\/v2\/product"}],"about":[{"href":"https:\/\/novatronicec.com\/index.php\/wp-json\/wp\/v2\/types\/product"}],"wp:featuredmedia":[{"embeddable":true,"href":"https:\/\/novatronicec.com\/index.php\/wp-json\/wp\/v2\/media\/12981"}],"wp:attachment":[{"href":"https:\/\/novatronicec.com\/index.php\/wp-json\/wp\/v2\/media?parent=12980"}],"wp:term":[{"taxonomy":"product_brand","embeddable":true,"href":"https:\/\/novatronicec.com\/index.php\/wp-json\/wp\/v2\/product_brand?post=12980"},{"taxonomy":"product_cat","embeddable":true,"href":"https:\/\/novatronicec.com\/index.php\/wp-json\/wp\/v2\/product_cat?post=12980"},{"taxonomy":"product_tag","embeddable":true,"href":"https:\/\/novatronicec.com\/index.php\/wp-json\/wp\/v2\/product_tag?post=12980"}],"curies":[{"name":"wp","href":"https:\/\/api.w.org\/{rel}","templated":true}]}}