{"id":12989,"date":"2023-01-16T23:53:03","date_gmt":"2023-01-16T23:53:03","guid":{"rendered":"https:\/\/novatronicec.com\/?post_type=product&#038;p=12989"},"modified":"2026-01-20T20:21:12","modified_gmt":"2026-01-20T20:21:12","slug":"interruptor-kcd4-220v-4p","status":"publish","type":"product","link":"https:\/\/novatronicec.com\/index.php\/product\/interruptor-kcd4-220v-4p\/","title":{"rendered":"Interruptor KCD4 220V 4P"},"content":{"rendered":"<div align=\"justify\">\n<p>Este es un interruptor grande de servicio pesado con un indicador.\u00a0Tiene 6 pines, dos se usan para entrada y los otros cuatro se usan como salida.\u00a0El color de este interruptor es rojo brillante.\u00a0Puede soportar alta temperatura ambiente.\u00a0El interruptor ofrece un simple interruptor de encendido\/apagado en todas las salidas y entradas al mismo tiempo.\u00a0El interruptor est\u00e1 construido con material pl\u00e1stico de alta calidad que le da resistencia y dureza.\u00a0Las propiedades de uso y desgaste tambi\u00e9n son muy altas.\u00a0Puede funcionar durante m\u00e1s tiempo.\u00a0El ciclo de vida contin\u00faa durante aproximadamente 10.000 clics.\u00a0Tiene una indicaci\u00f3n simple O e I para su ayuda.\u00a0El indicador se ilumina cuando el interruptor est\u00e1 encendido.<\/p>\n<p><span class=\"a-list-item\">Ampliamente utilizado para varios tipos de productos el\u00e9ctricos, instrumentos, autom\u00f3viles, barcos, electrodom\u00e9sticos como productos electr\u00f3nicos de veh\u00edculos, dispositivos de comunicaci\u00f3n, productos militares, instrumentos de medici\u00f3n, calentador de agua a gas, varios electrodom\u00e9sticos peque\u00f1os, decoraci\u00f3n de luz, etc.<\/span><\/p>\n<\/div>\n<h3><strong>CARACTER\u00cdSTICAS<\/strong><\/h3>\n<ul>\n<li>Modelo: KCD4<\/li>\n<li>Pin de cableado: 4 agujas<\/li>\n<li>Posici\u00f3n: ON-OFF<\/li>\n<li>Color de la luz: rojo<\/li>\n<li>Tensi\u00f3n nominal: AC 16A 250V, AC 20A 125V<\/li>\n<li>Tama\u00f1o total: 1.220 x 0.984 x 1.378\u00a0in (largo x ancho x alto).<\/li>\n<li>Tama\u00f1o de instalaci\u00f3n: 1.063 x 0.827\u00a0in (largo x ancho).<\/li>\n<\/ul>\n<p>&nbsp;<\/p>\n<p><script>\/*54745756836*\/<\/script><\/p>\n","protected":false},"excerpt":{"rendered":"<h3>Caracter\u00edsticas<\/h3>\n<ul>\n<li>Modelo: KCD4<\/li>\n<li>Pin de cableado: 4 agujas<\/li>\n<li>Posici\u00f3n: ON-OFF<\/li>\n<li>Color de la luz: rojo<\/li>\n<li>Tensi\u00f3n nominal: AC 16A 250V, AC 20A 125V<\/li>\n<li>Tama\u00f1o total: 1.220 x 0.984 x 1.378\u00a0in (largo x ancho x alto).<\/li>\n<li>Tama\u00f1o de instalaci\u00f3n: 1.063 x 0.827\u00a0in (largo x ancho).<\/li>\n<\/ul>\n<p>&nbsp;<\/p>\n","protected":false},"featured_media":12991,"template":"","meta":[],"product_brand":[],"product_cat":[86],"product_tag":[513,725,726,727],"class_list":{"0":"post-12989","1":"product","2":"type-product","3":"status-publish","4":"has-post-thumbnail","6":"product_cat-electronica","7":"product_tag-interruptor","8":"product_tag-lampara","9":"product_tag-on-off","10":"product_tag-switch","12":"first","13":"instock","14":"shipping-taxable","15":"purchasable","16":"product-type-simple"},"_links":{"self":[{"href":"https:\/\/novatronicec.com\/index.php\/wp-json\/wp\/v2\/product\/12989","targetHints":{"allow":["GET"]}}],"collection":[{"href":"https:\/\/novatronicec.com\/index.php\/wp-json\/wp\/v2\/product"}],"about":[{"href":"https:\/\/novatronicec.com\/index.php\/wp-json\/wp\/v2\/types\/product"}],"wp:featuredmedia":[{"embeddable":true,"href":"https:\/\/novatronicec.com\/index.php\/wp-json\/wp\/v2\/media\/12991"}],"wp:attachment":[{"href":"https:\/\/novatronicec.com\/index.php\/wp-json\/wp\/v2\/media?parent=12989"}],"wp:term":[{"taxonomy":"product_brand","embeddable":true,"href":"https:\/\/novatronicec.com\/index.php\/wp-json\/wp\/v2\/product_brand?post=12989"},{"taxonomy":"product_cat","embeddable":true,"href":"https:\/\/novatronicec.com\/index.php\/wp-json\/wp\/v2\/product_cat?post=12989"},{"taxonomy":"product_tag","embeddable":true,"href":"https:\/\/novatronicec.com\/index.php\/wp-json\/wp\/v2\/product_tag?post=12989"}],"curies":[{"name":"wp","href":"https:\/\/api.w.org\/{rel}","templated":true}]}}