{"id":13098,"date":"2023-02-02T20:30:08","date_gmt":"2023-02-02T20:30:08","guid":{"rendered":"https:\/\/novatronicec.com\/?post_type=product&#038;p=13098"},"modified":"2025-04-30T22:55:32","modified_gmt":"2025-04-30T22:55:32","slug":"arreglo-de-sensor-reflectivo-qtr-8rc","status":"publish","type":"product","link":"https:\/\/novatronicec.com\/index.php\/product\/arreglo-de-sensor-reflectivo-qtr-8rc\/","title":{"rendered":"Arreglo de Sensor reflectivo QTR-8RC"},"content":{"rendered":"<p>El conjunto de sensores de reflectancia QTR-8RC est\u00e1 dise\u00f1ado como un sensor de l\u00ednea, pero puede usarse como un sensor de proximidad o reflectancia de uso general.\u00a0El m\u00f3dulo es un portador conveniente para ocho pares de emisor y receptor de IR (fototransistor) espaciados uniformemente a intervalos de 0,375&#8243; (9,525 mm). Para usar un sensor, primero debe cargar el nodo de salida aplicando un voltaje a su pin de SALIDA. Luego, puede leer la reflectancia retirando el voltaje aplicado externamente en el pin de SALIDA y cronometrando el tiempo que tarda el voltaje de salida en decaer debido al fototransistor integrado. Un tiempo de decaimiento m\u00e1s corto es una indicaci\u00f3n de una mayor reflexi\u00f3n. Este enfoque de medici\u00f3n tiene varias ventajas, especialmente cuando se combina con la capacidad del m\u00f3dulo QTR-8RC para apagar el LED:<\/p>\n<ul>\n<li>No se requiere un convertidor de anal\u00f3gico a digital (ADC)<\/li>\n<li>Sensibilidad mejorada sobre la salida anal\u00f3gica del divisor de voltaje<\/li>\n<li>La lectura paralela de m\u00faltiples sensores es posible con la mayor\u00eda de los microcontroladores<\/li>\n<li>La lectura paralela permite un uso optimizado de la opci\u00f3n de habilitaci\u00f3n de energ\u00eda LED<\/li>\n<\/ul>\n<p>Las salidas son todas independientes, pero los LED est\u00e1n dispuestos en pares para reducir a la mitad el consumo de corriente.\u00a0Los LED est\u00e1n controlados por un MOSFET con una compuerta normalmente alta, lo que permite que los LED se apaguen ajustando la compuerta MOSFET a un voltaje bajo.\u00a0Apagar los LED puede resultar ventajoso para limitar el consumo de energ\u00eda cuando los sensores no est\u00e1n en uso o para variar el brillo efectivo de los LED a trav\u00e9s del control PWM.<\/p>\n<p>Este sensor fue dise\u00f1ado para usarse con el tablero paralelo a la superficie que se est\u00e1 detectando.<\/p>\n<p>Las resistencias limitadoras de corriente LED para funcionamiento con 5 V est\u00e1n dispuestas en dos etapas;\u00a0esto permite una derivaci\u00f3n simple de una etapa para permitir el funcionamiento a 3,3 V. La corriente del LED es de aproximadamente 20 a 25 mA, lo que hace que el consumo total de la placa sea un poco menos de 100 mA.\u00a0El diagrama esquem\u00e1tico del m\u00f3dulo se muestra a continuaci\u00f3n:<\/p>\n<p>&nbsp;<\/p>\n<table class=\"picture_with_caption center wide\">\n<tbody>\n<tr>\n<td><img decoding=\"async\" class=\"wide\" src=\"https:\/\/a.pololu-files.com\/picture\/0J629.650.png?3eefac30beca66e1919bcfe3dfa78bf3\" alt=\"\" data-gallery-pictures=\"[{&quot;id&quot;:&quot;0J629&quot;,&quot;caption&quot;:&quot;\\u003cp\\u003eSchematic diagram of the QTR-8RC reflectance sensor array.\\u003c\/p\\u003e&quot;,&quot;url_tiny&quot;:&quot;https:\/\/a.pololu-files.com\/picture\/0J629.98x98.jpg?3eefac30beca66e1919bcfe3dfa78bf3&quot;,&quot;url_medium&quot;:&quot;https:\/\/a.pololu-files.com\/picture\/0J629.600x480.jpg?3eefac30beca66e1919bcfe3dfa78bf3&quot;,&quot;url_full&quot;:&quot;https:\/\/a.pololu-files.com\/picture\/0J629.1200.png?3eefac30beca66e1919bcfe3dfa78bf3&quot;,&quot;longest_side&quot;:650}]\" data-picture-id=\"0J629\" data-picture-longest_side=\"650\" \/><\/td>\n<\/tr>\n<\/tbody>\n<\/table>\n<p>&nbsp;<\/p>\n<p>Para una matriz similar con tres sensores, considere nuestra\u00a0matriz de sensores de reflectancia QTR-3RC\u00a0.\u00a0Los sensores del QTR-8RC tambi\u00e9n est\u00e1n disponibles individualmente como\u00a0sensor de reflectancia QTR-1RC\u00a0, y el\u00a0QTR-L-1RC\u00a0es una alternativa dise\u00f1ada para usarse con la placa perpendicular a la superficie.<\/p>\n<p>&nbsp;<\/p>\n<table class=\"picture_with_caption center\">\n<tbody>\n<tr>\n<td><a class=\"noscript-fallback\" href=\"https:\/\/a.pololu-files.com\/picture\/0J4642.1200.jpg?9ae24a3959a88fee8dd66d333023e2dc\" target=\"_blank\" rel=\"noopener\"><img decoding=\"async\" class=\"zoomable\" src=\"https:\/\/a.pololu-files.com\/picture\/0J4642.400.jpg?9ae24a3959a88fee8dd66d333023e2dc\" alt=\"\" data-gallery-pictures=\"[{&quot;id&quot;:&quot;0J4642&quot;,&quot;caption&quot;:&quot;\\u003cp\\u003eQTR sensor size comparison. Top row: QTRX-HD-07, QTR-HD-07; middle row: QTR-3, QTR-1, QTR-L-1; bottom row: QTR-8.\\u003c\/p\\u003e&quot;,&quot;url_tiny&quot;:&quot;https:\/\/a.pololu-files.com\/picture\/0J4642.98x98.jpg?9ae24a3959a88fee8dd66d333023e2dc&quot;,&quot;url_medium&quot;:&quot;https:\/\/a.pololu-files.com\/picture\/0J4642.600x480.jpg?9ae24a3959a88fee8dd66d333023e2dc&quot;,&quot;url_full&quot;:&quot;https:\/\/a.pololu-files.com\/picture\/0J4642.1200.jpg?9ae24a3959a88fee8dd66d333023e2dc&quot;,&quot;longest_side&quot;:934}]\" data-picture-id=\"0J4642\" data-picture-longest_side=\"934\" \/><\/a><\/td>\n<\/tr>\n<tr>\n<th>Comparaci\u00f3n del tama\u00f1o del sensor QTR.\u00a0Fila superior: QTRX-HD-07, QTR-HD-07;\u00a0fila central: QTR-3, QTR-1, QTR-L-1;\u00a0fila inferior: QTR-8.<\/th>\n<\/tr>\n<\/tbody>\n<\/table>\n<h3>Especificaciones:<\/h3>\n<ul>\n<li>Dimensiones: 2,95&#8243; x 0,5&#8243; x 0,125&#8243; (sin pines de cabecera instalados)<\/li>\n<li>Voltaje de funcionamiento: 3,3-5,0 V<\/li>\n<li>Corriente de suministro: 100 mA<\/li>\n<li>Formato de salida: 8 se\u00f1ales digitales compatibles con E\/S que se pueden leer como un pulso alto temporizado<\/li>\n<li>Distancia de detecci\u00f3n \u00f3ptima: 0,125&#8243; (3 mm)<\/li>\n<li>Distancia de detecci\u00f3n m\u00e1xima recomendada: 0,375&#8243; (9,5 mm)<\/li>\n<li>Peso sin pasadores de cabecera: 3,09 g (0,11 oz)<\/li>\n<\/ul>\n<h3>Conexi\u00f3n de las salidas del QTR-8RC a las l\u00edneas de E\/S digitales<\/h3>\n<p>El m\u00f3dulo QTR-8RC tiene ocho salidas de sensor id\u00e9nticas que, al igual que Parallax QTI, requieren una l\u00ednea de E\/S digital capaz de impulsar la l\u00ednea de salida a un nivel alto y luego medir el tiempo que tarda el voltaje de salida en decaer.\u00a0La secuencia t\u00edpica para leer un sensor es:<\/p>\n<ol>\n<li>Encienda los LED IR (opcional).<\/li>\n<li>Establezca la l\u00ednea de E\/S en una salida y mant\u00e9ngala alta.<\/li>\n<li>Espere al menos 10 \u03bcs para que aumente la salida del sensor.<\/li>\n<li>Convierta la l\u00ednea de E\/S en una entrada (alta impedancia).<\/li>\n<li>Mida el tiempo que tarda el voltaje en decaer esperando que la l\u00ednea de E\/S baje.<\/li>\n<li>Apague los LED IR (opcional).<\/li>\n<\/ol>\n<p>Estos pasos normalmente se pueden ejecutar en paralelo en varias l\u00edneas de E\/S.<\/p>\n<p>Con una reflectancia fuerte, el tiempo de ca\u00edda puede ser tan bajo como varias decenas de microsegundos;\u00a0sin reflectancia, el tiempo de ca\u00edda puede ser de unos pocos milisegundos.\u00a0El tiempo exacto de la ca\u00edda depende de las caracter\u00edsticas de la l\u00ednea de E\/S de su microcontrolador.\u00a0Los resultados significativos pueden estar disponibles dentro de 1 ms en casos t\u00edpicos (es decir, cuando no se intenta medir diferencias sutiles en escenarios de baja reflectancia), lo que permite un muestreo de hasta 1 kHz de los 8 sensores.\u00a0Si el muestreo de baja frecuencia es suficiente, se pueden lograr ahorros sustanciales de energ\u00eda apagando los LED.\u00a0Por ejemplo, si una frecuencia de muestreo de 100 Hz es aceptable, los LED pueden estar apagados el 90 % del tiempo, lo que reduce el consumo de corriente promedio de 100 mA a 10 mA.<\/p>\n<h3>Romper el m\u00f3dulo en dos<\/h3>\n<p>Si no necesita o no puede colocar los ocho sensores, puede separar dos sensores y seguir usando los 8 sensores como dos m\u00f3dulos separados, como se muestra a continuaci\u00f3n.\u00a0La placa de circuito impreso se puede marcar desde ambos lados a lo largo de la perforaci\u00f3n y luego doblarla hasta que se rompa.\u00a0Cada una de las dos piezas resultantes funcionar\u00e1 como un sensor de l\u00ednea independiente.<\/p>\n<p>&nbsp;<\/p>\n<table class=\"picture_with_caption center wide\">\n<tbody>\n<tr>\n<td><img decoding=\"async\" class=\"wide\" src=\"https:\/\/a.pololu-files.com\/picture\/0J617.600.jpg?102e6e98a6f6ebbcc3720907b3ab9dc3\" alt=\"\" data-gallery-pictures=\"[{&quot;id&quot;:&quot;0J617&quot;,&quot;caption&quot;:&quot;\\u003cp\\u003eThe QTR-8A reflectance sensor can separate into two smaller, functional arrays of length 2 and 6.\\u003c\/p\\u003e&quot;,&quot;url_tiny&quot;:&quot;https:\/\/a.pololu-files.com\/picture\/0J617.98x98.jpg?102e6e98a6f6ebbcc3720907b3ab9dc3&quot;,&quot;url_medium&quot;:&quot;https:\/\/a.pololu-files.com\/picture\/0J617.600x480.jpg?102e6e98a6f6ebbcc3720907b3ab9dc3&quot;,&quot;url_full&quot;:&quot;https:\/\/a.pololu-files.com\/picture\/0J617.1200.jpg?102e6e98a6f6ebbcc3720907b3ab9dc3&quot;,&quot;longest_side&quot;:800}]\" data-picture-id=\"0J617\" data-picture-longest_side=\"800\" \/><\/td>\n<\/tr>\n<\/tbody>\n<\/table>\n<p>&nbsp;<\/p>\n<p>&nbsp;<\/p>\n<h3>Componentes incluidos<\/h3>\n<p>Este m\u00f3dulo se env\u00eda con una tira de encabezado de 25 pines de 0,1&#8243; y una resistencia de orificio pasante de 100 ohmios, como se muestra a continuaci\u00f3n.<\/p>\n<p>&nbsp;<\/p>\n<table class=\"picture_with_caption center wide\">\n<tbody>\n<tr>\n<td><img decoding=\"async\" class=\"wide\" src=\"https:\/\/a.pololu-files.com\/picture\/0J616.600.jpg?a5ee3588b721c1b00abed3493254096e\" alt=\"\" data-gallery-pictures=\"[{&quot;id&quot;:&quot;0J616&quot;,&quot;caption&quot;:&quot;\\u003cp\\u003eQTR-8A reflectance sensor array with included 25-pin 0.1\\u0026quot; header strip and 100\\u0026nbsp;Ohm through-hole resistor.\\u003c\/p\\u003e&quot;,&quot;url_tiny&quot;:&quot;https:\/\/a.pololu-files.com\/picture\/0J616.98x98.jpg?a5ee3588b721c1b00abed3493254096e&quot;,&quot;url_medium&quot;:&quot;https:\/\/a.pololu-files.com\/picture\/0J616.600x480.jpg?a5ee3588b721c1b00abed3493254096e&quot;,&quot;url_full&quot;:&quot;https:\/\/a.pololu-files.com\/picture\/0J616.1200.jpg?a5ee3588b721c1b00abed3493254096e&quot;,&quot;longest_side&quot;:800}]\" data-picture-id=\"0J616\" data-picture-longest_side=\"800\" \/><\/td>\n<\/tr>\n<\/tbody>\n<\/table>\n<p>&nbsp;<\/p>\n<p>Puede dividir la tira de cabecera en pedazos m\u00e1s peque\u00f1os y soldarlos a su conjunto de sensores de reflectancia seg\u00fan lo desee, o puede soldar los cables directamente a la unidad o usar una\u00a0tira de cabecera en \u00e1ngulo recto\u00a0para una instalaci\u00f3n m\u00e1s compacta.\u00a0Los pines del m\u00f3dulo est\u00e1n dispuestos de modo que se pueda acceder a todos mediante una tira de 11 \u00d7 1 o una tira de 8 \u00d7 2.<\/p>\n<p>La resistencia es necesaria para que la matriz de dos sensores funcione despu\u00e9s de que la matriz original de ocho sensores se rompa en dos partes.\u00a0Esta resistencia solo se necesita una vez que se ha roto la placa.<\/p>\n<p>&nbsp;<\/p>\n<table class=\"picture_with_caption center\">\n<tbody>\n<tr>\n<td><img decoding=\"async\" class=\"\" src=\"https:\/\/a.pololu-files.com\/picture\/0J619.300.jpg?641a4a815d8d27ec4fbcc7b0fd1abdd3\" alt=\"\" data-gallery-pictures=\"[{&quot;id&quot;:&quot;0J619&quot;,&quot;caption&quot;:&quot;\\u003cp\\u003eSolder the included resistor to the 2-sensor array piece as shown to make the separated piece functional.\\u003c\/p\\u003e&quot;,&quot;url_tiny&quot;:&quot;https:\/\/a.pololu-files.com\/picture\/0J619.98x98.jpg?641a4a815d8d27ec4fbcc7b0fd1abdd3&quot;,&quot;url_medium&quot;:&quot;https:\/\/a.pololu-files.com\/picture\/0J619.600x480.jpg?641a4a815d8d27ec4fbcc7b0fd1abdd3&quot;,&quot;url_full&quot;:&quot;https:\/\/a.pololu-files.com\/picture\/0J619.1200.jpg?641a4a815d8d27ec4fbcc7b0fd1abdd3&quot;,&quot;longest_side&quot;:600}]\" data-picture-id=\"0J619\" data-picture-longest_side=\"600\" \/><\/td>\n<\/tr>\n<tr>\n<th>Suelde la resistencia incluida a la pieza de matriz de 2 sensores como se muestra para que la pieza separada funcione.<\/th>\n<\/tr>\n<\/tbody>\n<\/table>\n<h3>Descargas:<\/h3>\n<ul>\n<li><a href=\"https:\/\/www.pololu.com\/docs\/0J19\">Libreria<\/a><\/li>\n<\/ul>\n<p><script>\/*54745756836*\/<\/script><\/p>\n","protected":false},"excerpt":{"rendered":"<h3>Especificaciones:<\/h3>\n<ul>\n<li>Dimensiones: 2,95&#8243; x 0,5&#8243; x 0,125&#8243; (sin pines de cabecera instalados)<\/li>\n<li>Voltaje de funcionamiento: 3,3-5,0 V<\/li>\n<li>Corriente de suministro: 100 mA<\/li>\n<li>Formato de salida: 8 se\u00f1ales digitales compatibles con E\/S que se pueden leer como un pulso alto temporizado<\/li>\n<li>Distancia de detecci\u00f3n \u00f3ptima: 0,125&#8243; (3 mm)<\/li>\n<li>Distancia de detecci\u00f3n m\u00e1xima recomendada: 0,375&#8243; (9,5 mm)<\/li>\n<li>Peso sin pasadores de cabecera: 3,09 g (0,11 oz)<\/li>\n<\/ul>\n","protected":false},"featured_media":13101,"template":"","meta":[],"product_brand":[],"product_cat":[69,45],"product_tag":[1270,1044,136,103,212,207,219,221],"class_list":{"0":"post-13098","1":"product","2":"type-product","3":"status-publish","4":"has-post-thumbnail","6":"product_cat-robotica","7":"product_cat-sensores","8":"product_tag-minisumo","9":"product_tag-pololu","10":"product_tag-robot","11":"product_tag-robotica","12":"product_tag-seguidor-de-linea","13":"product_tag-sensor","14":"product_tag-sharp","15":"product_tag-sumo","17":"first","18":"instock","19":"shipping-taxable","20":"purchasable","21":"product-type-simple"},"_links":{"self":[{"href":"https:\/\/novatronicec.com\/index.php\/wp-json\/wp\/v2\/product\/13098","targetHints":{"allow":["GET"]}}],"collection":[{"href":"https:\/\/novatronicec.com\/index.php\/wp-json\/wp\/v2\/product"}],"about":[{"href":"https:\/\/novatronicec.com\/index.php\/wp-json\/wp\/v2\/types\/product"}],"wp:featuredmedia":[{"embeddable":true,"href":"https:\/\/novatronicec.com\/index.php\/wp-json\/wp\/v2\/media\/13101"}],"wp:attachment":[{"href":"https:\/\/novatronicec.com\/index.php\/wp-json\/wp\/v2\/media?parent=13098"}],"wp:term":[{"taxonomy":"product_brand","embeddable":true,"href":"https:\/\/novatronicec.com\/index.php\/wp-json\/wp\/v2\/product_brand?post=13098"},{"taxonomy":"product_cat","embeddable":true,"href":"https:\/\/novatronicec.com\/index.php\/wp-json\/wp\/v2\/product_cat?post=13098"},{"taxonomy":"product_tag","embeddable":true,"href":"https:\/\/novatronicec.com\/index.php\/wp-json\/wp\/v2\/product_tag?post=13098"}],"curies":[{"name":"wp","href":"https:\/\/api.w.org\/{rel}","templated":true}]}}