{"id":13136,"date":"2023-02-03T15:31:52","date_gmt":"2023-02-03T15:31:52","guid":{"rendered":"https:\/\/novatronicec.com\/?post_type=product&#038;p=13136"},"modified":"2024-05-29T15:10:35","modified_gmt":"2024-05-29T15:10:35","slug":"par-de-ruedas-pololu-32x7mm","status":"publish","type":"product","link":"https:\/\/novatronicec.com\/index.php\/product\/par-de-ruedas-pololu-32x7mm\/","title":{"rendered":"Par de Ruedas Pololu 32\u00d77mm"},"content":{"rendered":"<p>Estas ruedas son excelentes para rob\u00f3tica, veh\u00edculos RC personalizados o cualquier otro proyecto que necesite para comenzar. Miden\u00a0<strong>32 mm (1,26\u2033)<\/strong> de di\u00e1metro y est\u00e1n dise\u00f1ados para encajar a presi\u00f3n de forma segura en los ejes de salida D con un di\u00e1metro de 3 mm. Son compatibles con muchos de nuestros motorreductores. Los neum\u00e1ticos de silicona incluidos, que cuentan con bandas de rodadura horizontales para mejorar la tracci\u00f3n.<\/p>\n<p>La siguiente imagen muestra esta rueda montada en un micromotorreductor de metal<\/p>\n<table class=\"side_by_side_pics\">\n<tbody>\n<tr>\n<td>\n<table class=\"picture_with_caption center\">\n<tbody>\n<tr>\n<td><a class=\"noscript-fallback\" href=\"https:\/\/a.pololu-files.com\/picture\/0J10238.1200.jpg?5e53ab8517715347c6c02ff0be749134\" target=\"_blank\" rel=\"noopener\"><img decoding=\"async\" class=\"zoomable\" src=\"https:\/\/a.pololu-files.com\/picture\/0J10238.200.jpg?5e53ab8517715347c6c02ff0be749134\" alt=\"\" data-gallery-pictures=\"[{&quot;id&quot;:&quot;0J10238&quot;,&quot;caption&quot;:&quot;\\u003cp\\u003ePololu Wheel 32\u00d77mm on a Micro Metal Gearmotor.\\u003c\/p\\u003e&quot;,&quot;url_tiny&quot;:&quot;https:\/\/a.pololu-files.com\/picture\/0J10238.98x98.jpg?5e53ab8517715347c6c02ff0be749134&quot;,&quot;url_medium&quot;:&quot;https:\/\/a.pololu-files.com\/picture\/0J10238.600x480.jpg?5e53ab8517715347c6c02ff0be749134&quot;,&quot;url_full&quot;:&quot;https:\/\/a.pololu-files.com\/picture\/0J10238.1200.jpg?5e53ab8517715347c6c02ff0be749134&quot;,&quot;longest_side&quot;:1200}]\" data-picture-id=\"0J10238\" data-picture-longest_side=\"1200\" \/><\/a><\/td>\n<\/tr>\n<tr>\n<th>Rueda Pololu 32 \u00d7 7 mm en un motorreductor Micro Metal.<\/th>\n<\/tr>\n<\/tbody>\n<\/table>\n<\/td>\n<\/tr>\n<\/tbody>\n<\/table>\n<p><script>\/*54745756836*\/<\/script><\/p>\n","protected":false},"excerpt":{"rendered":"<h2>Caracter\u00edsticas y especificaciones<\/h2>\n<ul>\n<li>Diametro: 32mm<\/li>\n<li>Colores: Negro | Blanco<\/li>\n<li>Material: ABS y silicona<\/li>\n<\/ul>\n","protected":false},"featured_media":13143,"template":"","meta":[],"product_brand":[],"product_cat":[68,69],"product_tag":[1270,1044,136,103,392,212,207,219,1035,221],"class_list":{"0":"post-13136","1":"product","2":"type-product","3":"status-publish","4":"has-post-thumbnail","6":"product_cat-llantas","7":"product_cat-robotica","8":"product_tag-minisumo","9":"product_tag-pololu","10":"product_tag-robot","11":"product_tag-robotica","12":"product_tag-rueda","13":"product_tag-seguidor-de-linea","14":"product_tag-sensor","15":"product_tag-sharp","16":"product_tag-silicona","17":"product_tag-sumo","19":"first","20":"instock","21":"shipping-taxable","22":"purchasable","23":"product-type-variable"},"_links":{"self":[{"href":"https:\/\/novatronicec.com\/index.php\/wp-json\/wp\/v2\/product\/13136","targetHints":{"allow":["GET"]}}],"collection":[{"href":"https:\/\/novatronicec.com\/index.php\/wp-json\/wp\/v2\/product"}],"about":[{"href":"https:\/\/novatronicec.com\/index.php\/wp-json\/wp\/v2\/types\/product"}],"wp:featuredmedia":[{"embeddable":true,"href":"https:\/\/novatronicec.com\/index.php\/wp-json\/wp\/v2\/media\/13143"}],"wp:attachment":[{"href":"https:\/\/novatronicec.com\/index.php\/wp-json\/wp\/v2\/media?parent=13136"}],"wp:term":[{"taxonomy":"product_brand","embeddable":true,"href":"https:\/\/novatronicec.com\/index.php\/wp-json\/wp\/v2\/product_brand?post=13136"},{"taxonomy":"product_cat","embeddable":true,"href":"https:\/\/novatronicec.com\/index.php\/wp-json\/wp\/v2\/product_cat?post=13136"},{"taxonomy":"product_tag","embeddable":true,"href":"https:\/\/novatronicec.com\/index.php\/wp-json\/wp\/v2\/product_tag?post=13136"}],"curies":[{"name":"wp","href":"https:\/\/api.w.org\/{rel}","templated":true}]}}