{"id":13159,"date":"2023-02-03T16:19:34","date_gmt":"2023-02-03T16:19:34","guid":{"rendered":"https:\/\/novatronicec.com\/?post_type=product&#038;p=13159"},"modified":"2024-05-29T15:06:20","modified_gmt":"2024-05-29T15:06:20","slug":"par-de-ruedas-pololu-60x8mm","status":"publish","type":"product","link":"https:\/\/novatronicec.com\/index.php\/product\/par-de-ruedas-pololu-60x8mm\/","title":{"rendered":"Par de Ruedas Pololu 60\u00d78mm"},"content":{"rendered":"<p>Estas ruedas son excelentes para rob\u00f3tica, veh\u00edculos RC personalizados o cualquier otro proyecto que necesite para comenzar. Miden <strong>60 mm (2,36\u2033)<\/strong>\u00a0de di\u00e1metro y est\u00e1n dise\u00f1ados para encajar a presi\u00f3n de forma segura en los ejes de salida D con un di\u00e1metro de 3 mm. Son compatibles con muchos de nuestros motorreductores. Los neum\u00e1ticos de silicona incluidos, que cuentan con bandas de rodadura horizontales para mejorar la tracci\u00f3n.<\/p>\n<p>Tiene dos orificios de montaje que\u00a0permiten usar la rueda con un acople de montaje universal\u00a0 con nuestros motores de engranajes met\u00e1licos\u00a0y\u00a0motores paso a paso m\u00e1s grandes.\u00a0Las ranuras de los cinco radios se ajustan a tornillos M2 y permiten montar accesorios adicionales en la rueda, como decoraciones o partes de un sistema codificador. Los neum\u00e1ticos de silicona incluidos, que cuentan con bandas de rodadura horizontales para mejorar la tracci\u00f3n.<script>\/*54745756836*\/<\/script><\/p>\n","protected":false},"excerpt":{"rendered":"<h2>Caracter\u00edsticas y especificaciones<\/h2>\n<ul>\n<li>Diametro: 60mm<\/li>\n<li>Colores: Negro | Blanco | Rojo | Amarillo | Azul<\/li>\n<li>Material: ABS y silicona<\/li>\n<\/ul>\n","protected":false},"featured_media":13167,"template":"","meta":[],"product_brand":[],"product_cat":[68,69],"product_tag":[1270,1044,136,103,392,212,207,219,1035,221],"class_list":{"0":"post-13159","1":"product","2":"type-product","3":"status-publish","4":"has-post-thumbnail","6":"product_cat-llantas","7":"product_cat-robotica","8":"product_tag-minisumo","9":"product_tag-pololu","10":"product_tag-robot","11":"product_tag-robotica","12":"product_tag-rueda","13":"product_tag-seguidor-de-linea","14":"product_tag-sensor","15":"product_tag-sharp","16":"product_tag-silicona","17":"product_tag-sumo","19":"first","20":"instock","21":"shipping-taxable","22":"purchasable","23":"product-type-variable"},"_links":{"self":[{"href":"https:\/\/novatronicec.com\/index.php\/wp-json\/wp\/v2\/product\/13159","targetHints":{"allow":["GET"]}}],"collection":[{"href":"https:\/\/novatronicec.com\/index.php\/wp-json\/wp\/v2\/product"}],"about":[{"href":"https:\/\/novatronicec.com\/index.php\/wp-json\/wp\/v2\/types\/product"}],"wp:featuredmedia":[{"embeddable":true,"href":"https:\/\/novatronicec.com\/index.php\/wp-json\/wp\/v2\/media\/13167"}],"wp:attachment":[{"href":"https:\/\/novatronicec.com\/index.php\/wp-json\/wp\/v2\/media?parent=13159"}],"wp:term":[{"taxonomy":"product_brand","embeddable":true,"href":"https:\/\/novatronicec.com\/index.php\/wp-json\/wp\/v2\/product_brand?post=13159"},{"taxonomy":"product_cat","embeddable":true,"href":"https:\/\/novatronicec.com\/index.php\/wp-json\/wp\/v2\/product_cat?post=13159"},{"taxonomy":"product_tag","embeddable":true,"href":"https:\/\/novatronicec.com\/index.php\/wp-json\/wp\/v2\/product_tag?post=13159"}],"curies":[{"name":"wp","href":"https:\/\/api.w.org\/{rel}","templated":true}]}}