{"id":13197,"date":"2023-02-03T17:06:30","date_gmt":"2023-02-03T17:06:30","guid":{"rendered":"https:\/\/novatronicec.com\/?post_type=product&#038;p=13197"},"modified":"2024-05-28T21:44:16","modified_gmt":"2024-05-28T21:44:16","slug":"par-de-ruedas-pololu-para-micro-servo-40-x-7mm","status":"publish","type":"product","link":"https:\/\/novatronicec.com\/index.php\/product\/par-de-ruedas-pololu-para-micro-servo-40-x-7mm\/","title":{"rendered":"Par de ruedas Pololu para Micro Servo 40 x 7mm"},"content":{"rendered":"<p>Estas ruedas son excelentes para rob\u00f3tica, veh\u00edculos RC personalizados o cualquier otro proyecto que necesite para comenzar.\u00a0Miden\u00a0<strong>40 mm (1,57\u2033)<\/strong>\u00a0de di\u00e1metro y est\u00e1n dise\u00f1ados para usarse con micro servos con\u00a0ranuras de\u00a0<strong>4,8 mm de di\u00e1metro con\u00a0<\/strong><strong>21 dientes<\/strong> , como los micro servos de rotaci\u00f3n continua.\u00a0La combinaci\u00f3n puede servir como un sistema de accionamiento peque\u00f1o, econ\u00f3mico y f\u00e1cil de controlar para un robot en miniatura.\u00a0La rueda presiona sobre la estr\u00eda del servo como una t\u00edpica bocina de servo, y el peque\u00f1o tornillo incluido con el paquete de accesorios del servo para montar las bocinas del servo se debe usar para mantener la rueda en su lugar.<\/p>\n<h2>Caracter\u00edsticas<\/h2>\n<ul>\n<li>Diametro: 40mm<\/li>\n<li>Ancho: 7mm<\/li>\n<li>Color: Rojo | Blanco | Negro<\/li>\n<li>Material: ABS y plastico<\/li>\n<\/ul>\n<p><script>\/*54745756836*\/<\/script><\/p>\n","protected":false},"excerpt":{"rendered":"<h2>Caracter\u00edsticas<\/h2>\n<ul>\n<li>Diametro: 40mm<\/li>\n<li>Ancho: 7mm<\/li>\n<li>Color: Rojo | Blanco | Negro<\/li>\n<li>Material: ABS y plastico<\/li>\n<\/ul>\n","protected":false},"featured_media":13200,"template":"","meta":[],"product_brand":[],"product_cat":[68,69],"product_tag":[1270,1044,136,103,392,212,207,219,1035,221],"class_list":{"0":"post-13197","1":"product","2":"type-product","3":"status-publish","4":"has-post-thumbnail","6":"product_cat-llantas","7":"product_cat-robotica","8":"product_tag-minisumo","9":"product_tag-pololu","10":"product_tag-robot","11":"product_tag-robotica","12":"product_tag-rueda","13":"product_tag-seguidor-de-linea","14":"product_tag-sensor","15":"product_tag-sharp","16":"product_tag-silicona","17":"product_tag-sumo","19":"first","20":"instock","21":"shipping-taxable","22":"purchasable","23":"product-type-variable"},"_links":{"self":[{"href":"https:\/\/novatronicec.com\/index.php\/wp-json\/wp\/v2\/product\/13197","targetHints":{"allow":["GET"]}}],"collection":[{"href":"https:\/\/novatronicec.com\/index.php\/wp-json\/wp\/v2\/product"}],"about":[{"href":"https:\/\/novatronicec.com\/index.php\/wp-json\/wp\/v2\/types\/product"}],"wp:featuredmedia":[{"embeddable":true,"href":"https:\/\/novatronicec.com\/index.php\/wp-json\/wp\/v2\/media\/13200"}],"wp:attachment":[{"href":"https:\/\/novatronicec.com\/index.php\/wp-json\/wp\/v2\/media?parent=13197"}],"wp:term":[{"taxonomy":"product_brand","embeddable":true,"href":"https:\/\/novatronicec.com\/index.php\/wp-json\/wp\/v2\/product_brand?post=13197"},{"taxonomy":"product_cat","embeddable":true,"href":"https:\/\/novatronicec.com\/index.php\/wp-json\/wp\/v2\/product_cat?post=13197"},{"taxonomy":"product_tag","embeddable":true,"href":"https:\/\/novatronicec.com\/index.php\/wp-json\/wp\/v2\/product_tag?post=13197"}],"curies":[{"name":"wp","href":"https:\/\/api.w.org\/{rel}","templated":true}]}}