{"id":13244,"date":"2023-02-07T22:12:25","date_gmt":"2023-02-07T22:12:25","guid":{"rendered":"https:\/\/novatronicec.com\/?post_type=product&#038;p=13244"},"modified":"2024-05-28T20:22:54","modified_gmt":"2024-05-28T20:22:54","slug":"sensor-touch-capacitivo-ttp223b","status":"publish","type":"product","link":"https:\/\/novatronicec.com\/index.php\/product\/sensor-touch-capacitivo-ttp223b\/","title":{"rendered":"Sensor Touch capacitivo TTP223B"},"content":{"rendered":"<p>Este m\u00f3dulo utiliza el circuito integrado TTP223B que es un sensor touch capacitivo. En su estado normal la salida del m\u00f3dulo se encuentra en cero l\u00f3gico y baja consumo de corriente, cuando un dedo toca la posici\u00f3n correspondiente la salido del m\u00f3dulo se activa en uno l\u00f3gico, sino se toca el modulo en 13 segundos vuelve a modo de bajo consumo.<\/p>\n<h3>Caracteristicas:<\/h3>\n<ul>\n<li>Voltaje de entrada: 2 ~ 5.5 VCD<\/li>\n<li>Salida alta: 0.8 VCD<\/li>\n<li>Salida baja: 0.3 VCD<\/li>\n<li>Tiempo de respuesta: 60 ms<\/li>\n<li>Tiempo de respuesta modo ahorro: 220 ms<\/li>\n<li>Dimensiones: 24 x 24 x\u00a03 mm<\/li>\n<li>Peso: 2.7 g<\/li>\n<\/ul>\n<h3>Descargas:<\/h3>\n<ul>\n<li><a href=\"https:\/\/www.youtube.com\/watch?v=EeFu7CtyXpc\">Video de funcionamiento\u00a0<\/a><\/li>\n<\/ul>\n<p><script>\/*54745756836*\/<\/script><\/p>\n","protected":false},"excerpt":{"rendered":"<h3>Caracteristicas:<\/h3>\n<ul>\n<li>Voltaje de operaci\u00f3n: 5V DC<\/li>\n<li>Corriente de trabajo: 50mA<\/li>\n<li>Rango de Temperaturas Termocupla K: -200\u00baC hasta 1300\u00baC<\/li>\n<li>Resoluci\u00f3n Transmisor MAX6675: 12 bits (0\u00baC &#8211; 1023\u00baC)<\/li>\n<li>Rango de temperatura MAX6675: 0\u00b0 &#8211; 1023\u00b0C<\/li>\n<li>Resoluci\u00f3n de temperatura: 0.25\u00baC<\/li>\n<li>Interfaz de comunicaci\u00f3n: SPI<\/li>\n<li>Posee agujeros para montaje<\/li>\n<li>Dimensiones: 25*15*13 mm<\/li>\n<li><\/li>\n<\/ul>\n","protected":false},"featured_media":13246,"template":"","meta":[],"product_brand":[],"product_cat":[86,45],"product_tag":[1277,365,685,1278],"class_list":{"0":"post-13244","1":"product","2":"type-product","3":"status-publish","4":"has-post-thumbnail","6":"product_cat-electronica","7":"product_cat-sensores","8":"product_tag-max31865","9":"product_tag-modulo","10":"product_tag-pt100","11":"product_tag-rtd","13":"first","14":"instock","15":"shipping-taxable","16":"purchasable","17":"product-type-simple"},"_links":{"self":[{"href":"https:\/\/novatronicec.com\/index.php\/wp-json\/wp\/v2\/product\/13244","targetHints":{"allow":["GET"]}}],"collection":[{"href":"https:\/\/novatronicec.com\/index.php\/wp-json\/wp\/v2\/product"}],"about":[{"href":"https:\/\/novatronicec.com\/index.php\/wp-json\/wp\/v2\/types\/product"}],"wp:featuredmedia":[{"embeddable":true,"href":"https:\/\/novatronicec.com\/index.php\/wp-json\/wp\/v2\/media\/13246"}],"wp:attachment":[{"href":"https:\/\/novatronicec.com\/index.php\/wp-json\/wp\/v2\/media?parent=13244"}],"wp:term":[{"taxonomy":"product_brand","embeddable":true,"href":"https:\/\/novatronicec.com\/index.php\/wp-json\/wp\/v2\/product_brand?post=13244"},{"taxonomy":"product_cat","embeddable":true,"href":"https:\/\/novatronicec.com\/index.php\/wp-json\/wp\/v2\/product_cat?post=13244"},{"taxonomy":"product_tag","embeddable":true,"href":"https:\/\/novatronicec.com\/index.php\/wp-json\/wp\/v2\/product_tag?post=13244"}],"curies":[{"name":"wp","href":"https:\/\/api.w.org\/{rel}","templated":true}]}}