{"id":13253,"date":"2023-02-10T23:05:12","date_gmt":"2023-02-10T23:05:12","guid":{"rendered":"https:\/\/novatronicec.com\/?post_type=product&#038;p=13253"},"modified":"2025-11-13T21:16:16","modified_gmt":"2025-11-13T21:16:16","slug":"panel-solar-12v-200ma-110136mm","status":"publish","type":"product","link":"https:\/\/novatronicec.com\/index.php\/product\/panel-solar-12v-200ma-110136mm\/","title":{"rendered":"Panel solar 12V 200mA 110*136mm"},"content":{"rendered":"<p>Alta tasa de conversi\u00f3n y rendimiento de eficiencia, excelente efecto con luz d\u00e9bil. Adecuado para cargar tel\u00e9fonos m\u00f3viles y peque\u00f1as bater\u00edas DC.<\/p>\n<p><strong>Caracter\u00edsticas:<\/strong><\/p>\n<ul>\n<li>Potencia: 2.4W.<\/li>\n<li>Amperaje: 200mAh.<\/li>\n<li>Voltaje: 12V.<\/li>\n<li>Material: Silicio monocristalino.<\/li>\n<li>Dimensiones: 110x 136 x 3mm.<\/li>\n<\/ul>\n<p><script>\/*54745756836*\/<\/script><\/p>\n","protected":false},"excerpt":{"rendered":"<p><strong>Caracter\u00edsticas:<\/strong><\/p>\n<ul>\n<li>Potencia: 2.4W.<\/li>\n<li>Amperaje: 200mAh.<\/li>\n<li>Voltaje: 12V.<\/li>\n<li>Material: Silicio monocristalino.<\/li>\n<li>Dimensiones: 110x 136 x 3mm.<\/li>\n<\/ul>\n","protected":false},"featured_media":13254,"template":"","meta":[],"product_brand":[],"product_cat":[86],"product_tag":[1281,1283,1282],"class_list":{"0":"post-13253","1":"product","2":"type-product","3":"status-publish","4":"has-post-thumbnail","6":"product_cat-electronica","7":"product_tag-panel","8":"product_tag-panel-solar","9":"product_tag-solar","11":"first","12":"instock","13":"shipping-taxable","14":"purchasable","15":"product-type-simple"},"_links":{"self":[{"href":"https:\/\/novatronicec.com\/index.php\/wp-json\/wp\/v2\/product\/13253","targetHints":{"allow":["GET"]}}],"collection":[{"href":"https:\/\/novatronicec.com\/index.php\/wp-json\/wp\/v2\/product"}],"about":[{"href":"https:\/\/novatronicec.com\/index.php\/wp-json\/wp\/v2\/types\/product"}],"wp:featuredmedia":[{"embeddable":true,"href":"https:\/\/novatronicec.com\/index.php\/wp-json\/wp\/v2\/media\/13254"}],"wp:attachment":[{"href":"https:\/\/novatronicec.com\/index.php\/wp-json\/wp\/v2\/media?parent=13253"}],"wp:term":[{"taxonomy":"product_brand","embeddable":true,"href":"https:\/\/novatronicec.com\/index.php\/wp-json\/wp\/v2\/product_brand?post=13253"},{"taxonomy":"product_cat","embeddable":true,"href":"https:\/\/novatronicec.com\/index.php\/wp-json\/wp\/v2\/product_cat?post=13253"},{"taxonomy":"product_tag","embeddable":true,"href":"https:\/\/novatronicec.com\/index.php\/wp-json\/wp\/v2\/product_tag?post=13253"}],"curies":[{"name":"wp","href":"https:\/\/api.w.org\/{rel}","templated":true}]}}