{"id":13273,"date":"2023-03-16T22:34:40","date_gmt":"2023-03-16T22:34:40","guid":{"rendered":"https:\/\/novatronicec.com\/?post_type=product&#038;p=13273"},"modified":"2026-01-30T14:59:27","modified_gmt":"2026-01-30T14:59:27","slug":"rueda-de-silicona-para-seguidor-de-linea-4023mm","status":"publish","type":"product","link":"https:\/\/novatronicec.com\/index.php\/product\/rueda-de-silicona-para-seguidor-de-linea-4023mm\/","title":{"rendered":"Rueda de silicona para seguidor de linea 40*23mm"},"content":{"rendered":"<div class=\"wpb-content-wrapper\"><p>[vc_row][vc_column][vc_column_text css=\u00bb\u00bb woodmart_inline=\u00bbno\u00bb text_larger=\u00bbno\u00bb]Par de llantas para robot seguidor de l\u00ednea.Uno de los componentes principales de cualquier robot son las llantas las cuales deben ser livianas y de alta adherencia, debido a esto ponemos a tu disposici\u00f3n llantas de diferentes tama\u00f1os y colores para que elijas las que m\u00e1s te gusten o se adecuen a tu robot.<\/p>\n<p>El rin de estas llantas es mecanizado en CNC y la goma es de caucho de silicona de dureza 10A.\u00a0El di\u00e1metro del agujero es de 3mm ya que es el est\u00e1ndar que manejan la mayor\u00eda de motores en el mercado.<\/p>\n<h3>Caracter\u00edsticas:<\/h3>\n<ul>\n<li>Di\u00e1metro exterior del Rin: 15 mm<\/li>\n<li>Di\u00e1metro interior del Rin: 12 mm<\/li>\n<li>Longitud: 40 mm<\/li>\n<li>Di\u00e1metro total Rin + Llanta: 23 mm<\/li>\n<li>Di\u00e1metro del eje: 3 mm (+\/- 0.02mm)<\/li>\n<li>Material del Rin: Aluminio<\/li>\n<li>Material de la goma: Caucho de silicona \u2013 dureza 10A<\/li>\n<li>Color: Amarillo, Verde, Negro, Rojo (se envia al azar)<\/li>\n<li>Incluye tornillos y llave Allen<\/li>\n<\/ul>\n<p><script>\/*54745756836*\/<\/script>[\/vc_column_text][\/vc_column][\/vc_row]<\/p>\n<\/div>","protected":false},"excerpt":{"rendered":"<h3>Caracter\u00edsticas:<\/h3>\n<ul>\n<li>Di\u00e1metro exterior del Rin: 15 mm<\/li>\n<li>Di\u00e1metro interior del Rin: 12 mm<\/li>\n<li>Longitud: 40 mm<\/li>\n<li>Di\u00e1metro total Rin + Llanta: 23 mm<\/li>\n<li>Di\u00e1metro del eje: 3 mm (+\/- 0.02mm)<\/li>\n<li>Material del Rin: Aluminio<\/li>\n<li>Material de la goma: Caucho de silicona \u2013 dureza 10A<\/li>\n<li>Color: Amarillo, Verde, Negro, Rojo <strong>(se envia al azar)<\/strong><\/li>\n<li>Incluye tornillos y llave Allen<\/li>\n<\/ul>\n","protected":false},"featured_media":13271,"template":"","meta":[],"product_brand":[],"product_cat":[68,69],"product_tag":[1286,1284,1143,136,212,1285,1035],"class_list":{"0":"post-13273","1":"product","2":"type-product","3":"status-publish","4":"has-post-thumbnail","6":"product_cat-llantas","7":"product_cat-robotica","8":"product_tag-adherencia","9":"product_tag-competencia","10":"product_tag-llantas","11":"product_tag-robot","12":"product_tag-seguidor-de-linea","13":"product_tag-silicon","14":"product_tag-silicona","16":"first","17":"instock","18":"shipping-taxable","19":"purchasable","20":"product-type-simple"},"_links":{"self":[{"href":"https:\/\/novatronicec.com\/index.php\/wp-json\/wp\/v2\/product\/13273","targetHints":{"allow":["GET"]}}],"collection":[{"href":"https:\/\/novatronicec.com\/index.php\/wp-json\/wp\/v2\/product"}],"about":[{"href":"https:\/\/novatronicec.com\/index.php\/wp-json\/wp\/v2\/types\/product"}],"wp:featuredmedia":[{"embeddable":true,"href":"https:\/\/novatronicec.com\/index.php\/wp-json\/wp\/v2\/media\/13271"}],"wp:attachment":[{"href":"https:\/\/novatronicec.com\/index.php\/wp-json\/wp\/v2\/media?parent=13273"}],"wp:term":[{"taxonomy":"product_brand","embeddable":true,"href":"https:\/\/novatronicec.com\/index.php\/wp-json\/wp\/v2\/product_brand?post=13273"},{"taxonomy":"product_cat","embeddable":true,"href":"https:\/\/novatronicec.com\/index.php\/wp-json\/wp\/v2\/product_cat?post=13273"},{"taxonomy":"product_tag","embeddable":true,"href":"https:\/\/novatronicec.com\/index.php\/wp-json\/wp\/v2\/product_tag?post=13273"}],"curies":[{"name":"wp","href":"https:\/\/api.w.org\/{rel}","templated":true}]}}