{"id":13422,"date":"2023-05-04T17:12:29","date_gmt":"2023-05-04T17:12:29","guid":{"rendered":"https:\/\/novatronicec.com\/?post_type=product&#038;p=13422"},"modified":"2026-01-17T18:10:10","modified_gmt":"2026-01-17T18:10:10","slug":"servo-sg90-9g-180-grados-2","status":"publish","type":"product","link":"https:\/\/novatronicec.com\/index.php\/product\/servo-sg90-9g-180-grados-2\/","title":{"rendered":"Servo SG90 9g 180 grados"},"content":{"rendered":"<p>El servo SG90 Tower Pro un servo miniatura de gran calidad y diminutas dimensiones, adem\u00e1s es bastante econ\u00f3mico. Funciona con la mayor\u00eda de tarjetas electr\u00f3nicas de control con microcontroladores y adem\u00e1s con la mayor\u00eda de los sistemas de radio control comerciales. Funciona especialmente bien en aeronaves dadas sus caracter\u00edsticas de torque, tama\u00f1o y peso.<\/p>\n<p>El servo SG90 tiene un conector universal tipo \u201cS\u201d que encaja perfectamente en la mayor\u00eda de los receptores de radio control incluyendo los Futaba, JR, GWS, Cirrus, Hitec y otros. Los cables en el conector est\u00e1n distribuidos de la siguiente forma: Rojo = Alimentaci\u00f3n (+), Cafe = Alimentaci\u00f3n (-) o tierra, Orange = Se\u00f1al PWM.<\/p>\n<p>Este tipo de servo es ideal para las primeras experiencias de aprendizaje y pr\u00e1cticas con servos, ya que sus requerimientos de energ\u00eda son bastante bajos y se permite alimentarlo con la misma fuente de alimentaci\u00f3n que el circuito de control. Por ejemplo, si se conecta a una tarjeta arduino, se puede alimentar durante las pruebas desde el puerto USB de la PC sin mayor problema.<\/p>\n<h2>Caracter\u00edsticas<\/h2>\n<ul>\n<li>Dimensiones (L x W xH) = 22.0 x 11.5 x 27 mm \u00a0(0.86 x 0.45 x 1.0 pulgadas)<\/li>\n<li>Peso: 9 gramos<\/li>\n<li>Peso con cable y conector: 10.6 gramos<\/li>\n<li>Torque a 4.8 volts: 16.7 oz\/in o 1.2 kg\/cm<\/li>\n<li>Voltaje de operaci\u00f3n: 4.0 a 7.2 volts<\/li>\n<li>Velocidad de giro a 4.8 volts: 0.12 seg \/ 60 \u00ba<\/li>\n<li>Conector universal para la mayor\u00eda de los receptores de radio control<\/li>\n<li>Compatible con tarjetas como Arduino y microcontroladores que funcionan a 5 volts.<\/li>\n<\/ul>\n<p><script>\/*54745756836*\/<\/script><\/p>\n","protected":false},"excerpt":{"rendered":"<h2>Caracter\u00edsticas<\/h2>\n<ul>\n<li>Dimensiones (L x W xH) = 22.0 x 11.5 x 27 mm \u00a0(0.86 x 0.45 x 1.0 pulgadas)<\/li>\n<li>Peso: 9 gramos<\/li>\n<li>Peso con cable y conector: 10.6 gramos<\/li>\n<li>Torque a 4.8 volts: 16.7 oz\/in o 1.2 kg\/cm<\/li>\n<li>Voltaje de operaci\u00f3n: 4.0 a 7.2 volts<\/li>\n<li>Velocidad de giro a 4.8 volts: 0.12 seg \/ 60 \u00ba<\/li>\n<li>Conector universal para la mayor\u00eda de los receptores de radio control<\/li>\n<li>Compatible con tarjetas como Arduino y microcontroladores que funcionan a 5 volts.<\/li>\n<\/ul>\n","protected":false},"featured_media":13425,"template":"","meta":[],"product_brand":[],"product_cat":[86,43,69],"product_tag":[1311,1310,154],"class_list":{"0":"post-13422","1":"product","2":"type-product","3":"status-publish","4":"has-post-thumbnail","6":"product_cat-electronica","7":"product_cat-motores-y-actuadores","8":"product_cat-robotica","9":"product_tag-180g","10":"product_tag-1310","11":"product_tag-servo","13":"first","14":"instock","15":"shipping-taxable","16":"purchasable","17":"product-type-simple"},"_links":{"self":[{"href":"https:\/\/novatronicec.com\/index.php\/wp-json\/wp\/v2\/product\/13422","targetHints":{"allow":["GET"]}}],"collection":[{"href":"https:\/\/novatronicec.com\/index.php\/wp-json\/wp\/v2\/product"}],"about":[{"href":"https:\/\/novatronicec.com\/index.php\/wp-json\/wp\/v2\/types\/product"}],"wp:featuredmedia":[{"embeddable":true,"href":"https:\/\/novatronicec.com\/index.php\/wp-json\/wp\/v2\/media\/13425"}],"wp:attachment":[{"href":"https:\/\/novatronicec.com\/index.php\/wp-json\/wp\/v2\/media?parent=13422"}],"wp:term":[{"taxonomy":"product_brand","embeddable":true,"href":"https:\/\/novatronicec.com\/index.php\/wp-json\/wp\/v2\/product_brand?post=13422"},{"taxonomy":"product_cat","embeddable":true,"href":"https:\/\/novatronicec.com\/index.php\/wp-json\/wp\/v2\/product_cat?post=13422"},{"taxonomy":"product_tag","embeddable":true,"href":"https:\/\/novatronicec.com\/index.php\/wp-json\/wp\/v2\/product_tag?post=13422"}],"curies":[{"name":"wp","href":"https:\/\/api.w.org\/{rel}","templated":true}]}}