{"id":13426,"date":"2023-05-04T17:35:32","date_gmt":"2023-05-04T17:35:32","guid":{"rendered":"https:\/\/novatronicec.com\/?post_type=product&#038;p=13426"},"modified":"2024-05-28T20:22:55","modified_gmt":"2024-05-28T20:22:55","slug":"kit-para-armar-robot-arana","status":"publish","type":"product","link":"https:\/\/novatronicec.com\/index.php\/product\/kit-para-armar-robot-arana\/","title":{"rendered":"Kit para armar robot ara\u00f1a"},"content":{"rendered":"<p>Este kit se trata de los componentes necesarios para la construcci\u00f3n de Robot ara\u00f1a (Spider Robot) o insecto DIY el\u00e9ctrico.\u00a0Este robot de ara\u00f1a inteligente de bricolaje es un kit ideal para desarrollar habilidades STEAM en ni\u00f1os. Consta de ocho patas se cruzan en su movimiento para reproducir con precisi\u00f3n los movimientos de arrastre de la ara\u00f1a.<\/p>\n<p>No se necesita pegamento ni tornillo para ensamblar el Robot.\u00a0Usando solo 1 bater\u00eda AA para alimentar el motor, la ara\u00f1a puede estar en funcionamiento en poco tiempo y al\u00a0alterar el patr\u00f3n de ensamblaje, puede ajustar su paso y ritmo de avance.<\/p>\n<h3>Caracter\u00edsticas<\/h3>\n<ul>\n<li>Ocho patas multiunidas duplican con precisi\u00f3n el movimiento de caminar de la ara\u00f1a real<\/li>\n<li>Carga por 1 bater\u00eda AA<\/li>\n<li>Hay un interruptor de encendido\/apagado y el robot ara\u00f1a se mueve autom\u00e1ticamente.<\/li>\n<\/ul>\n<p><script>\/*54745756836*\/<\/script><\/p>\n","protected":false},"excerpt":{"rendered":"<h3>Caracter\u00edsticas<\/h3>\n<ul>\n<li>Ocho patas multiunidas duplican con precisi\u00f3n el movimiento de caminar de la ara\u00f1a real<\/li>\n<li>Carga por 1 bater\u00eda AA<\/li>\n<li>Hay un interruptor de encendido\/apagado y el robot ara\u00f1a se mueve autom\u00e1ticamente.<\/li>\n<\/ul>\n","protected":false},"featured_media":13429,"template":"","meta":[],"product_brand":[],"product_cat":[86,69],"product_tag":[1312,639,136],"class_list":{"0":"post-13426","1":"product","2":"type-product","3":"status-publish","4":"has-post-thumbnail","6":"product_cat-electronica","7":"product_cat-robotica","8":"product_tag-arana","9":"product_tag-kit","10":"product_tag-robot","12":"first","13":"instock","14":"shipping-taxable","15":"purchasable","16":"product-type-simple"},"_links":{"self":[{"href":"https:\/\/novatronicec.com\/index.php\/wp-json\/wp\/v2\/product\/13426","targetHints":{"allow":["GET"]}}],"collection":[{"href":"https:\/\/novatronicec.com\/index.php\/wp-json\/wp\/v2\/product"}],"about":[{"href":"https:\/\/novatronicec.com\/index.php\/wp-json\/wp\/v2\/types\/product"}],"wp:featuredmedia":[{"embeddable":true,"href":"https:\/\/novatronicec.com\/index.php\/wp-json\/wp\/v2\/media\/13429"}],"wp:attachment":[{"href":"https:\/\/novatronicec.com\/index.php\/wp-json\/wp\/v2\/media?parent=13426"}],"wp:term":[{"taxonomy":"product_brand","embeddable":true,"href":"https:\/\/novatronicec.com\/index.php\/wp-json\/wp\/v2\/product_brand?post=13426"},{"taxonomy":"product_cat","embeddable":true,"href":"https:\/\/novatronicec.com\/index.php\/wp-json\/wp\/v2\/product_cat?post=13426"},{"taxonomy":"product_tag","embeddable":true,"href":"https:\/\/novatronicec.com\/index.php\/wp-json\/wp\/v2\/product_tag?post=13426"}],"curies":[{"name":"wp","href":"https:\/\/api.w.org\/{rel}","templated":true}]}}