{"id":13430,"date":"2023-05-04T17:41:56","date_gmt":"2023-05-04T17:41:56","guid":{"rendered":"https:\/\/novatronicec.com\/?post_type=product&#038;p=13430"},"modified":"2024-07-24T20:37:45","modified_gmt":"2024-07-24T20:37:45","slug":"kit-robot-theo-jansen","status":"publish","type":"product","link":"https:\/\/novatronicec.com\/index.php\/product\/kit-robot-theo-jansen\/","title":{"rendered":"Kit robot Theo Jansen"},"content":{"rendered":"<p>Juguete de modelo caminante alimentado por el viento, electricidad innecesaria o bater\u00edas ayudan, solo a mano o soplando contra la h\u00e9lice. Desarrolla la capacidad y el inter\u00e9s de los ni\u00f1os en la ciencia.<\/p>\n<h3>Caracter\u00edsticas<\/h3>\n<ul>\n<li>Alimentado por viento<\/li>\n<li>Tama\u00f1o: 7.9 pulgadas de largo x 5.1 pulgadas de ancho x 6.7 pulgadas de alto<\/li>\n<\/ul>\n<p><script>\/*54745756836*\/<\/script><\/p>\n","protected":false},"excerpt":{"rendered":"<h3>Caracter\u00edsticas<\/h3>\n<ul>\n<li>Alimentado por viento<\/li>\n<li>Tama\u00f1o: 7.9 pulgadas de largo x 5.1 pulgadas de ancho x 6.7 pulgadas de alto<\/li>\n<\/ul>\n","protected":false},"featured_media":13431,"template":"","meta":[],"product_brand":[],"product_cat":[69],"product_tag":[1314,639,136,1313],"class_list":{"0":"post-13430","1":"product","2":"type-product","3":"status-publish","4":"has-post-thumbnail","6":"product_cat-robotica","7":"product_tag-jansen","8":"product_tag-kit","9":"product_tag-robot","10":"product_tag-theo","12":"first","13":"instock","14":"shipping-taxable","15":"purchasable","16":"product-type-simple"},"_links":{"self":[{"href":"https:\/\/novatronicec.com\/index.php\/wp-json\/wp\/v2\/product\/13430","targetHints":{"allow":["GET"]}}],"collection":[{"href":"https:\/\/novatronicec.com\/index.php\/wp-json\/wp\/v2\/product"}],"about":[{"href":"https:\/\/novatronicec.com\/index.php\/wp-json\/wp\/v2\/types\/product"}],"wp:featuredmedia":[{"embeddable":true,"href":"https:\/\/novatronicec.com\/index.php\/wp-json\/wp\/v2\/media\/13431"}],"wp:attachment":[{"href":"https:\/\/novatronicec.com\/index.php\/wp-json\/wp\/v2\/media?parent=13430"}],"wp:term":[{"taxonomy":"product_brand","embeddable":true,"href":"https:\/\/novatronicec.com\/index.php\/wp-json\/wp\/v2\/product_brand?post=13430"},{"taxonomy":"product_cat","embeddable":true,"href":"https:\/\/novatronicec.com\/index.php\/wp-json\/wp\/v2\/product_cat?post=13430"},{"taxonomy":"product_tag","embeddable":true,"href":"https:\/\/novatronicec.com\/index.php\/wp-json\/wp\/v2\/product_tag?post=13430"}],"curies":[{"name":"wp","href":"https:\/\/api.w.org\/{rel}","templated":true}]}}