{"id":13464,"date":"2023-05-04T20:53:39","date_gmt":"2023-05-04T20:53:39","guid":{"rendered":"https:\/\/novatronicec.com\/?post_type=product&#038;p=13464"},"modified":"2024-05-28T20:22:56","modified_gmt":"2024-05-28T20:22:56","slug":"kit-robot-insecto-solar","status":"publish","type":"product","link":"https:\/\/novatronicec.com\/index.php\/product\/kit-robot-insecto-solar\/","title":{"rendered":"Kit robot Insecto Solar"},"content":{"rendered":"<p>Usando materiales acr\u00edlicos ecol\u00f3gicos, seguros, no t\u00f3xicos e inofensivos, los ni\u00f1os pueden jugar con facilidad.<\/p>\n<h3>Caracter\u00edsticas<\/h3>\n<ul>\n<li>Peso: 0.0800 kg<\/li>\n<li>Tama\u00f1o: 11.50 x 10.50 x 8.50 cm \/ 4.53 x 4.13 x 3.35 pulgadas<\/li>\n<\/ul>\n<p>&nbsp;<script>\/*54745756836*\/<\/script><\/p>\n","protected":false},"excerpt":{"rendered":"<h3>Caracter\u00edsticas<\/h3>\n<ul>\n<li>Peso: 0.0800 kg<\/li>\n<li>Tama\u00f1o: 11.50 x 10.50 x 8.50 cm \/ 4.53 x 4.13 x 3.35 pulgadas<\/li>\n<\/ul>\n","protected":false},"featured_media":13466,"template":"","meta":[],"product_brand":[],"product_cat":[86,69],"product_tag":[1329,639,136,1282],"class_list":{"0":"post-13464","1":"product","2":"type-product","3":"status-publish","4":"has-post-thumbnail","6":"product_cat-electronica","7":"product_cat-robotica","8":"product_tag-insecto","9":"product_tag-kit","10":"product_tag-robot","11":"product_tag-solar","13":"first","14":"instock","15":"shipping-taxable","16":"purchasable","17":"product-type-simple"},"_links":{"self":[{"href":"https:\/\/novatronicec.com\/index.php\/wp-json\/wp\/v2\/product\/13464","targetHints":{"allow":["GET"]}}],"collection":[{"href":"https:\/\/novatronicec.com\/index.php\/wp-json\/wp\/v2\/product"}],"about":[{"href":"https:\/\/novatronicec.com\/index.php\/wp-json\/wp\/v2\/types\/product"}],"wp:featuredmedia":[{"embeddable":true,"href":"https:\/\/novatronicec.com\/index.php\/wp-json\/wp\/v2\/media\/13466"}],"wp:attachment":[{"href":"https:\/\/novatronicec.com\/index.php\/wp-json\/wp\/v2\/media?parent=13464"}],"wp:term":[{"taxonomy":"product_brand","embeddable":true,"href":"https:\/\/novatronicec.com\/index.php\/wp-json\/wp\/v2\/product_brand?post=13464"},{"taxonomy":"product_cat","embeddable":true,"href":"https:\/\/novatronicec.com\/index.php\/wp-json\/wp\/v2\/product_cat?post=13464"},{"taxonomy":"product_tag","embeddable":true,"href":"https:\/\/novatronicec.com\/index.php\/wp-json\/wp\/v2\/product_tag?post=13464"}],"curies":[{"name":"wp","href":"https:\/\/api.w.org\/{rel}","templated":true}]}}