{"id":13496,"date":"2023-05-04T21:54:00","date_gmt":"2023-05-04T21:54:00","guid":{"rendered":"https:\/\/novatronicec.com\/?post_type=product&#038;p=13496"},"modified":"2025-09-09T21:42:32","modified_gmt":"2025-09-09T21:42:32","slug":"modulo-control-pwm-dc-con-botones-para-control-de-giro-y-paro-6-12-24v","status":"publish","type":"product","link":"https:\/\/novatronicec.com\/index.php\/product\/modulo-control-pwm-dc-con-botones-para-control-de-giro-y-paro-6-12-24v\/","title":{"rendered":"Modulo control PWM DC, con botones para control de giro y paro. 6\/12\/24V"},"content":{"rendered":"<p>Rel\u00e9 del controlador de velocidad del motor de CC interruptor de bot\u00f3n de desbloqueo de conmutaci\u00f3n hacia adelante y hacia atr\u00e1s, presione el motor para girar, soltarlo y detenerse.<\/p>\n<h3><strong>Caracter\u00edsticas:<\/strong><\/h3>\n<ul>\n<li>Voltaje de suministro de entrada: 6V &#8211; 24V CC<\/li>\n<li>Frecuencia PWM: 21kHz;<\/li>\n<li>Ciclo de trabajo ajustable: 0%-100%<\/li>\n<li>Clasificaci\u00f3n actual: 30A<\/li>\n<li>Potenci\u00f3metro con funci\u00f3n de interruptor<\/li>\n<li>Dimensiones del producto: 57*37*21mm<\/li>\n<\/ul>\n<p><script>\/*54745756836*\/<\/script><\/p>\n","protected":false},"excerpt":{"rendered":"<h3><strong>Caracter\u00edsticas:<\/strong><\/h3>\n<ul>\n<li>Voltaje de suministro de entrada: 6V &#8211; 24V CC<\/li>\n<li>Frecuencia PWM: 21kHz;<\/li>\n<li>Ciclo de trabajo ajustable: 0%-100%<\/li>\n<li>Clasificaci\u00f3n actual: 30A<\/li>\n<li>Potenci\u00f3metro con funci\u00f3n de interruptor<\/li>\n<li>Dimensiones del producto: 57*37*21mm<\/li>\n<\/ul>\n","protected":false},"featured_media":13497,"template":"","meta":[],"product_brand":[],"product_cat":[86,95],"product_tag":[435,1346,1345,1342,1324,1343,1341,1344],"class_list":{"0":"post-13496","1":"product","2":"type-product","3":"status-publish","4":"has-post-thumbnail","6":"product_cat-electronica","7":"product_cat-modulos-y-shields","8":"product_tag-12v","9":"product_tag-24v","10":"product_tag-6v","11":"product_tag-con-botones-para","12":"product_tag-control","13":"product_tag-giro","14":"product_tag-modulo-control-pwm-dc","15":"product_tag-paro","17":"first","18":"instock","19":"shipping-taxable","20":"purchasable","21":"product-type-simple"},"_links":{"self":[{"href":"https:\/\/novatronicec.com\/index.php\/wp-json\/wp\/v2\/product\/13496","targetHints":{"allow":["GET"]}}],"collection":[{"href":"https:\/\/novatronicec.com\/index.php\/wp-json\/wp\/v2\/product"}],"about":[{"href":"https:\/\/novatronicec.com\/index.php\/wp-json\/wp\/v2\/types\/product"}],"wp:featuredmedia":[{"embeddable":true,"href":"https:\/\/novatronicec.com\/index.php\/wp-json\/wp\/v2\/media\/13497"}],"wp:attachment":[{"href":"https:\/\/novatronicec.com\/index.php\/wp-json\/wp\/v2\/media?parent=13496"}],"wp:term":[{"taxonomy":"product_brand","embeddable":true,"href":"https:\/\/novatronicec.com\/index.php\/wp-json\/wp\/v2\/product_brand?post=13496"},{"taxonomy":"product_cat","embeddable":true,"href":"https:\/\/novatronicec.com\/index.php\/wp-json\/wp\/v2\/product_cat?post=13496"},{"taxonomy":"product_tag","embeddable":true,"href":"https:\/\/novatronicec.com\/index.php\/wp-json\/wp\/v2\/product_tag?post=13496"}],"curies":[{"name":"wp","href":"https:\/\/api.w.org\/{rel}","templated":true}]}}