{"id":13505,"date":"2023-05-04T22:15:25","date_gmt":"2023-05-04T22:15:25","guid":{"rendered":"https:\/\/novatronicec.com\/?post_type=product&#038;p=13505"},"modified":"2024-05-28T20:22:56","modified_gmt":"2024-05-28T20:22:56","slug":"juego-de-puntas-para-multimetro-puntas-roscables","status":"publish","type":"product","link":"https:\/\/novatronicec.com\/index.php\/product\/juego-de-puntas-para-multimetro-puntas-roscables\/","title":{"rendered":"Juego de puntas para multimetro, puntas roscables"},"content":{"rendered":"<p>untas de multimetro compatible con todos los modelos de multimetro, conector tipo banana, con clavija de prueba Cat III: 1000 V. Permite el f\u00e1cil acceso a ICS, LED, SMD, etc. Es s\u00faper afilado, puede f\u00e1cilmente medir a trav\u00e9s del cable cortex.<\/p>\n<p>Tienen la capacidad para soportar hasta 1000 Volts, por lo que podr\u00e1s utilizarlas al realizar mediciones de aparatos que requieran alto voltaje, soportan una corriente m\u00e1xima de 20 Amperes, \u00fatiles para probar equipos como transformadores, llaves, contactos, motores y muchos otros dispositivos con tu mismo mult\u00edmetro.<\/p>\n<p>Las puntas est\u00e1n elaboradas con una aleaci\u00f3n de N\u00edquel y Bronce, lo que resulta en un material de alta resistencia y durabilidad que te garantizan calidad y seguridad al momento de utilizarlas.<\/p>\n<p>Estas puntas son ideales para estudiantes, practicantes, profesionales en electr\u00f3nica y el\u00e9ctricos permiti\u00e9ndole adaptarse a sus m\u00faltiples usos desde los m\u00e1s sencillo hasta los m\u00e1s complejos, mant\u00e9n tu mult\u00edmetro siempre listo para el trabajo.<\/p>\n<h3>Especificaciones:<\/h3>\n<ul>\n<li>Cable reforzado de 60cm.<\/li>\n<li>Puntas descubiertas tipo aguja.<\/li>\n<li>Capacidad el\u00e9ctrica (1000V \/20A).<\/li>\n<li>Dos puntas color: negro y rojo<\/li>\n<li>Aleaci\u00f3n de N\u00edquel y Bronce<\/li>\n<\/ul>\n<p><script>\/*54745756836*\/<\/script><\/p>\n","protected":false},"excerpt":{"rendered":"<h3>Especificaciones:<\/h3>\n<ul>\n<li>Cable reforzado de 60cm.<\/li>\n<li>Puntas descubiertas tipo aguja.<\/li>\n<li>Capacidad el\u00e9ctrica (1000V \/20A).<\/li>\n<li>Dos puntas color: negro y rojo<\/li>\n<li>Aleaci\u00f3n de N\u00edquel y Bronce<\/li>\n<\/ul>\n","protected":false},"featured_media":13506,"template":"","meta":[],"product_brand":[],"product_cat":[86],"product_tag":[1350,639,1062,1066],"class_list":{"0":"post-13505","1":"product","2":"type-product","3":"status-publish","4":"has-post-thumbnail","6":"product_cat-electronica","7":"product_tag-juego","8":"product_tag-kit","9":"product_tag-multimetro","10":"product_tag-puntas","12":"first","13":"instock","14":"shipping-taxable","15":"purchasable","16":"product-type-simple"},"_links":{"self":[{"href":"https:\/\/novatronicec.com\/index.php\/wp-json\/wp\/v2\/product\/13505","targetHints":{"allow":["GET"]}}],"collection":[{"href":"https:\/\/novatronicec.com\/index.php\/wp-json\/wp\/v2\/product"}],"about":[{"href":"https:\/\/novatronicec.com\/index.php\/wp-json\/wp\/v2\/types\/product"}],"wp:featuredmedia":[{"embeddable":true,"href":"https:\/\/novatronicec.com\/index.php\/wp-json\/wp\/v2\/media\/13506"}],"wp:attachment":[{"href":"https:\/\/novatronicec.com\/index.php\/wp-json\/wp\/v2\/media?parent=13505"}],"wp:term":[{"taxonomy":"product_brand","embeddable":true,"href":"https:\/\/novatronicec.com\/index.php\/wp-json\/wp\/v2\/product_brand?post=13505"},{"taxonomy":"product_cat","embeddable":true,"href":"https:\/\/novatronicec.com\/index.php\/wp-json\/wp\/v2\/product_cat?post=13505"},{"taxonomy":"product_tag","embeddable":true,"href":"https:\/\/novatronicec.com\/index.php\/wp-json\/wp\/v2\/product_tag?post=13505"}],"curies":[{"name":"wp","href":"https:\/\/api.w.org\/{rel}","templated":true}]}}