{"id":13521,"date":"2023-05-25T15:25:58","date_gmt":"2023-05-25T15:25:58","guid":{"rendered":"https:\/\/novatronicec.com\/?post_type=product&#038;p=13521"},"modified":"2024-05-28T20:22:57","modified_gmt":"2024-05-28T20:22:57","slug":"servomotor-sg90-360-grados","status":"publish","type":"product","link":"https:\/\/novatronicec.com\/index.php\/product\/servomotor-sg90-360-grados\/","title":{"rendered":"Servomotor SG90 360 grados"},"content":{"rendered":"<p>Micro servo con control de giro de 360 grados de rotaci\u00f3n continua. Ideal para proyectos peque\u00f1os de rob\u00f3tica o mecatr\u00f3nica que no requieren gran par de torsi\u00f3n. Permite trabajar con diversidad de plataformas de desarrollo como Arduino, PICs, Raspberry Pi, o en general a cualquier microcontrolador.<\/p>\n<h4>CARACTER\u00cdSTICAS:<\/h4>\n<ul>\n<li>Voltaje de Operaci\u00f3n: 3.0 \u2013 7.2V<\/li>\n<li>Velocidad: 0.1seg \/ 60 grados<\/li>\n<li>Torque reposo: 1.3Kg x cm (4.8V), 1.5Kg (6.0V)<\/li>\n<li>Ancho de pulso: 4useg (Dead band)<\/li>\n<li>Peso: 9g<\/li>\n<li>Engranajes: Nylon<\/li>\n<li>Dimensiones: 22*11.5*27 mm<\/li>\n<li>Longitud del conductor: 150mm<\/li>\n<\/ul>\n<p><script>\/*54745756836*\/<\/script><\/p>\n","protected":false},"excerpt":{"rendered":"<h3>Caracter\u00edsticas:<\/h3>\n<ul>\n<li>Voltaje de Operaci\u00f3n: 3.0 \u2013 7.2V<\/li>\n<li>Velocidad: 0.1seg \/ 60 grados<\/li>\n<li>Torque reposo: 1.3Kg x cm (4.8V), 1.5Kg (6.0V)<\/li>\n<li>Ancho de pulso: 4useg (Dead band)<\/li>\n<li>Peso: 9g<\/li>\n<li>Engranajes: Nylon<\/li>\n<li>Dimensiones: 22*11.5*27 mm<\/li>\n<li>Longitud del conductor: 150mm<\/li>\n<\/ul>\n","protected":false},"featured_media":13522,"template":"","meta":[],"product_brand":[],"product_cat":[86,43,69],"product_tag":[1353,153,159],"class_list":{"0":"post-13521","1":"product","2":"type-product","3":"status-publish","4":"has-post-thumbnail","6":"product_cat-electronica","7":"product_cat-motores-y-actuadores","8":"product_cat-robotica","9":"product_tag-1353","10":"product_tag-servomotor","11":"product_tag-sg90","13":"first","14":"instock","15":"shipping-taxable","16":"purchasable","17":"product-type-simple"},"_links":{"self":[{"href":"https:\/\/novatronicec.com\/index.php\/wp-json\/wp\/v2\/product\/13521","targetHints":{"allow":["GET"]}}],"collection":[{"href":"https:\/\/novatronicec.com\/index.php\/wp-json\/wp\/v2\/product"}],"about":[{"href":"https:\/\/novatronicec.com\/index.php\/wp-json\/wp\/v2\/types\/product"}],"wp:featuredmedia":[{"embeddable":true,"href":"https:\/\/novatronicec.com\/index.php\/wp-json\/wp\/v2\/media\/13522"}],"wp:attachment":[{"href":"https:\/\/novatronicec.com\/index.php\/wp-json\/wp\/v2\/media?parent=13521"}],"wp:term":[{"taxonomy":"product_brand","embeddable":true,"href":"https:\/\/novatronicec.com\/index.php\/wp-json\/wp\/v2\/product_brand?post=13521"},{"taxonomy":"product_cat","embeddable":true,"href":"https:\/\/novatronicec.com\/index.php\/wp-json\/wp\/v2\/product_cat?post=13521"},{"taxonomy":"product_tag","embeddable":true,"href":"https:\/\/novatronicec.com\/index.php\/wp-json\/wp\/v2\/product_tag?post=13521"}],"curies":[{"name":"wp","href":"https:\/\/api.w.org\/{rel}","templated":true}]}}