{"id":13531,"date":"2023-05-25T17:42:02","date_gmt":"2023-05-25T17:42:02","guid":{"rendered":"https:\/\/novatronicec.com\/?post_type=product&#038;p=13531"},"modified":"2024-05-28T20:22:57","modified_gmt":"2024-05-28T20:22:57","slug":"ads1115-conversor-analogo-a-digital","status":"publish","type":"product","link":"https:\/\/novatronicec.com\/index.php\/product\/ads1115-conversor-analogo-a-digital\/","title":{"rendered":"ADS1115 Conversor Analogo a digital"},"content":{"rendered":"<p>Est\u00e1 utilizando un sistema de control que no tiene entradas anal\u00f3gicas, como una Raspberry Pi, o su opci\u00f3n preferida se ha quedado sin pines de entrada anal\u00f3gica. Una forma de resolver su problema es utilizar esta placa, que contiene el convertidor de anal\u00f3gico a digital (ADC) ADS1115. Viene con todo lo que necesitas para empezar a trabajar y puedes conectar hasta 4 entradas anal\u00f3gicas independientes con rangos de voltaje de 0 a 5V.<\/p>\n<p>Otra buena caracter\u00edstica de esta tarjeta es que tiene dos direcciones que se pueden seleccionar a trav\u00e9s del pin ADDR. Esto significa que puede tener dos en su red I2C o incluso elegir la direcci\u00f3n para que sea compatible con sus otros dispositivos I2C.<\/p>\n<h3><strong>Caracter\u00edsticas<\/strong><\/h3>\n<ul>\n<li>Voltaje de alimentaci\u00f3n: 2.0V a 5.5V<\/li>\n<li>Consumo de corriente: 150uA<\/li>\n<li>Tasa de datos programable: 8SPS a 860SPS (SPS: muestras por segundo)<\/li>\n<li>Interfaz I2C, direcciones seleccionables por pines<\/li>\n<li>Cuatro entradas independientes o dos diferenciables.<\/li>\n<li>Comparador programable<\/li>\n<li>Esta placa \/ chip utiliza direcciones I2C de 7 bits entre 0x48-0x4B, seleccionable con el pin de entrada ADDR<\/li>\n<\/ul>\n<p><script>\/*54745756836*\/<\/script><\/p>\n","protected":false},"excerpt":{"rendered":"<h3><strong>Caracter\u00edsticas<\/strong><\/h3>\n<ul>\n<li>Voltaje de alimentaci\u00f3n: 2.0V a 5.5V<\/li>\n<li>Consumo de corriente: 150uA<\/li>\n<li>Tasa de datos programable: 8SPS a 860SPS (SPS: muestras por segundo)<\/li>\n<li>Interfaz I2C, direcciones seleccionables por pines<\/li>\n<li>Cuatro entradas independientes o dos diferenciables.<\/li>\n<li>Comparador programable<\/li>\n<li>Esta placa \/ chip utiliza direcciones I2C de 7 bits entre 0x48-0x4B, seleccionable con el pin de entrada ADDR<\/li>\n<\/ul>\n","protected":false},"featured_media":13532,"template":"","meta":[],"product_brand":[],"product_cat":[41,86],"product_tag":[1361,1362,1335,1363],"class_list":{"0":"post-13531","1":"product","2":"type-product","3":"status-publish","4":"has-post-thumbnail","6":"product_cat-drivers","7":"product_cat-electronica","8":"product_tag-ads1115","9":"product_tag-analogo","10":"product_tag-conversor","11":"product_tag-digital","13":"first","14":"instock","15":"shipping-taxable","16":"purchasable","17":"product-type-simple"},"_links":{"self":[{"href":"https:\/\/novatronicec.com\/index.php\/wp-json\/wp\/v2\/product\/13531","targetHints":{"allow":["GET"]}}],"collection":[{"href":"https:\/\/novatronicec.com\/index.php\/wp-json\/wp\/v2\/product"}],"about":[{"href":"https:\/\/novatronicec.com\/index.php\/wp-json\/wp\/v2\/types\/product"}],"wp:featuredmedia":[{"embeddable":true,"href":"https:\/\/novatronicec.com\/index.php\/wp-json\/wp\/v2\/media\/13532"}],"wp:attachment":[{"href":"https:\/\/novatronicec.com\/index.php\/wp-json\/wp\/v2\/media?parent=13531"}],"wp:term":[{"taxonomy":"product_brand","embeddable":true,"href":"https:\/\/novatronicec.com\/index.php\/wp-json\/wp\/v2\/product_brand?post=13531"},{"taxonomy":"product_cat","embeddable":true,"href":"https:\/\/novatronicec.com\/index.php\/wp-json\/wp\/v2\/product_cat?post=13531"},{"taxonomy":"product_tag","embeddable":true,"href":"https:\/\/novatronicec.com\/index.php\/wp-json\/wp\/v2\/product_tag?post=13531"}],"curies":[{"name":"wp","href":"https:\/\/api.w.org\/{rel}","templated":true}]}}