{"id":13580,"date":"2023-06-30T15:25:22","date_gmt":"2023-06-30T15:25:22","guid":{"rendered":"https:\/\/novatronicec.com\/?post_type=product&#038;p=13580"},"modified":"2024-05-28T20:22:57","modified_gmt":"2024-05-28T20:22:57","slug":"par-de-llantas-js2622s-26x22mm-silicona-acero-jsumo","status":"publish","type":"product","link":"https:\/\/novatronicec.com\/index.php\/product\/par-de-llantas-js2622s-26x22mm-silicona-acero-jsumo\/","title":{"rendered":"PAR DE LLANTAS JS2622S 26x22mm SILICONA &#8211; ACERO JSUMO"},"content":{"rendered":"<p>Par de llantas de acero con un neum\u00e1tico de silicona cuenta con buena tracci\u00f3n. Ideales para proyectos como Mini Sumo, Seguidores de l\u00ednea y robots en general.<\/p>\n<h3>Especificaciones<\/h3>\n<ul>\n<li>Modelo: JS2622S<\/li>\n<li>Tama\u00f1o: 26.5mm di\u00e1metro &#8211; 22mm ancho (Ancho de silicona: 19mm)<\/li>\n<li>Peso (individual): 25g<\/li>\n<li>Dureza de la silicona: 20 Shore<\/li>\n<li>Diametro de eje: 3mm<\/li>\n<li>Tornillo de fijaci\u00f3n M4<\/li>\n<\/ul>\n<h3>Incluye<\/h3>\n<ul>\n<li>2 llantas<\/li>\n<li>2 Tornillos de fijaci\u00f3n<\/li>\n<li>LLave Allen<\/li>\n<\/ul>\n<p><script>\/*54745756836*\/<\/script><\/p>\n","protected":false},"excerpt":{"rendered":"<h3>Especificaciones<\/h3>\n<ul>\n<li>Modelo: JS2622S<\/li>\n<li>Tama\u00f1o: 26.5mm di\u00e1metro &#8211; 22mm ancho (Ancho de silicona: 19mm)<\/li>\n<li>Peso (individual): 25g<\/li>\n<li>Dureza de la silicona: 20 Shore<\/li>\n<li>Diametro de eje: 3mm<\/li>\n<li>Tornillo de fijaci\u00f3n M4<\/li>\n<\/ul>\n","protected":false},"featured_media":13581,"template":"","meta":[],"product_brand":[],"product_cat":[69],"product_tag":[1372,1368,1143,177,1270,1370,212,1035,221],"class_list":{"0":"post-13580","1":"product","2":"type-product","3":"status-publish","4":"has-post-thumbnail","6":"product_cat-robotica","7":"product_tag-acero","8":"product_tag-jsumo","9":"product_tag-llantas","10":"product_tag-micromotor","11":"product_tag-minisumo","12":"product_tag-seguidor","13":"product_tag-seguidor-de-linea","14":"product_tag-silicona","15":"product_tag-sumo","17":"first","18":"instock","19":"shipping-taxable","20":"purchasable","21":"product-type-simple"},"_links":{"self":[{"href":"https:\/\/novatronicec.com\/index.php\/wp-json\/wp\/v2\/product\/13580","targetHints":{"allow":["GET"]}}],"collection":[{"href":"https:\/\/novatronicec.com\/index.php\/wp-json\/wp\/v2\/product"}],"about":[{"href":"https:\/\/novatronicec.com\/index.php\/wp-json\/wp\/v2\/types\/product"}],"wp:featuredmedia":[{"embeddable":true,"href":"https:\/\/novatronicec.com\/index.php\/wp-json\/wp\/v2\/media\/13581"}],"wp:attachment":[{"href":"https:\/\/novatronicec.com\/index.php\/wp-json\/wp\/v2\/media?parent=13580"}],"wp:term":[{"taxonomy":"product_brand","embeddable":true,"href":"https:\/\/novatronicec.com\/index.php\/wp-json\/wp\/v2\/product_brand?post=13580"},{"taxonomy":"product_cat","embeddable":true,"href":"https:\/\/novatronicec.com\/index.php\/wp-json\/wp\/v2\/product_cat?post=13580"},{"taxonomy":"product_tag","embeddable":true,"href":"https:\/\/novatronicec.com\/index.php\/wp-json\/wp\/v2\/product_tag?post=13580"}],"curies":[{"name":"wp","href":"https:\/\/api.w.org\/{rel}","templated":true}]}}