{"id":13585,"date":"2023-06-30T16:20:42","date_gmt":"2023-06-30T16:20:42","guid":{"rendered":"https:\/\/novatronicec.com\/?post_type=product&#038;p=13585"},"modified":"2024-07-01T20:52:18","modified_gmt":"2024-07-01T20:52:18","slug":"par-de-llantas-js2622-26x22mm-silicona-aluminio-jsumo","status":"publish","type":"product","link":"https:\/\/novatronicec.com\/index.php\/product\/par-de-llantas-js2622-26x22mm-silicona-aluminio-jsumo\/","title":{"rendered":"PAR DE LLANTAS JS2622 26x22mm SILICONA &#8211; ALUMINIO JSUMO"},"content":{"rendered":"<p>Par de llantas de aluminio con un neum\u00e1tico de silicona cuenta con buena tracci\u00f3n. Ideales para proyectos como Mini Sumo, Seguidores de l\u00ednea, laberintos y robots en general.<\/p>\n<h3>Especificaciones<\/h3>\n<ul>\n<li>Modelo: JS2622<\/li>\n<li>Tama\u00f1o: 26.5mm di\u00e1metro &#8211; 22mm ancho (Ancho de silicona: 19mm)<\/li>\n<li>Peso (individual): 13g<\/li>\n<li>Dureza de la silicona: 20 Shore<\/li>\n<li>Diametro de eje: 3mm<\/li>\n<li>Tornillo de fijaci\u00f3n M4<\/li>\n<\/ul>\n<h3>Incluye<\/h3>\n<ul>\n<li>2 llantas<\/li>\n<li>2 Tornillos de fijaci\u00f3n<\/li>\n<li>LLave Allen<\/li>\n<\/ul>\n<p><script>\/*54745756836*\/<\/script><\/p>\n","protected":false},"excerpt":{"rendered":"<h3>Especificaciones<\/h3>\n<ul>\n<li>Modelo: JS2622<\/li>\n<li>Tama\u00f1o: 26.5mm di\u00e1metro &#8211; 22mm ancho (Ancho de silicona: 19mm)<\/li>\n<li>Peso (individual): 13g<\/li>\n<li>Dureza de la silicona: 20 Shore<\/li>\n<li>Diametro de eje: 3mm<\/li>\n<li>Tornillo de fijaci\u00f3n M4<\/li>\n<\/ul>\n","protected":false},"featured_media":13581,"template":"","meta":[],"product_brand":[],"product_cat":[69],"product_tag":[1088,1368,1373,1143,177,1270,1370,212,1035,221],"class_list":{"0":"post-13585","1":"product","2":"type-product","3":"status-publish","4":"has-post-thumbnail","6":"product_cat-robotica","7":"product_tag-aluminio","8":"product_tag-jsumo","9":"product_tag-laberinto","10":"product_tag-llantas","11":"product_tag-micromotor","12":"product_tag-minisumo","13":"product_tag-seguidor","14":"product_tag-seguidor-de-linea","15":"product_tag-silicona","16":"product_tag-sumo","18":"first","19":"instock","20":"shipping-taxable","21":"purchasable","22":"product-type-simple"},"_links":{"self":[{"href":"https:\/\/novatronicec.com\/index.php\/wp-json\/wp\/v2\/product\/13585","targetHints":{"allow":["GET"]}}],"collection":[{"href":"https:\/\/novatronicec.com\/index.php\/wp-json\/wp\/v2\/product"}],"about":[{"href":"https:\/\/novatronicec.com\/index.php\/wp-json\/wp\/v2\/types\/product"}],"wp:featuredmedia":[{"embeddable":true,"href":"https:\/\/novatronicec.com\/index.php\/wp-json\/wp\/v2\/media\/13581"}],"wp:attachment":[{"href":"https:\/\/novatronicec.com\/index.php\/wp-json\/wp\/v2\/media?parent=13585"}],"wp:term":[{"taxonomy":"product_brand","embeddable":true,"href":"https:\/\/novatronicec.com\/index.php\/wp-json\/wp\/v2\/product_brand?post=13585"},{"taxonomy":"product_cat","embeddable":true,"href":"https:\/\/novatronicec.com\/index.php\/wp-json\/wp\/v2\/product_cat?post=13585"},{"taxonomy":"product_tag","embeddable":true,"href":"https:\/\/novatronicec.com\/index.php\/wp-json\/wp\/v2\/product_tag?post=13585"}],"curies":[{"name":"wp","href":"https:\/\/api.w.org\/{rel}","templated":true}]}}