{"id":13648,"date":"2023-06-30T22:23:59","date_gmt":"2023-06-30T22:23:59","guid":{"rendered":"https:\/\/novatronicec.com\/?post_type=product&#038;p=13648"},"modified":"2024-05-28T20:22:58","modified_gmt":"2024-05-28T20:22:58","slug":"control-remoto-microstar-jsumo","status":"publish","type":"product","link":"https:\/\/novatronicec.com\/index.php\/product\/control-remoto-microstar-jsumo\/","title":{"rendered":"CONTROL REMOTO MICROSTAR JSUMO"},"content":{"rendered":"<div><\/div>\n<p>El controlador Microstart es un innovador controlador revolucionario dise\u00f1ado por Jsumo con la gu\u00eda de los \u00e1rbitros de Jap\u00f3n.<\/p>\n<p>Est\u00e1 dise\u00f1ado para ser utilizado en competiciones de robots, especialmente en partidos de robots de sumo y mini sumo.\u00a0Es conveniente usarlo con el receptor Microstart.<\/p>\n<h3>Caracter\u00edsticas<\/h3>\n<ul>\n<li>Control remoto le permite controlar diferentes n\u00fameros de dohyo (desbloqueo, inicio y parada) con los botones.<\/li>\n<li>Contiene datos de cu\u00e1ntos partidos se llevaron a cabo en la p\u00e1gina de estad\u00edsticas. Los \u00e1rbitros pueden ver y criticar f\u00e1cilmente los datos.<\/li>\n<li><span>El voltaje de la bater\u00eda est\u00e1 vivo en la pantalla OLED.\u00a0<\/span><span>Puede verificar dicha carga de bater\u00eda.\u00a0<\/span><span>El control remoto Microstart lo alertar\u00e1 cuando las bater\u00edas est\u00e9n vac\u00edas o si caen por debajo del voltaje cr\u00edtico.<\/span><\/li>\n<li>Hay 3 potentes LED infrarrojos de gran angular en el control remoto,<span>\u00a0adem\u00e1s, hay salidas de LED adicionales en el lado izquierdo y derecho de la tarjeta.\u00a0Estas salidas se pueden conectar directamente a LED adicionales infrarrojos<\/span><\/li>\n<\/ul>\n<h3>Especificaciones<\/h3>\n<ul>\n<li>Peso: 67.5g<\/li>\n<li>Dimensiones: 101mm x 57mm x 20mm<\/li>\n<\/ul>\n<p><img decoding=\"async\" class=\"aligncenter\" src=\"https:\/\/jsumo.com\/Data\/EditorFiles\/products\/MicroStart-Remote-info-2.png\" alt=\"Funciones remotas de Microstart\" \/><\/p>\n<p>&nbsp;<script>\/*54745756836*\/<\/script><\/p>\n","protected":false},"excerpt":{"rendered":"<h3>Especificaciones<\/h3>\n<ul>\n<li>Peso: 67.5g<\/li>\n<li>Dimensiones: 101mm x 57mm x 20mm<\/li>\n<\/ul>\n","protected":false},"featured_media":13649,"template":"","meta":[],"product_brand":[],"product_cat":[69],"product_tag":[1249,1324,1368,1393,1379,1325,136,207,221,1391],"class_list":{"0":"post-13648","1":"product","2":"type-product","3":"status-publish","4":"has-post-thumbnail","6":"product_cat-robotica","7":"product_tag-caja-de-control","8":"product_tag-control","9":"product_tag-jsumo","10":"product_tag-microstart","11":"product_tag-mini-sumo","12":"product_tag-remoto","13":"product_tag-robot","14":"product_tag-sensor","15":"product_tag-sumo","16":"product_tag-xs1","18":"first","19":"instock","20":"shipping-taxable","21":"purchasable","22":"product-type-simple"},"_links":{"self":[{"href":"https:\/\/novatronicec.com\/index.php\/wp-json\/wp\/v2\/product\/13648","targetHints":{"allow":["GET"]}}],"collection":[{"href":"https:\/\/novatronicec.com\/index.php\/wp-json\/wp\/v2\/product"}],"about":[{"href":"https:\/\/novatronicec.com\/index.php\/wp-json\/wp\/v2\/types\/product"}],"wp:featuredmedia":[{"embeddable":true,"href":"https:\/\/novatronicec.com\/index.php\/wp-json\/wp\/v2\/media\/13649"}],"wp:attachment":[{"href":"https:\/\/novatronicec.com\/index.php\/wp-json\/wp\/v2\/media?parent=13648"}],"wp:term":[{"taxonomy":"product_brand","embeddable":true,"href":"https:\/\/novatronicec.com\/index.php\/wp-json\/wp\/v2\/product_brand?post=13648"},{"taxonomy":"product_cat","embeddable":true,"href":"https:\/\/novatronicec.com\/index.php\/wp-json\/wp\/v2\/product_cat?post=13648"},{"taxonomy":"product_tag","embeddable":true,"href":"https:\/\/novatronicec.com\/index.php\/wp-json\/wp\/v2\/product_tag?post=13648"}],"curies":[{"name":"wp","href":"https:\/\/api.w.org\/{rel}","templated":true}]}}