{"id":13665,"date":"2023-07-03T15:39:07","date_gmt":"2023-07-03T15:39:07","guid":{"rendered":"https:\/\/novatronicec.com\/?post_type=product&#038;p=13665"},"modified":"2024-05-28T20:22:58","modified_gmt":"2024-05-28T20:22:58","slug":"par-de-llantas-jsumo-js4311-43x11mm-jsumo","status":"publish","type":"product","link":"https:\/\/novatronicec.com\/index.php\/product\/par-de-llantas-jsumo-js4311-43x11mm-jsumo\/","title":{"rendered":"PAR DE LLANTAS JSUMO JS4311 43x11mm JSUMO"},"content":{"rendered":"<p>Ideal para robots m\u00e1s ligeros: por ejemplo, robots seguidores de l\u00ednea. Calidad de superficie perfecta con super alta tracci\u00f3n.<\/p>\n<h3>Caracter\u00edsticas<\/h3>\n<ul>\n<li>Modelo: JS4311<\/li>\n<li>Tama\u00f1o: 43mm de di\u00e1metro x 11mm de ancho<\/li>\n<li>Ancho de silicona: 8mm<\/li>\n<li>Peso(individual): 17.7g<\/li>\n<li>Dureza: 20 Shore A.<\/li>\n<li>Di\u00e1metro del orificio central: 3mm<\/li>\n<li>Tornillo de fijaci\u00f3n para eje del motor: M4 roscado.<\/li>\n<\/ul>\n<h3>Incluye<\/h3>\n<ul>\n<li>2 Ruedas<\/li>\n<li>2 Tornillos de fijaci\u00f3n M4<\/li>\n<li>1 Llave Allen<\/li>\n<\/ul>\n<p><script>\/*54745756836*\/<\/script><\/p>\n","protected":false},"excerpt":{"rendered":"<h3>Caracter\u00edsticas<\/h3>\n<ul>\n<li>Modelo: JS4311<\/li>\n<li>Tama\u00f1o: 43mm de di\u00e1metro x 11mm de ancho<\/li>\n<li>Ancho de silicona: 8mm<\/li>\n<li>Peso(individual): 17.7g<\/li>\n<li>Dureza: 20 Shore A.<\/li>\n<li>Di\u00e1metro del orificio central: 3mm<\/li>\n<li>Tornillo de fijaci\u00f3n para eje del motor: M4 roscado.<\/li>\n<\/ul>\n","protected":false},"featured_media":13666,"template":"","meta":[],"product_brand":[],"product_cat":[69],"product_tag":[1088,1368,394,1143,365,136,1370,212,1035],"class_list":{"0":"post-13665","1":"product","2":"type-product","3":"status-publish","4":"has-post-thumbnail","6":"product_cat-robotica","7":"product_tag-aluminio","8":"product_tag-jsumo","9":"product_tag-llanta","10":"product_tag-llantas","11":"product_tag-modulo","12":"product_tag-robot","13":"product_tag-seguidor","14":"product_tag-seguidor-de-linea","15":"product_tag-silicona","17":"first","18":"instock","19":"shipping-taxable","20":"purchasable","21":"product-type-simple"},"_links":{"self":[{"href":"https:\/\/novatronicec.com\/index.php\/wp-json\/wp\/v2\/product\/13665","targetHints":{"allow":["GET"]}}],"collection":[{"href":"https:\/\/novatronicec.com\/index.php\/wp-json\/wp\/v2\/product"}],"about":[{"href":"https:\/\/novatronicec.com\/index.php\/wp-json\/wp\/v2\/types\/product"}],"wp:featuredmedia":[{"embeddable":true,"href":"https:\/\/novatronicec.com\/index.php\/wp-json\/wp\/v2\/media\/13666"}],"wp:attachment":[{"href":"https:\/\/novatronicec.com\/index.php\/wp-json\/wp\/v2\/media?parent=13665"}],"wp:term":[{"taxonomy":"product_brand","embeddable":true,"href":"https:\/\/novatronicec.com\/index.php\/wp-json\/wp\/v2\/product_brand?post=13665"},{"taxonomy":"product_cat","embeddable":true,"href":"https:\/\/novatronicec.com\/index.php\/wp-json\/wp\/v2\/product_cat?post=13665"},{"taxonomy":"product_tag","embeddable":true,"href":"https:\/\/novatronicec.com\/index.php\/wp-json\/wp\/v2\/product_tag?post=13665"}],"curies":[{"name":"wp","href":"https:\/\/api.w.org\/{rel}","templated":true}]}}