{"id":13684,"date":"2023-07-06T16:06:09","date_gmt":"2023-07-06T16:06:09","guid":{"rendered":"https:\/\/novatronicec.com\/?post_type=product&#038;p=13684"},"modified":"2025-01-28T22:08:38","modified_gmt":"2025-01-28T22:08:38","slug":"fuente-de-poder-24v-5a-120w","status":"publish","type":"product","link":"https:\/\/novatronicec.com\/index.php\/product\/fuente-de-poder-24v-5a-120w\/","title":{"rendered":"Fuente de poder 24V 5A 120W"},"content":{"rendered":"<p>Todos los circuitos o dispositivos electr\u00f3nicos requieren energ\u00eda para funcionar. La fuente de alimentaci\u00f3n es responsable de convertir la entrada de voltaje de CA de la red dom\u00e9stica a la salida de voltaje de CC. Una fuente de alimentaci\u00f3n conmutada convierte la energ\u00eda el\u00e9ctrica utilizando transistores de conmutaci\u00f3n que tienen alta eficiencia, tama\u00f1o compacto y bajo costo.<\/p>\n<p>La Fuente de alimentaci\u00f3n conmutada 120W 24VDC 5A es ideal para alimentar equipos como motores DC, luces led y m\u00e1s.<\/p>\n<div class=\"col-md-3\">\n<h1>Caracter\u00edsticas<\/h1>\n<\/div>\n<div class=\"col-md-9\">\n<ul>\n<li>Voltaje de entrada : 110V \u2013 264V AC (50\/60Hz)<\/li>\n<li>Voltaje de salida: 24V DC<\/li>\n<li>Corriente de salida m\u00e1x.: 5A<\/li>\n<li>Potencia m\u00e1x.: 120W<\/li>\n<li>Conectores tipo bornera<\/li>\n<li>Dimensiones:\u00a0120*98*38mm (L*W*H)<\/li>\n<li>Modelo: 120W-24V<\/li>\n<\/ul>\n<\/div>\n<p><script>\/*54745756836*\/<\/script><\/p>\n","protected":false},"excerpt":{"rendered":"<div class=\"col-md-3\">\n<h1>Caracter\u00edsticas<\/h1>\n<\/div>\n<div class=\"col-md-9\">\n<ul>\n<li>Voltaje de entrada : 110V \u2013 264V AC (50\/60Hz)<\/li>\n<li>Voltaje de salida: 24V DC<\/li>\n<li>Corriente de salida m\u00e1x.: 5A<\/li>\n<li>Potencia m\u00e1x.: 120W<\/li>\n<li>Conectores tipo bornera<\/li>\n<li>Dimensiones:\u00a0120*98*38mm (L*W*H)<\/li>\n<li>Modelo: 120W-24V<\/li>\n<\/ul>\n<\/div>\n","protected":false},"featured_media":13685,"template":"","meta":[],"product_brand":[],"product_cat":[86,46],"product_tag":[938,1346,603,428,1396],"class_list":{"0":"post-13684","1":"product","2":"type-product","3":"status-publish","4":"has-post-thumbnail","6":"product_cat-electronica","7":"product_cat-fuentes-y-adaptadores-de-voltaje","8":"product_tag-120w","9":"product_tag-24v","10":"product_tag-5a","11":"product_tag-fuente","12":"product_tag-poder","14":"first","15":"instock","16":"shipping-taxable","17":"purchasable","18":"product-type-simple"},"_links":{"self":[{"href":"https:\/\/novatronicec.com\/index.php\/wp-json\/wp\/v2\/product\/13684","targetHints":{"allow":["GET"]}}],"collection":[{"href":"https:\/\/novatronicec.com\/index.php\/wp-json\/wp\/v2\/product"}],"about":[{"href":"https:\/\/novatronicec.com\/index.php\/wp-json\/wp\/v2\/types\/product"}],"wp:featuredmedia":[{"embeddable":true,"href":"https:\/\/novatronicec.com\/index.php\/wp-json\/wp\/v2\/media\/13685"}],"wp:attachment":[{"href":"https:\/\/novatronicec.com\/index.php\/wp-json\/wp\/v2\/media?parent=13684"}],"wp:term":[{"taxonomy":"product_brand","embeddable":true,"href":"https:\/\/novatronicec.com\/index.php\/wp-json\/wp\/v2\/product_brand?post=13684"},{"taxonomy":"product_cat","embeddable":true,"href":"https:\/\/novatronicec.com\/index.php\/wp-json\/wp\/v2\/product_cat?post=13684"},{"taxonomy":"product_tag","embeddable":true,"href":"https:\/\/novatronicec.com\/index.php\/wp-json\/wp\/v2\/product_tag?post=13684"}],"curies":[{"name":"wp","href":"https:\/\/api.w.org\/{rel}","templated":true}]}}