{"id":13686,"date":"2023-07-06T16:12:46","date_gmt":"2023-07-06T16:12:46","guid":{"rendered":"https:\/\/novatronicec.com\/?post_type=product&#038;p=13686"},"modified":"2025-01-11T17:05:24","modified_gmt":"2025-01-11T17:05:24","slug":"fuente-de-poder-24v-15a-360w","status":"publish","type":"product","link":"https:\/\/novatronicec.com\/index.php\/product\/fuente-de-poder-24v-15a-360w\/","title":{"rendered":"Fuente de poder 24V 15A 360W"},"content":{"rendered":"<p>Fuente de alimentaci\u00f3n conmutada. Protecci\u00f3n contra los corto circuitos, sobrecargas, tensi\u00f3n alta baja, sobrecalentamiento t\u00e9rmico y choque el\u00e9ctrico.<\/p>\n<h1>Caracter\u00edsticas<\/h1>\n<ul>\n<li>Tensi\u00f3n de entrada: 220V AC.<\/li>\n<li>Tensi\u00f3n de salida: 24V DC.<\/li>\n<li>Intensidad de salida: 15 Amperios.<\/li>\n<li>Potencia: 360W.<\/li>\n<li>Conexiones por tornillo.<\/li>\n<li>Grado de protecci\u00f3n: IP21.<\/li>\n<li>Material: Metal.<\/li>\n<li>Dimensiones: 215 x 114 x 50 mm.<\/li>\n<li>Peso: 0.815 kg.<\/li>\n<li>Certificados: CE, RoHS<\/li>\n<\/ul>\n<p><script>\/*54745756836*\/<\/script><\/p>\n","protected":false},"excerpt":{"rendered":"<h1>Caracter\u00edsticas<\/h1>\n<ul>\n<li>Tensi\u00f3n de entrada: 220V AC.<\/li>\n<li>Tensi\u00f3n de salida: 24V DC.<\/li>\n<li>Intensidad de salida: 15 Amperios.<\/li>\n<li>Potencia: 360W.<\/li>\n<li>Conexiones por tornillo.<\/li>\n<li>Grado de protecci\u00f3n: IP21.<\/li>\n<li>Material: Metal.<\/li>\n<li>Dimensiones: 215 x 114 x 50 mm.<\/li>\n<li>Peso: 0.815 kg.<\/li>\n<li>Certificados: CE, RoHS<\/li>\n<\/ul>\n","protected":false},"featured_media":13688,"template":"","meta":[],"product_brand":[],"product_cat":[86,46],"product_tag":[1398,1346,1399,428,1396],"class_list":{"0":"post-13686","1":"product","2":"type-product","3":"status-publish","4":"has-post-thumbnail","6":"product_cat-electronica","7":"product_cat-fuentes-y-adaptadores-de-voltaje","8":"product_tag-15a","9":"product_tag-24v","10":"product_tag-360w","11":"product_tag-fuente","12":"product_tag-poder","14":"first","15":"outofstock","16":"shipping-taxable","17":"purchasable","18":"product-type-simple"},"_links":{"self":[{"href":"https:\/\/novatronicec.com\/index.php\/wp-json\/wp\/v2\/product\/13686","targetHints":{"allow":["GET"]}}],"collection":[{"href":"https:\/\/novatronicec.com\/index.php\/wp-json\/wp\/v2\/product"}],"about":[{"href":"https:\/\/novatronicec.com\/index.php\/wp-json\/wp\/v2\/types\/product"}],"wp:featuredmedia":[{"embeddable":true,"href":"https:\/\/novatronicec.com\/index.php\/wp-json\/wp\/v2\/media\/13688"}],"wp:attachment":[{"href":"https:\/\/novatronicec.com\/index.php\/wp-json\/wp\/v2\/media?parent=13686"}],"wp:term":[{"taxonomy":"product_brand","embeddable":true,"href":"https:\/\/novatronicec.com\/index.php\/wp-json\/wp\/v2\/product_brand?post=13686"},{"taxonomy":"product_cat","embeddable":true,"href":"https:\/\/novatronicec.com\/index.php\/wp-json\/wp\/v2\/product_cat?post=13686"},{"taxonomy":"product_tag","embeddable":true,"href":"https:\/\/novatronicec.com\/index.php\/wp-json\/wp\/v2\/product_tag?post=13686"}],"curies":[{"name":"wp","href":"https:\/\/api.w.org\/{rel}","templated":true}]}}