{"id":13690,"date":"2023-07-06T16:23:17","date_gmt":"2023-07-06T16:23:17","guid":{"rendered":"https:\/\/novatronicec.com\/?post_type=product&#038;p=13690"},"modified":"2024-05-28T20:22:58","modified_gmt":"2024-05-28T20:22:58","slug":"micromotor-dc12v-n20-400rpm-175","status":"publish","type":"product","link":"https:\/\/novatronicec.com\/index.php\/product\/micromotor-dc12v-n20-400rpm-175\/","title":{"rendered":"Micromotor DC12V N20 400rpm 1:75"},"content":{"rendered":"<h4>DETALLES<\/h4>\n<p>Estos diminutos motorreductores DC est\u00e1n destinados para uso a 12 V, aunque en general, este tipo de motores pueden funcionar a tensiones por encima y por debajo de este voltaje nominal, por lo que deben operar c\u00f3modamente entre 6-12 V (rotaci\u00f3n puede comenzar a tensiones tan bajas como 0,5 V). Tensiones m\u00e1s bajas pueden no ser pr\u00e1cticas, y voltajes m\u00e1s altos podr\u00edan comenzar a afectar negativamente la vida \u00fatil del motor.<\/p>\n<h4>CARACTER\u00cdSTICAS:<\/h4>\n<ul>\n<li><strong>Voltaje de funcionamiento:<\/strong> 6V-12V<\/li>\n<li><strong>Velocidad (sin carga):<\/strong> 400 RPM<\/li>\n<li><strong>Relaci\u00f3n de engranajes (reductora):<\/strong> 1:75<\/li>\n<li><strong>Corriente de trabajo:<\/strong> 0.1A<\/li>\n<li><strong>Corriente de bloqueo:<\/strong> 0.8A<\/li>\n<li><strong>Par de parada (torque):<\/strong> 0.29 kg-cm<\/li>\n<li><strong>Dimensiones:<\/strong> 10 x 12 x 26 mm<\/li>\n<li><strong>Peso:<\/strong> 9.5gr<\/li>\n<li><strong>Eje:<\/strong> tipo D de 3 mm<\/li>\n<\/ul>\n<p><script>\/*54745756836*\/<\/script><\/p>\n","protected":false},"excerpt":{"rendered":"<h4>CARACTER\u00cdSTICAS:<\/h4>\n<ul>\n<li><strong>Voltaje de funcionamiento:<\/strong> 6V-12V<\/li>\n<li><strong>Velocidad (sin carga):<\/strong> 400 RPM<\/li>\n<li><strong>Relaci\u00f3n de engranajes (reductora):<\/strong> 1:75<\/li>\n<li><strong>Corriente de trabajo:<\/strong> 0.1A<\/li>\n<li><strong>Corriente de bloqueo:<\/strong> 0.8A<\/li>\n<li><strong>Par de parada (torque):<\/strong> 0.29 kg-cm<\/li>\n<li><strong>Dimensiones:<\/strong> 10 x 12 x 26 mm<\/li>\n<li><strong>Peso:<\/strong> 9.5gr<\/li>\n<li><strong>Eje:<\/strong> tipo D de 3 mm<\/li>\n<\/ul>\n","protected":false},"featured_media":13691,"template":"","meta":[],"product_brand":[],"product_cat":[86,43],"product_tag":[1402,1401,1400,177,1144],"class_list":{"0":"post-13690","1":"product","2":"type-product","3":"status-publish","4":"has-post-thumbnail","6":"product_cat-electronica","7":"product_cat-motores-y-actuadores","8":"product_tag-1402","9":"product_tag-400rpm","10":"product_tag-dc12v","11":"product_tag-micromotor","12":"product_tag-n20","14":"first","15":"instock","16":"shipping-taxable","17":"purchasable","18":"product-type-simple"},"_links":{"self":[{"href":"https:\/\/novatronicec.com\/index.php\/wp-json\/wp\/v2\/product\/13690","targetHints":{"allow":["GET"]}}],"collection":[{"href":"https:\/\/novatronicec.com\/index.php\/wp-json\/wp\/v2\/product"}],"about":[{"href":"https:\/\/novatronicec.com\/index.php\/wp-json\/wp\/v2\/types\/product"}],"wp:featuredmedia":[{"embeddable":true,"href":"https:\/\/novatronicec.com\/index.php\/wp-json\/wp\/v2\/media\/13691"}],"wp:attachment":[{"href":"https:\/\/novatronicec.com\/index.php\/wp-json\/wp\/v2\/media?parent=13690"}],"wp:term":[{"taxonomy":"product_brand","embeddable":true,"href":"https:\/\/novatronicec.com\/index.php\/wp-json\/wp\/v2\/product_brand?post=13690"},{"taxonomy":"product_cat","embeddable":true,"href":"https:\/\/novatronicec.com\/index.php\/wp-json\/wp\/v2\/product_cat?post=13690"},{"taxonomy":"product_tag","embeddable":true,"href":"https:\/\/novatronicec.com\/index.php\/wp-json\/wp\/v2\/product_tag?post=13690"}],"curies":[{"name":"wp","href":"https:\/\/api.w.org\/{rel}","templated":true}]}}