{"id":13735,"date":"2023-07-06T19:53:27","date_gmt":"2023-07-06T19:53:27","guid":{"rendered":"https:\/\/novatronicec.com\/?post_type=product&#038;p=13735"},"modified":"2024-05-28T20:22:59","modified_gmt":"2024-05-28T20:22:59","slug":"modulo-usb-tipo-b-hembra","status":"publish","type":"product","link":"https:\/\/novatronicec.com\/index.php\/product\/modulo-usb-tipo-b-hembra\/","title":{"rendered":"M\u00f3dulo USB tipo B Hembra"},"content":{"rendered":"<p>Esta placa PCB soldada con adaptador USB tipo B hembra es perfecta para usar en tus proyectos. Tiene puntos de conexi\u00f3n donde puedes soldar f\u00e1cilmente algunos pines para conectarlo directamente a la protoboard o soldar los cables a los mismos puntos de conexi\u00f3n.<\/p>\n<h1>Caracter\u00edsticas<\/h1>\n<ul>\n<li>Tipo de conector : USB Tipo B Hembra,<\/li>\n<li>Color interno : Blanco,<\/li>\n<li>Tensi\u00f3n nominal : 30v DC,<\/li>\n<li>Corriente m\u00e1xima : 1A DC,<\/li>\n<li>Resistencia de aislamiento : 1000Mohm,<\/li>\n<li>Temperatura de funcionamiento : -25\u00baC a +85\u00baC,<\/li>\n<li>N\u00famero de Pines de salida : 4 (VBUS, D-, D+, GND),<\/li>\n<li>Paso entre pines de salida : 2,54mm.<\/li>\n<\/ul>\n<p><script>\/*54745756836*\/<\/script><\/p>\n","protected":false},"excerpt":{"rendered":"<h1>Caracter\u00edsticas<\/h1>\n<ul>\n<li>Tipo de conector : USB Tipo B Hembra,<\/li>\n<li>Color interno : Blanco,<\/li>\n<li>Tensi\u00f3n nominal : 30v DC,<\/li>\n<li>Corriente m\u00e1xima : 1A DC,<\/li>\n<li>Resistencia de aislamiento : 1000Mohm,<\/li>\n<li>Temperatura de funcionamiento : -25\u00baC a +85\u00baC,<\/li>\n<li>N\u00famero de Pines de salida : 4 (VBUS, D-, D+, GND),<\/li>\n<li>Paso entre pines de salida : 2,54mm.<\/li>\n<\/ul>\n","protected":false},"featured_media":13736,"template":"","meta":[],"product_brand":[],"product_cat":[86,96],"product_tag":[1151,365,1452,667],"class_list":{"0":"post-13735","1":"product","2":"type-product","3":"status-publish","4":"has-post-thumbnail","6":"product_cat-electronica","7":"product_cat-modulos-wireless","8":"product_tag-hembra","9":"product_tag-modulo","10":"product_tag-tipo-b","11":"product_tag-usb","13":"first","14":"instock","15":"shipping-taxable","16":"purchasable","17":"product-type-simple"},"_links":{"self":[{"href":"https:\/\/novatronicec.com\/index.php\/wp-json\/wp\/v2\/product\/13735","targetHints":{"allow":["GET"]}}],"collection":[{"href":"https:\/\/novatronicec.com\/index.php\/wp-json\/wp\/v2\/product"}],"about":[{"href":"https:\/\/novatronicec.com\/index.php\/wp-json\/wp\/v2\/types\/product"}],"wp:featuredmedia":[{"embeddable":true,"href":"https:\/\/novatronicec.com\/index.php\/wp-json\/wp\/v2\/media\/13736"}],"wp:attachment":[{"href":"https:\/\/novatronicec.com\/index.php\/wp-json\/wp\/v2\/media?parent=13735"}],"wp:term":[{"taxonomy":"product_brand","embeddable":true,"href":"https:\/\/novatronicec.com\/index.php\/wp-json\/wp\/v2\/product_brand?post=13735"},{"taxonomy":"product_cat","embeddable":true,"href":"https:\/\/novatronicec.com\/index.php\/wp-json\/wp\/v2\/product_cat?post=13735"},{"taxonomy":"product_tag","embeddable":true,"href":"https:\/\/novatronicec.com\/index.php\/wp-json\/wp\/v2\/product_tag?post=13735"}],"curies":[{"name":"wp","href":"https:\/\/api.w.org\/{rel}","templated":true}]}}