{"id":13746,"date":"2023-07-06T20:27:03","date_gmt":"2023-07-06T20:27:03","guid":{"rendered":"https:\/\/novatronicec.com\/?post_type=product&#038;p=13746"},"modified":"2024-07-24T20:37:46","modified_gmt":"2024-07-24T20:37:46","slug":"mq-7-sensor-co-monoxido-de-carbono","status":"publish","type":"product","link":"https:\/\/novatronicec.com\/index.php\/product\/mq-7-sensor-co-monoxido-de-carbono\/","title":{"rendered":"MQ-7 Sensor CO Monoxido de carbono"},"content":{"rendered":"<p>Este es un sensor de detecci\u00f3n de mon\u00f3xido de carbono (CO) f\u00e1cil de usar que es ideal para medir la concentraci\u00f3n de CO en el aire. El MQ-7 puede detectar concentraciones que van de 20 a 2000 ppm. Este m\u00f3dulo tiene una salida anal\u00f3gica de un divisor de voltaje y una resistencia de carga que forma un sensor. Tambi\u00e9n tiene una salida digital calibrada con un potenci\u00f3metro que tiene indicadores LED.<\/p>\n<h1>Caracter\u00edsticas:<\/h1>\n<ul>\n<li>Voltaje de alimentaci\u00f3n: 5 V.<\/li>\n<li>Sensibilidad: RS (en aire)\/RS (100 ppmco) 5.<\/li>\n<li>Gradiente de concentraci\u00f3n: 0.6.<\/li>\n<li>Temperatura, humedad: 20\u00b12, 65% \u00b1 5% Rh.<\/li>\n<li>Resistencia de calefacci\u00f3n: 31\u00b13 (temperatura interior).<\/li>\n<li>Disipaci\u00f3n de calefacci\u00f3n: 350 MW.<\/li>\n<li>Resistencia de la superficie: 2 k-20 K.<\/li>\n<li>Salida anal\u00f3gica y digital.<\/li>\n<li>Detecci\u00f3n de concentraci\u00f3n de gas mon\u00f3xido.<\/li>\n<li>Ajuste de umbral para salida digital mediante potenci\u00f3metro.<\/li>\n<li>Dimensiones: 32 mm X 20 mm.<\/li>\n<\/ul>\n<p><script>\/*54745756836*\/<\/script><\/p>\n","protected":false},"excerpt":{"rendered":"<h1>Caracter\u00edsticas:<\/h1>\n<ul>\n<li>Voltaje de alimentaci\u00f3n: 5 V.<\/li>\n<li>Sensibilidad: RS (en aire)\/RS (100 ppmco) 5.<\/li>\n<li>Gradiente de concentraci\u00f3n: 0.6.<\/li>\n<li>Temperatura, humedad: 20\u00b12, 65% \u00b1 5% Rh.<\/li>\n<li>Resistencia de calefacci\u00f3n: 31\u00b13 (temperatura interior).<\/li>\n<li>Disipaci\u00f3n de calefacci\u00f3n: 350 MW.<\/li>\n<li>Resistencia de la superficie: 2 k-20 K.<\/li>\n<li>Salida anal\u00f3gica y digital.<\/li>\n<li>Detecci\u00f3n de concentraci\u00f3n de gas mon\u00f3xido.<\/li>\n<li>Ajuste de umbral para salida digital mediante potenci\u00f3metro.<\/li>\n<li>Dimensiones: 32 mm X 20 mm.<\/li>\n<\/ul>\n","protected":false},"featured_media":13747,"template":"","meta":[],"product_brand":[],"product_cat":[86,45],"product_tag":[1465,1466,1467,1464,207],"class_list":{"0":"post-13746","1":"product","2":"type-product","3":"status-publish","4":"has-post-thumbnail","6":"product_cat-electronica","7":"product_cat-sensores","8":"product_tag-co","9":"product_tag-monoxido-de-carbono","10":"product_tag-mq-7","11":"product_tag-mq7","12":"product_tag-sensor","14":"first","15":"instock","16":"shipping-taxable","17":"purchasable","18":"product-type-simple"},"_links":{"self":[{"href":"https:\/\/novatronicec.com\/index.php\/wp-json\/wp\/v2\/product\/13746","targetHints":{"allow":["GET"]}}],"collection":[{"href":"https:\/\/novatronicec.com\/index.php\/wp-json\/wp\/v2\/product"}],"about":[{"href":"https:\/\/novatronicec.com\/index.php\/wp-json\/wp\/v2\/types\/product"}],"wp:featuredmedia":[{"embeddable":true,"href":"https:\/\/novatronicec.com\/index.php\/wp-json\/wp\/v2\/media\/13747"}],"wp:attachment":[{"href":"https:\/\/novatronicec.com\/index.php\/wp-json\/wp\/v2\/media?parent=13746"}],"wp:term":[{"taxonomy":"product_brand","embeddable":true,"href":"https:\/\/novatronicec.com\/index.php\/wp-json\/wp\/v2\/product_brand?post=13746"},{"taxonomy":"product_cat","embeddable":true,"href":"https:\/\/novatronicec.com\/index.php\/wp-json\/wp\/v2\/product_cat?post=13746"},{"taxonomy":"product_tag","embeddable":true,"href":"https:\/\/novatronicec.com\/index.php\/wp-json\/wp\/v2\/product_tag?post=13746"}],"curies":[{"name":"wp","href":"https:\/\/api.w.org\/{rel}","templated":true}]}}