{"id":13753,"date":"2023-07-06T20:42:22","date_gmt":"2023-07-06T20:42:22","guid":{"rendered":"https:\/\/novatronicec.com\/?post_type=product&#038;p=13753"},"modified":"2024-07-24T20:37:46","modified_gmt":"2024-07-24T20:37:46","slug":"mq-5-sensor-gas-licuado-metano","status":"publish","type":"product","link":"https:\/\/novatronicec.com\/index.php\/product\/mq-5-sensor-gas-licuado-metano\/","title":{"rendered":"MQ-5 Sensor Gas Licuado, Metano"},"content":{"rendered":"<p>El material sensible al gas utilizado en el sensor de gas MQ-5 es SnO2, que tiene baja conductividad en aire limpio. Si hay un gas inflamable en el ambiente donde se encuentra el sensor, la conductividad del sensor aumenta con la concentraci\u00f3n del gas inflamable en el aire. Se puede utilizar un circuito simple para convertir el cambio de conductancia en una se\u00f1al de salida correspondiente a la concentraci\u00f3n de gas. El sensor de gas MQ-5 tiene una sensibilidad bastante alta para propano, propano y metano, y puede detectar bien el metano y el propano. El sensor puede detectar muchos gases inflamables, especialmente gas natural, lo que lo convierte en un sensor econ\u00f3mico adecuado para muchas aplicaciones.<\/p>\n<h3><strong>CARACTER\u00cdSTICAS:<\/strong><\/h3>\n<ul>\n<li>Modelo: MQ-5.<\/li>\n<li>Aplicaci\u00f3n: Gas natural.<\/li>\n<li>Salidas: Una Anal\u00f3gica y una digital ajustable en sensibilidad.<\/li>\n<li>Voltaje de operaci\u00f3n: 5V.<\/li>\n<li>Tensi\u00f3n de calentamiento: (VH) 5V +\/-0.5V.<\/li>\n<li>Voltaje de lazo: Hasta 24V.<\/li>\n<li>Resistencia en concentraci\u00f3n m\u00e1xima de gas (RL): 2K\u03a9.<\/li>\n<li>Resistencia en ambiente limpio de gas (RA):\u00a0\u2264\u00a04M\u03a9.<\/li>\n<li>Tiempo de respuesta:\u00a0\u2264\u00a010mS.<\/li>\n<li>Tiempo de recuperaci\u00f3n:\u00a0\u2264\u00a030mS.<\/li>\n<li>Alcance de detecci\u00f3n: 50PPM a 10.000PPM.<\/li>\n<li>Tama\u00f1o total de la placa base: 32.6mm x 20.6mm.<\/li>\n<\/ul>\n<p><script>\/*54745756836*\/<\/script><\/p>\n","protected":false},"excerpt":{"rendered":"<h3><strong>CARACTER\u00cdSTICAS:<\/strong><\/h3>\n<ul>\n<li>Modelo: MQ-5.<\/li>\n<li>Aplicaci\u00f3n: Gas natural.<\/li>\n<li>Salidas: Una Anal\u00f3gica y una digital ajustable en sensibilidad.<\/li>\n<li>Voltaje de operaci\u00f3n: 5V.<\/li>\n<li>Tensi\u00f3n de calentamiento: (VH) 5V +\/-0.5V.<\/li>\n<li>Voltaje de lazo: Hasta 24V.<\/li>\n<li>Resistencia en concentraci\u00f3n m\u00e1xima de gas (RL): 2K\u03a9.<\/li>\n<li>Resistencia en ambiente limpio de gas (RA):\u00a0\u2264\u00a04M\u03a9.<\/li>\n<li>Tiempo de respuesta:\u00a0\u2264\u00a010mS.<\/li>\n<li>Tiempo de recuperaci\u00f3n:\u00a0\u2264\u00a030mS.<\/li>\n<li>Alcance de detecci\u00f3n: 50PPM a 10.000PPM.<\/li>\n<li>Tama\u00f1o total de la placa base: 32.6mm x 20.6mm.<\/li>\n<\/ul>\n","protected":false},"featured_media":13816,"template":"","meta":[],"product_brand":[],"product_cat":[86,45],"product_tag":[1476,1473,1475,1477,207],"class_list":{"0":"post-13753","1":"product","2":"type-product","3":"status-publish","4":"has-post-thumbnail","6":"product_cat-electronica","7":"product_cat-sensores","8":"product_tag-gas-licuado","9":"product_tag-metano","10":"product_tag-mq-5","11":"product_tag-mq5","12":"product_tag-sensor","14":"first","15":"instock","16":"shipping-taxable","17":"purchasable","18":"product-type-simple"},"_links":{"self":[{"href":"https:\/\/novatronicec.com\/index.php\/wp-json\/wp\/v2\/product\/13753","targetHints":{"allow":["GET"]}}],"collection":[{"href":"https:\/\/novatronicec.com\/index.php\/wp-json\/wp\/v2\/product"}],"about":[{"href":"https:\/\/novatronicec.com\/index.php\/wp-json\/wp\/v2\/types\/product"}],"wp:featuredmedia":[{"embeddable":true,"href":"https:\/\/novatronicec.com\/index.php\/wp-json\/wp\/v2\/media\/13816"}],"wp:attachment":[{"href":"https:\/\/novatronicec.com\/index.php\/wp-json\/wp\/v2\/media?parent=13753"}],"wp:term":[{"taxonomy":"product_brand","embeddable":true,"href":"https:\/\/novatronicec.com\/index.php\/wp-json\/wp\/v2\/product_brand?post=13753"},{"taxonomy":"product_cat","embeddable":true,"href":"https:\/\/novatronicec.com\/index.php\/wp-json\/wp\/v2\/product_cat?post=13753"},{"taxonomy":"product_tag","embeddable":true,"href":"https:\/\/novatronicec.com\/index.php\/wp-json\/wp\/v2\/product_tag?post=13753"}],"curies":[{"name":"wp","href":"https:\/\/api.w.org\/{rel}","templated":true}]}}