{"id":13802,"date":"2023-07-25T15:26:39","date_gmt":"2023-07-25T15:26:39","guid":{"rendered":"https:\/\/novatronicec.com\/?post_type=product&#038;p=13802"},"modified":"2024-05-28T20:23:00","modified_gmt":"2024-05-28T20:23:00","slug":"indicador-de-temperatura-ad16-22tm","status":"publish","type":"product","link":"https:\/\/novatronicec.com\/index.php\/product\/indicador-de-temperatura-ad16-22tm\/","title":{"rendered":"Term\u00f3metro digital AD16-22TM"},"content":{"rendered":"<p>Term\u00f3metro Digital con pantalla AD16-22TM que posee una pantalla de 7 segmentos en \u00e9l para mostrar la salida, est\u00e1 fabricado en pl\u00e1stico que le permite ser extremadamente durable, ademas de peque\u00f1o y compacto.<\/p>\n<p>El indicador AD16-22TM a\u00f1ade un aspecto sistem\u00e1tico y con clase a su tablero de instrumentos de control o punto de monitoreo de la temperatura. La pantalla est\u00e1 hecha de policarbonato de alta resistencia, tiene buena resistencia al impacto, el cableado es de\u00a0 tipo tornillo incorporado es un terminal seguro y conveniente, es conveniente para llevar por su tama\u00f1o peque\u00f1o y ligero.<\/p>\n<h3>Caracter\u00edsticas<\/h3>\n<ul>\n<li><strong>Tipo<\/strong>: Term\u00f3metro Digital<\/li>\n<li><strong>Modelo:<\/strong> AD16-22TM<\/li>\n<li><strong>Tension de alimentacion:<\/strong> AC50\/60 ~ 380V<\/li>\n<li><strong>Rango de medida: <\/strong>-20<b>\u00b0<\/b>C &#8211; 199 <b>\u00b0<\/b>C<\/li>\n<li><b>Temperatura de Funcionamiento:<\/b>\u00a0-20<b>\u00b0<\/b>C ~ +55 <b>\u00b0<\/b>C<\/li>\n<li><b>Di\u00e1metro de montaje:\u00a0<\/b>22mm<\/li>\n<li><strong>Forma de la Cabenza:<\/strong> Circular<\/li>\n<li><strong>Color<\/strong>: Rojo\/Amarillo\/Verde\/Azul\/Blanco<\/li>\n<\/ul>\n<p><script>\/*54745756836*\/<\/script><\/p>\n","protected":false},"excerpt":{"rendered":"<h3>Caracter\u00edsticas<\/h3>\n<ul>\n<li><strong>Tipo<\/strong>: Term\u00f3metro Digital<\/li>\n<li><strong>Modelo:<\/strong> AD16-22TM<\/li>\n<li><strong>Tension de alimentacion:<\/strong> AC50\/60 ~ 380V<\/li>\n<li><strong>Rango de medida: <\/strong>-20<b>\u00b0<\/b>C &#8211; 199 <b>\u00b0<\/b>C<\/li>\n<li><b>Temperatura de Funcionamiento:<\/b>\u00a0-20<b>\u00b0<\/b>C ~ +55 <b>\u00b0<\/b>C<\/li>\n<li><b>Di\u00e1metro de montaje:\u00a0<\/b>22mm<\/li>\n<li><strong>Forma de la Cabenza:<\/strong> Circular<\/li>\n<li><strong>Color<\/strong>: Rojo\/Amarillo\/Verde\/Azul\/Blanco<\/li>\n<\/ul>\n","protected":false},"featured_media":13806,"template":"","meta":[],"product_brand":[],"product_cat":[86,45],"product_tag":[1498,1497,1363,1496,1495,215,1494],"class_list":{"0":"post-13802","1":"product","2":"type-product","3":"status-publish","4":"has-post-thumbnail","6":"product_cat-electronica","7":"product_cat-sensores","8":"product_tag-22tm","9":"product_tag-ad16","10":"product_tag-digital","11":"product_tag-grados","12":"product_tag-tablero","13":"product_tag-temperatura","14":"product_tag-termometro","16":"first","17":"instock","18":"shipping-taxable","19":"purchasable","20":"product-type-simple"},"_links":{"self":[{"href":"https:\/\/novatronicec.com\/index.php\/wp-json\/wp\/v2\/product\/13802","targetHints":{"allow":["GET"]}}],"collection":[{"href":"https:\/\/novatronicec.com\/index.php\/wp-json\/wp\/v2\/product"}],"about":[{"href":"https:\/\/novatronicec.com\/index.php\/wp-json\/wp\/v2\/types\/product"}],"wp:featuredmedia":[{"embeddable":true,"href":"https:\/\/novatronicec.com\/index.php\/wp-json\/wp\/v2\/media\/13806"}],"wp:attachment":[{"href":"https:\/\/novatronicec.com\/index.php\/wp-json\/wp\/v2\/media?parent=13802"}],"wp:term":[{"taxonomy":"product_brand","embeddable":true,"href":"https:\/\/novatronicec.com\/index.php\/wp-json\/wp\/v2\/product_brand?post=13802"},{"taxonomy":"product_cat","embeddable":true,"href":"https:\/\/novatronicec.com\/index.php\/wp-json\/wp\/v2\/product_cat?post=13802"},{"taxonomy":"product_tag","embeddable":true,"href":"https:\/\/novatronicec.com\/index.php\/wp-json\/wp\/v2\/product_tag?post=13802"}],"curies":[{"name":"wp","href":"https:\/\/api.w.org\/{rel}","templated":true}]}}