{"id":13927,"date":"2023-09-11T20:55:55","date_gmt":"2023-09-11T20:55:55","guid":{"rendered":"https:\/\/novatronicec.com\/?post_type=product&#038;p=13927"},"modified":"2026-01-06T21:39:41","modified_gmt":"2026-01-06T21:39:41","slug":"filamento-sunlu-easy-abs","status":"publish","type":"product","link":"https:\/\/novatronicec.com\/index.php\/product\/filamento-sunlu-easy-abs\/","title":{"rendered":"Filamento Sunlu EASY ABS"},"content":{"rendered":"<div><img decoding=\"async\" src=\"https:\/\/cdn.shopify.com\/s\/files\/1\/0152\/6507\/1190\/files\/EABSSUNLU_2048x2048.png?v=1689671500\" alt=\"SUNLU Easy ABS filamento 1.75mm 1KG bobina\" \/><\/div>\n<h3><strong>\u00bfQu\u00e9 es SUNLU Easy ABS?<\/strong><\/h3>\n<p>Ajustamos la proporci\u00f3n entre los tres (acrilonitrilo, butadieno, estireno) y agregamos un poco de sabidur\u00eda SUNLU a la mezcla.<br \/>\nSi bien la dureza y la resistencia a \u00e1cidos y \u00e1lcalis siguen siendo las mismas, SUNLU ha reducido ligeramente su resistencia al calor.<br \/>\nEl resultado es una temperatura m\u00ednima de impresi\u00f3n de 225\u00b0C y un calentamiento m\u00ednimo de 70\u00b0C para la placa base.<br \/>\nPero el E-ABS a\u00fan mantiene la baja tensi\u00f3n que deber\u00eda tener: \u00a1sin grietas ni deformaciones!<\/p>\n<h3><strong>Descripci\u00f3n:<\/strong><\/h3>\n<p>1. La impresi\u00f3n no necesita una \u00e1rea cerrada, \u00a1se puede usar una impresora abierta!<br \/>\n2. Baja contracci\u00f3n, los modelos impresos no se deforman ni se agrietan.<br \/>\nNota: imprimir los 10 cent\u00edmetros cuadrados inferiores por encima del modelo puede elevar la temperatura de la placa base a 80 ~ 90 grados.<br \/>\n3. Muy poco olor al imprimir<br \/>\n4.\u00a0No es necesario secar el filamento, muy poco impacto por la humedad.<br \/>\n5. Propiedades f\u00edsicas equilibradas, alta resistencia, buena tenacidad<\/p>\n<h3><strong>Caracteristicas:<\/strong><\/h3>\n<ul>\n<li>Material: SUNLU E-ABS(Easy-ABS)<\/li>\n<li>Diametro: 1.75\/3.0MM<\/li>\n<li>Tolerancia: \u00b1 0.02MM<\/li>\n<li>Temperatura de impresi\u00f3n: 225-235 \u2103<\/li>\n<li>Temperatura de la cama: 60-70\u2103<\/li>\n<li>Indice de fusi\u00f3n: 98g\/10min\u00a0 \u00a0 \u00a0 220\u2103\/10kg(g\/10min)<\/li>\n<li>Elongaci\u00f3n de rotura: 20,4%<\/li>\n<li>Punto de fusi\u00f3n \u2103: 170-180<\/li>\n<li>Temperatura de distorsi\u00f3n por calor \u2103: 57,9<\/li>\n<li>Densidad g\/cm\u00b3: 1,05% de absorci\u00f3n de agua: 0,3<\/li>\n<li>Velocidad de impresi\u00f3n: 50-100 mm\/s<\/li>\n<li>Burbuja: 100% burbuja cero<\/li>\n<li>Peso neto: 1 KG\/rollo<\/li>\n<li>Peso bruto: 1,3 KG\/rollo<\/li>\n<li>Longitud: 1,75 MM (1KG) = 395M<\/li>\n<\/ul>\n<h3>Descargas<\/h3>\n<ul>\n<li><a href=\"https:\/\/cdn.shopifycdn.net\/s\/files\/1\/0152\/6507\/1190\/files\/22_MSDS_SUNLU_Easy_ABS_filament.pdf?v=1693154749\">Datasheet<\/a><\/li>\n<\/ul>\n","protected":false},"excerpt":{"rendered":"<h2>Caracter\u00edsticas<\/h2>\n<ul>\n<li>Material: SUNLU E-ABS(Easy-ABS)<\/li>\n<li>Diametro: 1.75\/3.0MM<\/li>\n<li>Tolerancia: \u00b1 0.02MM<\/li>\n<li>Temperatura de impresi\u00f3n: 225-235 \u2103<\/li>\n<li>Temperatura de la cama: 60-70\u2103<\/li>\n<li>Indice de fusi\u00f3n: 98g\/10min\u00a0 \u00a0 \u00a0 220\u2103\/10kg(g\/10min)<\/li>\n<li>Elongaci\u00f3n de rotura: 20,4%<\/li>\n<li>Punto de fusi\u00f3n \u2103: 170-180<\/li>\n<li>Temperatura de distorsi\u00f3n por calor \u2103: 57,9<\/li>\n<li>Densidad g\/cm\u00b3: 1,05% de absorci\u00f3n de agua: 0,3<\/li>\n<li>Velocidad de impresi\u00f3n: 50-100 mm\/s<\/li>\n<li>Burbuja: 100% burbuja cero<\/li>\n<li>Peso neto: 1 KG\/rollo<\/li>\n<li>Peso bruto: 1,3 KG\/rollo<\/li>\n<li>Longitud: 1,75 MM (1KG) = 395M<\/li>\n<\/ul>\n","protected":false},"featured_media":13928,"template":"","meta":[],"product_brand":[],"product_cat":[87,76],"product_tag":[1389,1512,801,800,799,1513],"class_list":{"0":"post-13927","1":"product","2":"type-product","3":"status-publish","4":"has-post-thumbnail","6":"product_cat-filamentos","7":"product_cat-insumos-para-impresion-3d","8":"product_tag-abs","9":"product_tag-easy-abs","10":"product_tag-impresion-3d","11":"product_tag-material-de-impresion","12":"product_tag-pla","13":"product_tag-sunlu","15":"first","16":"outofstock","17":"shipping-taxable","18":"purchasable","19":"product-type-variable"},"_links":{"self":[{"href":"https:\/\/novatronicec.com\/index.php\/wp-json\/wp\/v2\/product\/13927","targetHints":{"allow":["GET"]}}],"collection":[{"href":"https:\/\/novatronicec.com\/index.php\/wp-json\/wp\/v2\/product"}],"about":[{"href":"https:\/\/novatronicec.com\/index.php\/wp-json\/wp\/v2\/types\/product"}],"wp:featuredmedia":[{"embeddable":true,"href":"https:\/\/novatronicec.com\/index.php\/wp-json\/wp\/v2\/media\/13928"}],"wp:attachment":[{"href":"https:\/\/novatronicec.com\/index.php\/wp-json\/wp\/v2\/media?parent=13927"}],"wp:term":[{"taxonomy":"product_brand","embeddable":true,"href":"https:\/\/novatronicec.com\/index.php\/wp-json\/wp\/v2\/product_brand?post=13927"},{"taxonomy":"product_cat","embeddable":true,"href":"https:\/\/novatronicec.com\/index.php\/wp-json\/wp\/v2\/product_cat?post=13927"},{"taxonomy":"product_tag","embeddable":true,"href":"https:\/\/novatronicec.com\/index.php\/wp-json\/wp\/v2\/product_tag?post=13927"}],"curies":[{"name":"wp","href":"https:\/\/api.w.org\/{rel}","templated":true}]}}