{"id":13943,"date":"2023-09-26T15:29:59","date_gmt":"2023-09-26T15:29:59","guid":{"rendered":"https:\/\/novatronicec.com\/?post_type=product&#038;p=13943"},"modified":"2024-05-28T20:23:00","modified_gmt":"2024-05-28T20:23:00","slug":"modulo-sensor-infrarrojo-de-obstaculos-fc-51","status":"publish","type":"product","link":"https:\/\/novatronicec.com\/index.php\/product\/modulo-sensor-infrarrojo-de-obstaculos-fc-51\/","title":{"rendered":"Modulo Sensor Infrarrojo de Obst\u00e1culos FC-51"},"content":{"rendered":"<p>El m\u00f3dulo sensor FC-51 est\u00e1 compuesto por un transmisor que emite energ\u00eda de infrarrojos IR y un receptor que detecta la energ\u00eda IR reflejada por la presencia de cualquier obst\u00e1culo en la parte frontal del m\u00f3dulo. El m\u00f3dulo tiene el potenci\u00f3metro que permite al usuario ajustar el rango de detecci\u00f3n. El sensor tiene una respuesta muy buena y estable incluso con luz ambiente o en completa oscuridad.<\/p>\n<p>Este sensor suele ser usado en robots dise\u00f1ados para evadir obst\u00e1culos, seguidor de l\u00ednea de color negra o blanca, entre otras. La se\u00f1al captada por los sensores puede ser llevada directamente a un circuito de control, placas de desarrollo, entre otros, para ser tratada dependiendo de la necesidad del usuario y\/o aplicaci\u00f3n en espec\u00edfico.<\/p>\n<p><strong>Caracter\u00edsticas<\/strong>:<\/p>\n<ul>\n<li>Voltaje de funcionamiento: 3.3V~5V<\/li>\n<li>Corriente de trabajo: 18mA \u2013 20 mA a 5 V<\/li>\n<li>\u00c1ngulo para detecci\u00f3n:\u00a035\u00b0<\/li>\n<li>Terminales de conexi\u00f3n:\u00a0OUT: Se\u00f1al del medio \/\u00a0GND: Tierra \/\u00a0VCC: Alimentaci\u00f3n<\/li>\n<li>Se\u00f1al de nivel el\u00e9ctrico de salida: bajo nivel al detectar objetos \/ nivel alto cuando no objetos \/ 0 o 1 decide si existen objetos<\/li>\n<\/ul>\n","protected":false},"excerpt":{"rendered":"<p><strong>Caracter\u00edsticas<\/strong>:<\/p>\n<ul>\n<li>Voltaje de funcionamiento: 3.3V~5V<\/li>\n<li>Corriente de trabajo: 18mA \u2013 20 mA a 5 V<\/li>\n<li>\u00c1ngulo para detecci\u00f3n:\u00a035\u00b0<\/li>\n<li>Terminales de conexi\u00f3n:\u00a0OUT: Se\u00f1al del medio \/\u00a0GND: Tierra \/\u00a0VCC: Alimentaci\u00f3n<\/li>\n<li>Se\u00f1al de nivel el\u00e9ctrico de salida: bajo nivel al detectar objetos \/ nivel alto cuando no objetos \/ 0 o 1 decide si existen objetos<\/li>\n<\/ul>\n","protected":false},"featured_media":13944,"template":"","meta":[],"product_brand":[],"product_cat":[45],"product_tag":[214,213,136,103,212,207,208],"class_list":{"0":"post-13943","1":"product","2":"type-product","3":"status-publish","4":"has-post-thumbnail","6":"product_cat-sensores","7":"product_tag-infrarrojo","8":"product_tag-ir","9":"product_tag-robot","10":"product_tag-robotica","11":"product_tag-seguidor-de-linea","12":"product_tag-sensor","13":"product_tag-sensores","15":"first","16":"instock","17":"shipping-taxable","18":"purchasable","19":"product-type-simple"},"_links":{"self":[{"href":"https:\/\/novatronicec.com\/index.php\/wp-json\/wp\/v2\/product\/13943","targetHints":{"allow":["GET"]}}],"collection":[{"href":"https:\/\/novatronicec.com\/index.php\/wp-json\/wp\/v2\/product"}],"about":[{"href":"https:\/\/novatronicec.com\/index.php\/wp-json\/wp\/v2\/types\/product"}],"wp:featuredmedia":[{"embeddable":true,"href":"https:\/\/novatronicec.com\/index.php\/wp-json\/wp\/v2\/media\/13944"}],"wp:attachment":[{"href":"https:\/\/novatronicec.com\/index.php\/wp-json\/wp\/v2\/media?parent=13943"}],"wp:term":[{"taxonomy":"product_brand","embeddable":true,"href":"https:\/\/novatronicec.com\/index.php\/wp-json\/wp\/v2\/product_brand?post=13943"},{"taxonomy":"product_cat","embeddable":true,"href":"https:\/\/novatronicec.com\/index.php\/wp-json\/wp\/v2\/product_cat?post=13943"},{"taxonomy":"product_tag","embeddable":true,"href":"https:\/\/novatronicec.com\/index.php\/wp-json\/wp\/v2\/product_tag?post=13943"}],"curies":[{"name":"wp","href":"https:\/\/api.w.org\/{rel}","templated":true}]}}