{"id":13971,"date":"2023-09-26T21:09:38","date_gmt":"2023-09-26T21:09:38","guid":{"rendered":"https:\/\/novatronicec.com\/?post_type=product&#038;p=13971"},"modified":"2024-05-28T20:23:00","modified_gmt":"2024-05-28T20:23:00","slug":"portafusibles-para-pcb-20x5-mm","status":"publish","type":"product","link":"https:\/\/novatronicec.com\/index.php\/product\/portafusibles-para-pcb-20x5-mm\/","title":{"rendered":"Portafusibles Para PCB (20&#215;5 mm)"},"content":{"rendered":"<div id=\"contenedor-documentacion-introduccion\">\n<p>Portafusible Pl\u00e1stico para Chasis, pr\u00e1ctico para proyectos donde requiera m\u00f3dulos de protecci\u00f3n para sobre corriente y voltaje.<\/p>\n<\/div>\n<p><img decoding=\"async\" src=\"https:\/\/ae01.alicdn.com\/kf\/S0d71147426cb443b803f327dfa681612D.jpg\" \/><\/p>\n<div id=\"contenedor-documentacion-descripcion\">\n<h3>Caracter\u00edsticas<\/h3>\n<\/div>\n<ul>\n<li>Voltaje: 250VAC<\/li>\n<li>Corriente: 6A(250Vac)<\/li>\n<li>Medidas: 26.5 mm x 10 mm<\/li>\n<\/ul>\n","protected":false},"excerpt":{"rendered":"<div id=\"contenedor-documentacion-descripcion\">\n<div id=\"contenedor-documentacion-descripcion\">\n<h3>Caracter\u00edsticas<\/h3>\n<\/div>\n<ul>\n<li>Voltaje: 250VAC<\/li>\n<li>Corriente: 6A(250Vac)<\/li>\n<li>Medidas: 26.5 mm x 10 mm<\/li>\n<\/ul>\n<\/div>\n","protected":false},"featured_media":13973,"template":"","meta":[],"product_brand":[],"product_cat":[86],"product_tag":[1330,396,104,1518,1520,1519],"class_list":{"0":"post-13971","1":"product","2":"type-product","3":"status-publish","4":"has-post-thumbnail","6":"product_cat-electronica","7":"product_tag-chasis","8":"product_tag-circuito","9":"product_tag-electronica","10":"product_tag-fusible","11":"product_tag-portafusible","12":"product_tag-proteccion","14":"first","15":"instock","16":"shipping-taxable","17":"purchasable","18":"product-type-simple"},"_links":{"self":[{"href":"https:\/\/novatronicec.com\/index.php\/wp-json\/wp\/v2\/product\/13971","targetHints":{"allow":["GET"]}}],"collection":[{"href":"https:\/\/novatronicec.com\/index.php\/wp-json\/wp\/v2\/product"}],"about":[{"href":"https:\/\/novatronicec.com\/index.php\/wp-json\/wp\/v2\/types\/product"}],"wp:featuredmedia":[{"embeddable":true,"href":"https:\/\/novatronicec.com\/index.php\/wp-json\/wp\/v2\/media\/13973"}],"wp:attachment":[{"href":"https:\/\/novatronicec.com\/index.php\/wp-json\/wp\/v2\/media?parent=13971"}],"wp:term":[{"taxonomy":"product_brand","embeddable":true,"href":"https:\/\/novatronicec.com\/index.php\/wp-json\/wp\/v2\/product_brand?post=13971"},{"taxonomy":"product_cat","embeddable":true,"href":"https:\/\/novatronicec.com\/index.php\/wp-json\/wp\/v2\/product_cat?post=13971"},{"taxonomy":"product_tag","embeddable":true,"href":"https:\/\/novatronicec.com\/index.php\/wp-json\/wp\/v2\/product_tag?post=13971"}],"curies":[{"name":"wp","href":"https:\/\/api.w.org\/{rel}","templated":true}]}}