{"id":13983,"date":"2023-09-26T22:14:46","date_gmt":"2023-09-26T22:14:46","guid":{"rendered":"https:\/\/novatronicec.com\/?post_type=product&#038;p=13983"},"modified":"2024-05-28T20:23:00","modified_gmt":"2024-05-28T20:23:00","slug":"display-de-7-segmentos-dos-digitos-0-56-cc","status":"publish","type":"product","link":"https:\/\/novatronicec.com\/index.php\/product\/display-de-7-segmentos-dos-digitos-0-56-cc\/","title":{"rendered":"Display de 7 segmentos dos d\u00edgitos 0.56&#8243; CC"},"content":{"rendered":"<p>Las pantallas de siete segmentos se utilizan con frecuencia en nuestros electrodom\u00e9sticos de uso diario como hornos microondas, lavadoras, aires acondicionados, etc. Son una forma sencilla y econ\u00f3mica pero eficaz de mostrar datos num\u00e9ricos como el tiempo o la cantidad.\u00a0Este es un m\u00f3dulo de visualizaci\u00f3n de 7 segmentos de 2 d\u00edgitos de color rojo con configuraci\u00f3n CC.<\/p>\n<h3>Caracter\u00edsticas<\/h3>\n<ul>\n<li>Display 7 segmentos a LED<\/li>\n<li>Configuraci\u00f3n: catodo com\u00fan<\/li>\n<li>Tama\u00f1o del d\u00edgito: 0.56&#8243; (14.2 mm)<\/li>\n<li>Color del segmento encendido: rojo<\/li>\n<li>Color del segmento apagado: blanco<\/li>\n<li>Color de la superficie frontal: negro<\/li>\n<li>Pines: 18<\/li>\n<li>Corriente de operaci\u00f3n por segmento recomendada: 10 mA<\/li>\n<\/ul>\n","protected":false},"excerpt":{"rendered":"<h3>Caracter\u00edsticas<\/h3>\n<ul>\n<li>Display 7 segmentos a LED<\/li>\n<li>Configuraci\u00f3n: catodo com\u00fan<\/li>\n<li>Tama\u00f1o del d\u00edgito: 0.56&#8243; (14.2 mm)<\/li>\n<li>Color del segmento encendido: rojo<\/li>\n<li>Color del segmento apagado: blanco<\/li>\n<li>Color de la superficie frontal: negro<\/li>\n<li>Pines: 18<\/li>\n<li>Corriente de operaci\u00f3n por segmento recomendada: 10 mA<\/li>\n<\/ul>\n","protected":false},"featured_media":13986,"template":"","meta":[],"product_brand":[],"product_cat":[86],"product_tag":[1525,1521,1522,1523,1524,995],"class_list":{"0":"post-13983","1":"product","2":"type-product","3":"status-publish","4":"has-post-thumbnail","6":"product_cat-electronica","7":"product_tag-2-digitos","8":"product_tag-7-segmentos","9":"product_tag-catodo","10":"product_tag-comun","11":"product_tag-digitos","12":"product_tag-display","14":"first","15":"instock","16":"shipping-taxable","17":"purchasable","18":"product-type-simple"},"_links":{"self":[{"href":"https:\/\/novatronicec.com\/index.php\/wp-json\/wp\/v2\/product\/13983","targetHints":{"allow":["GET"]}}],"collection":[{"href":"https:\/\/novatronicec.com\/index.php\/wp-json\/wp\/v2\/product"}],"about":[{"href":"https:\/\/novatronicec.com\/index.php\/wp-json\/wp\/v2\/types\/product"}],"wp:featuredmedia":[{"embeddable":true,"href":"https:\/\/novatronicec.com\/index.php\/wp-json\/wp\/v2\/media\/13986"}],"wp:attachment":[{"href":"https:\/\/novatronicec.com\/index.php\/wp-json\/wp\/v2\/media?parent=13983"}],"wp:term":[{"taxonomy":"product_brand","embeddable":true,"href":"https:\/\/novatronicec.com\/index.php\/wp-json\/wp\/v2\/product_brand?post=13983"},{"taxonomy":"product_cat","embeddable":true,"href":"https:\/\/novatronicec.com\/index.php\/wp-json\/wp\/v2\/product_cat?post=13983"},{"taxonomy":"product_tag","embeddable":true,"href":"https:\/\/novatronicec.com\/index.php\/wp-json\/wp\/v2\/product_tag?post=13983"}],"curies":[{"name":"wp","href":"https:\/\/api.w.org\/{rel}","templated":true}]}}