{"id":14017,"date":"2023-09-27T16:14:50","date_gmt":"2023-09-27T16:14:50","guid":{"rendered":"https:\/\/novatronicec.com\/?post_type=product&#038;p=14017"},"modified":"2024-05-28T20:23:01","modified_gmt":"2024-05-28T20:23:01","slug":"mini-generador-motor-propela-60mm","status":"publish","type":"product","link":"https:\/\/novatronicec.com\/index.php\/product\/mini-generador-motor-propela-60mm\/","title":{"rendered":"Mini generador: Motor + Propela 60mm"},"content":{"rendered":"<p><span>Este conjunto de motor de CC de generador e\u00f3lico educativo con h\u00e9lice es ideal para aprender a comprender el principio de una turbina e\u00f3lica, una dinamo y un motor de CC.<\/span><\/p>\n<p><span>El LED se enciende cuando soplas contra la h\u00e9lice.<\/span><\/p>\n<h3><strong>Caracter\u00edsticas:<\/strong><\/h3>\n<ul>\n<li>Voltaje: 6-9V<\/li>\n<li>Velocidad: 200 ~ 6000 rpm<\/li>\n<li><span><span>H\u00e9lice de pala Di\u00e1metro: 60 mm<\/span><\/span><\/li>\n<li><span><span>Di\u00e1metro del motor: 25 mm<\/span><\/span><\/li>\n<li><span><span>Longitud del motor: 31 mm<\/span><\/span><\/li>\n<li><span><span>Di\u00e1metro del eje: 2 mm<\/span><\/span><\/li>\n<\/ul>\n","protected":false},"excerpt":{"rendered":"<h3><strong>Caracter\u00edsticas:<\/strong><\/h3>\n<ul>\n<li>Voltaje: 6-9V<\/li>\n<li>Velocidad: 200 ~ 6000 rpm<\/li>\n<li>H\u00e9lice de pala Di\u00e1metro: 60 mm<\/li>\n<li>Di\u00e1metro del motor: 25 mm<\/li>\n<li>Longitud del motor: 31 mm<\/li>\n<li>Di\u00e1metro del eje: 2 mm<\/li>\n<\/ul>\n","protected":false},"featured_media":14018,"template":"","meta":[],"product_brand":[],"product_cat":[86,43,69],"product_tag":[1321,1536,142,1319,1537,1538],"class_list":{"0":"post-14017","1":"product","2":"type-product","3":"status-publish","4":"has-post-thumbnail","6":"product_cat-electronica","7":"product_cat-motores-y-actuadores","8":"product_cat-robotica","9":"product_tag-3-6v","10":"product_tag-generador","11":"product_tag-motor","12":"product_tag-pequeno","13":"product_tag-propela","14":"product_tag-rpm","16":"first","17":"instock","18":"shipping-taxable","19":"purchasable","20":"product-type-simple"},"_links":{"self":[{"href":"https:\/\/novatronicec.com\/index.php\/wp-json\/wp\/v2\/product\/14017","targetHints":{"allow":["GET"]}}],"collection":[{"href":"https:\/\/novatronicec.com\/index.php\/wp-json\/wp\/v2\/product"}],"about":[{"href":"https:\/\/novatronicec.com\/index.php\/wp-json\/wp\/v2\/types\/product"}],"wp:featuredmedia":[{"embeddable":true,"href":"https:\/\/novatronicec.com\/index.php\/wp-json\/wp\/v2\/media\/14018"}],"wp:attachment":[{"href":"https:\/\/novatronicec.com\/index.php\/wp-json\/wp\/v2\/media?parent=14017"}],"wp:term":[{"taxonomy":"product_brand","embeddable":true,"href":"https:\/\/novatronicec.com\/index.php\/wp-json\/wp\/v2\/product_brand?post=14017"},{"taxonomy":"product_cat","embeddable":true,"href":"https:\/\/novatronicec.com\/index.php\/wp-json\/wp\/v2\/product_cat?post=14017"},{"taxonomy":"product_tag","embeddable":true,"href":"https:\/\/novatronicec.com\/index.php\/wp-json\/wp\/v2\/product_tag?post=14017"}],"curies":[{"name":"wp","href":"https:\/\/api.w.org\/{rel}","templated":true}]}}