{"id":14020,"date":"2023-09-27T16:19:50","date_gmt":"2023-09-27T16:19:50","guid":{"rendered":"https:\/\/novatronicec.com\/?post_type=product&#038;p=14020"},"modified":"2025-01-28T22:15:06","modified_gmt":"2025-01-28T22:15:06","slug":"kit-generador-motor-propela-90mm","status":"publish","type":"product","link":"https:\/\/novatronicec.com\/index.php\/product\/kit-generador-motor-propela-90mm\/","title":{"rendered":"Kit generador: Motor + Propela 90mm"},"content":{"rendered":"<p>Este conjunto de motor de CC de generador e\u00f3lico educativo con h\u00e9lice es ideal para aprender a comprender el principio de una turbina e\u00f3lica, una dinamo y un motor de CC.<\/p>\n<p>El LED se enciende cuando soplas contra la h\u00e9lice.<\/p>\n<h3><strong>Caracter\u00edsticas:<\/strong><\/h3>\n<ul>\n<li>Voltaje de salida: CC 0,1 \u2013 6 V.<\/li>\n<li>Corriente de salida: 0,01 x 0,3 A.<\/li>\n<li>Velocidad nominal: 2000 \u2013 6000 rpm.<\/li>\n<li>Tama\u00f1o del motor:\u00a0 24.56 x 34.14 mm.<\/li>\n<li>Di\u00e1metro del ventilador: 90 mm.<\/li>\n<\/ul>\n","protected":false},"excerpt":{"rendered":"<h3><strong>Caracter\u00edsticas:<\/strong><\/h3>\n<ul>\n<li>Voltaje de salida: CC 0,1 \u2013 6 V.<\/li>\n<li>Corriente de salida: 0,01 x 0,3 A.<\/li>\n<li>Velocidad nominal: 2000 \u2013 6000 rpm.<\/li>\n<li>Tama\u00f1o del motor:\u00a0 24.56 x 34.14 mm.<\/li>\n<li>Di\u00e1metro del ventilador: 90 mm.<\/li>\n<\/ul>\n","protected":false},"featured_media":14021,"template":"","meta":[],"product_brand":[],"product_cat":[86,43,69],"product_tag":[1321,1536,142,1319,1537,1538],"class_list":{"0":"post-14020","1":"product","2":"type-product","3":"status-publish","4":"has-post-thumbnail","6":"product_cat-electronica","7":"product_cat-motores-y-actuadores","8":"product_cat-robotica","9":"product_tag-3-6v","10":"product_tag-generador","11":"product_tag-motor","12":"product_tag-pequeno","13":"product_tag-propela","14":"product_tag-rpm","16":"first","17":"instock","18":"shipping-taxable","19":"purchasable","20":"product-type-simple"},"_links":{"self":[{"href":"https:\/\/novatronicec.com\/index.php\/wp-json\/wp\/v2\/product\/14020","targetHints":{"allow":["GET"]}}],"collection":[{"href":"https:\/\/novatronicec.com\/index.php\/wp-json\/wp\/v2\/product"}],"about":[{"href":"https:\/\/novatronicec.com\/index.php\/wp-json\/wp\/v2\/types\/product"}],"wp:featuredmedia":[{"embeddable":true,"href":"https:\/\/novatronicec.com\/index.php\/wp-json\/wp\/v2\/media\/14021"}],"wp:attachment":[{"href":"https:\/\/novatronicec.com\/index.php\/wp-json\/wp\/v2\/media?parent=14020"}],"wp:term":[{"taxonomy":"product_brand","embeddable":true,"href":"https:\/\/novatronicec.com\/index.php\/wp-json\/wp\/v2\/product_brand?post=14020"},{"taxonomy":"product_cat","embeddable":true,"href":"https:\/\/novatronicec.com\/index.php\/wp-json\/wp\/v2\/product_cat?post=14020"},{"taxonomy":"product_tag","embeddable":true,"href":"https:\/\/novatronicec.com\/index.php\/wp-json\/wp\/v2\/product_tag?post=14020"}],"curies":[{"name":"wp","href":"https:\/\/api.w.org\/{rel}","templated":true}]}}