{"id":14030,"date":"2023-09-27T16:41:49","date_gmt":"2023-09-27T16:41:49","guid":{"rendered":"https:\/\/novatronicec.com\/?post_type=product&#038;p=14030"},"modified":"2024-05-28T20:23:01","modified_gmt":"2024-05-28T20:23:01","slug":"kit-diy-maquina-de-burbujas","status":"publish","type":"product","link":"https:\/\/novatronicec.com\/index.php\/product\/kit-diy-maquina-de-burbujas\/","title":{"rendered":"Kit DIY M\u00e1quina de Burbujas"},"content":{"rendered":"<p>Ense\u00f1a a tu hijo a armar su propio juguete. Este es un kit de bricolaje para la m\u00e1quina de burbujas el\u00e9ctrica, que incluye todos los componentes y herramientas necesarios para hacer funcionar la m\u00e1quina, solo tienes que agregar dos pilas AA. El kit est\u00e1 hecho de materiales de alta calidad. Puede utilizarse para el juego divertido de los ni\u00f1os o para crear momentos de fiesta al aire libre para los ni\u00f1os.<\/p>\n<h3>Caracter\u00edsticas<\/h3>\n<ul>\n<li>Material: pl\u00e1stico de alta calidad<\/li>\n<li>Dimensiones: \u00a014 x 15 x 14 cm<\/li>\n<li>F\u00e1cil de ensamblar<\/li>\n<li>Funciona el\u00e9ctricamente<\/li>\n<\/ul>\n","protected":false},"excerpt":{"rendered":"<h3>Caracter\u00edsticas<\/h3>\n<ul>\n<li>Material: pl\u00e1stico de alta calidad<\/li>\n<li>Dimensiones: \u00a014 x 15 x 14 cm<\/li>\n<li>F\u00e1cil de ensamblar<\/li>\n<li>Funciona el\u00e9ctricamente<\/li>\n<\/ul>\n","protected":false},"featured_media":14031,"template":"","meta":[],"product_brand":[],"product_cat":[86,69],"product_tag":[1539,712,639,794,1540],"class_list":{"0":"post-14030","1":"product","2":"type-product","3":"status-publish","4":"has-post-thumbnail","6":"product_cat-electronica","7":"product_cat-robotica","8":"product_tag-burbujas","9":"product_tag-diy","10":"product_tag-kit","11":"product_tag-maquina","12":"product_tag-ninos","14":"first","15":"instock","16":"shipping-taxable","17":"purchasable","18":"product-type-simple"},"_links":{"self":[{"href":"https:\/\/novatronicec.com\/index.php\/wp-json\/wp\/v2\/product\/14030","targetHints":{"allow":["GET"]}}],"collection":[{"href":"https:\/\/novatronicec.com\/index.php\/wp-json\/wp\/v2\/product"}],"about":[{"href":"https:\/\/novatronicec.com\/index.php\/wp-json\/wp\/v2\/types\/product"}],"wp:featuredmedia":[{"embeddable":true,"href":"https:\/\/novatronicec.com\/index.php\/wp-json\/wp\/v2\/media\/14031"}],"wp:attachment":[{"href":"https:\/\/novatronicec.com\/index.php\/wp-json\/wp\/v2\/media?parent=14030"}],"wp:term":[{"taxonomy":"product_brand","embeddable":true,"href":"https:\/\/novatronicec.com\/index.php\/wp-json\/wp\/v2\/product_brand?post=14030"},{"taxonomy":"product_cat","embeddable":true,"href":"https:\/\/novatronicec.com\/index.php\/wp-json\/wp\/v2\/product_cat?post=14030"},{"taxonomy":"product_tag","embeddable":true,"href":"https:\/\/novatronicec.com\/index.php\/wp-json\/wp\/v2\/product_tag?post=14030"}],"curies":[{"name":"wp","href":"https:\/\/api.w.org\/{rel}","templated":true}]}}