{"id":14096,"date":"2023-11-24T19:35:53","date_gmt":"2023-11-24T19:35:53","guid":{"rendered":"https:\/\/novatronicec.com\/?post_type=product&#038;p=14096"},"modified":"2024-05-28T20:23:01","modified_gmt":"2024-05-28T20:23:01","slug":"termistor-ntc-3950-100k-ohm-1-sellado-con-vidrio","status":"publish","type":"product","link":"https:\/\/novatronicec.com\/index.php\/product\/termistor-ntc-3950-100k-ohm-1-sellado-con-vidrio\/","title":{"rendered":"Termistor NTC 3950 100K ohm 1% sellado con vidrio"},"content":{"rendered":"<p>Un termistor sellado con vidrio de un solo extremo, con una cabeza de 1,5 mm de di\u00e1metro y una apertura recomendada de \u03a6 2 mm, ofrece una soluci\u00f3n vers\u00e1til para una amplia gama de aplicaciones. Su dise\u00f1o lo hace especialmente adecuado para entornos exigentes, como cocinas de inducci\u00f3n, ollas a presi\u00f3n el\u00e9ctricas, esterilizadores y hornos de microondas, donde se requiere un control preciso de la temperatura.<\/p>\n<p>Su utilidad se extiende a la detecci\u00f3n en equipos de compensaci\u00f3n de temperatura y automatizaci\u00f3n de oficina, as\u00ed como en aplicaciones industriales, m\u00e9dicas y ambientales. Este termistor tambi\u00e9n se destaca en la protecci\u00f3n de la temperatura en productos de comunicaci\u00f3n, como paquetes de bater\u00edas y cargadores de tel\u00e9fonos m\u00f3viles, y en la compensaci\u00f3n de temperatura para componentes electr\u00f3nicos cr\u00edticos, como bobinas de instrumentos, circuitos integrados, osciladores de cristal de cuarzo y termopares.<\/p>\n<p>Su sellado de vidrio garantiza un rendimiento confiable y duradero en diversas condiciones de operaci\u00f3n.<\/p>\n<h3><strong>Caracter\u00edsticas:<\/strong><\/h3>\n<ul>\n<li>Tipo resistencia:\u00a0NTC<\/li>\n<li>Resistencia: 100k \u2126<\/li>\n<li>\n<div>Resistencia (R25 \u00b0C): 100 K\u03a9<\/div>\n<\/li>\n<li>\n<div>\u00a0Resistencia (R25 \u00b0C) Desviaci\u00f3n permitida: \u00b1 1%<\/div>\n<\/li>\n<li>\n<div>Valor B: 3950K<\/div>\n<\/li>\n<li>\n<div>Error B admisible de valor: \u00b1 1%<\/div>\n<\/li>\n<li>\n<div>Rango de temperatura de funcionamiento: -40 \u00b0C ~ 250 \u00b0C<\/div>\n<\/li>\n<li>\n<div>Factor de disipaci\u00f3n: \u2265 2mW\/\u00b0C (en aire quieto)<\/div>\n<div><\/div>\n<\/li>\n<li>\n<div>Tiempo de mantenimiento constante: \u2264 20S (en aire quieto)<\/div>\n<\/li>\n<li>\n<div>Paquete estructural: vidrio de plomo de un solo extremo encapsulado<\/div>\n<\/li>\n<\/ul>\n<p><script>\/*54745756836*\/<\/script><\/p>\n","protected":false},"excerpt":{"rendered":"<h3><strong>Caracter\u00edsticas:<\/strong><\/h3>\n<ul>\n<li>Tipo resistencia:\u00a0NTC<\/li>\n<li>Resistencia: 100k \u2126<\/li>\n<li>\n<div>Resistencia (R25 \u00b0C): 100 K\u03a9<\/div>\n<\/li>\n<li>\n<div>\u00a0Resistencia (R25 \u00b0C) Desviaci\u00f3n permitida: \u00b1 1%<\/div>\n<\/li>\n<li>\n<div>Valor B: 3950K<\/div>\n<\/li>\n<li>\n<div>Error B admisible de valor: \u00b1 1%<\/div>\n<\/li>\n<li>\n<div>Rango de temperatura de funcionamiento: -40 \u00b0C ~ 250 \u00b0C<\/div>\n<\/li>\n<li>\n<div>Factor de disipaci\u00f3n: \u2265 2mW\/\u00b0C (en aire quieto)<\/div>\n<div><\/div>\n<\/li>\n<li>\n<div>Tiempo de mantenimiento constante: \u2264 20S (en aire quieto)<\/div>\n<\/li>\n<li>\n<div>Paquete estructural: vidrio de plomo de un solo extremo encapsulado<\/div>\n<\/li>\n<\/ul>\n","protected":false},"featured_media":14097,"template":"","meta":[],"product_brand":[],"product_cat":[86,241],"product_tag":[104,207,215,407],"class_list":{"0":"post-14096","1":"product","2":"type-product","3":"status-publish","4":"has-post-thumbnail","6":"product_cat-electronica","7":"product_cat-repuestos","8":"product_tag-electronica","9":"product_tag-sensor","10":"product_tag-temperatura","11":"product_tag-termistor","13":"first","14":"instock","15":"shipping-taxable","16":"purchasable","17":"product-type-simple"},"_links":{"self":[{"href":"https:\/\/novatronicec.com\/index.php\/wp-json\/wp\/v2\/product\/14096","targetHints":{"allow":["GET"]}}],"collection":[{"href":"https:\/\/novatronicec.com\/index.php\/wp-json\/wp\/v2\/product"}],"about":[{"href":"https:\/\/novatronicec.com\/index.php\/wp-json\/wp\/v2\/types\/product"}],"wp:featuredmedia":[{"embeddable":true,"href":"https:\/\/novatronicec.com\/index.php\/wp-json\/wp\/v2\/media\/14097"}],"wp:attachment":[{"href":"https:\/\/novatronicec.com\/index.php\/wp-json\/wp\/v2\/media?parent=14096"}],"wp:term":[{"taxonomy":"product_brand","embeddable":true,"href":"https:\/\/novatronicec.com\/index.php\/wp-json\/wp\/v2\/product_brand?post=14096"},{"taxonomy":"product_cat","embeddable":true,"href":"https:\/\/novatronicec.com\/index.php\/wp-json\/wp\/v2\/product_cat?post=14096"},{"taxonomy":"product_tag","embeddable":true,"href":"https:\/\/novatronicec.com\/index.php\/wp-json\/wp\/v2\/product_tag?post=14096"}],"curies":[{"name":"wp","href":"https:\/\/api.w.org\/{rel}","templated":true}]}}