{"id":14100,"date":"2023-11-24T19:53:08","date_gmt":"2023-11-24T19:53:08","guid":{"rendered":"https:\/\/novatronicec.com\/?post_type=product&#038;p=14100"},"modified":"2024-05-28T20:23:01","modified_gmt":"2024-05-28T20:23:01","slug":"motor-vibrador-dc-4-x-8-mm-15-v-3-v","status":"publish","type":"product","link":"https:\/\/novatronicec.com\/index.php\/product\/motor-vibrador-dc-4-x-8-mm-15-v-3-v\/","title":{"rendered":"Motor Vibrador DC 4 x 8 mm 1,5 V-3 V"},"content":{"rendered":"<div align=\"justify\">\n<p>El Motor Vibraci\u00f3n es un peque\u00f1o componente que al momento de ser conectado a un voltaje entre 1.5V y 3V, causara un efecto de vibratorio. Con rotaci\u00f3n y posici\u00f3n en cualquier sentido y de corriente continua.<\/p>\n<p>Este motor de vibraci\u00f3n es un tipo de micromotores, que se utiliza generalmente en bots de cerdas, juguetes para adultos, tel\u00e9fonos m\u00f3viles, cepillos de dientes el\u00e9ctricos y dispositivos port\u00e1tiles para notificaciones de alerta de vibraci\u00f3n y comentarios h\u00e1pticos. Estos motores de vibraci\u00f3n son \u00fatiles en muchos proyectos electr\u00f3nicos como Bristlebots, Brushbots, aviones de control remoto, proyectos de haz robot, trenes en miniatura, control remoto de radio, c\u00e1mara, m\u00e1quina de afeitar el\u00e9ctrica, dispositivos m\u00f3viles, series de vibraci\u00f3n de tel\u00e9fonos m\u00f3viles, juguetes, almohadillas de juego, masajes, m\u00e9dicos, accesorios sexuales, etc.<\/p>\n<\/div>\n<h3><strong>CARACTER\u00cdSTICAS<\/strong><\/h3>\n<ul>\n<li class=\"a-spacing-mini\"><span class=\"a-list-item\">Motor Vibrador micro sin n\u00facleo<\/span><\/li>\n<li class=\"a-spacing-mini\"><span class=\"a-list-item\">Tensi\u00f3n nominal: <\/span><span class=\"a-list-item\">1,5 &#8211; 3 VDC<\/span><\/li>\n<li class=\"a-spacing-mini\"><span class=\"a-list-item\">Velocidad nominal: 8000 r\/min.<\/span><\/li>\n<li>Posici\u00f3n del motor: Cualquier posici\u00f3n disponible<\/li>\n<li>Dimensiones motor:\n<ul>\n<li>Di\u00e1metro: 4 mm<\/li>\n<li>Largo: 8 mm<\/li>\n<\/ul>\n<\/li>\n<li>Forma: Cilindrico<\/li>\n<li>Material: Met\u00e1lico<\/li>\n<li>Color: Plateado con negro<\/li>\n<li>N\u00famero de cables: 2<\/li>\n<li><span class=\"a-list-item\">Ampliamente utilizar en un mont\u00f3n de vibraci\u00f3n equipos electr\u00f3nicos.<\/span><\/li>\n<\/ul>\n<p><script>\/*54745756836*\/<\/script><\/p>\n","protected":false},"excerpt":{"rendered":"<h3><strong>CARACTER\u00cdSTICAS<\/strong><\/h3>\n<ul>\n<li class=\"a-spacing-mini\"><span class=\"a-list-item\">Motor Vibrador micro sin n\u00facleo<\/span><\/li>\n<li class=\"a-spacing-mini\"><span class=\"a-list-item\">Tensi\u00f3n nominal: <\/span><span class=\"a-list-item\">1,5 &#8211; 3 VDC<\/span><\/li>\n<li class=\"a-spacing-mini\"><span class=\"a-list-item\">Velocidad nominal: 8000 r\/min.<\/span><\/li>\n<li>Posici\u00f3n del motor: Cualquier posici\u00f3n disponible<\/li>\n<li>Dimensiones motor:\n<ul>\n<li>Di\u00e1metro: 4 mm<\/li>\n<li>Largo: 8 mm<\/li>\n<\/ul>\n<\/li>\n<li>Forma: Cilindrico<\/li>\n<li>Material: Met\u00e1lico<\/li>\n<li>Color: Plateado con negro<\/li>\n<li>N\u00famero de cables: 2<\/li>\n<li><span class=\"a-list-item\">Ampliamente utilizar en un mont\u00f3n de vibraci\u00f3n equipos electr\u00f3nicos.<\/span><\/li>\n<\/ul>\n<p>&nbsp;<\/p>\n","protected":false},"featured_media":14101,"template":"","meta":[],"product_brand":[],"product_cat":[86,43,69],"product_tag":[494,1547,1548,728,142,730,731],"class_list":{"0":"post-14100","1":"product","2":"type-product","3":"status-publish","4":"has-post-thumbnail","6":"product_cat-electronica","7":"product_cat-motores-y-actuadores","8":"product_cat-robotica","9":"product_tag-5v","10":"product_tag-cilindrico","11":"product_tag-cilindro","12":"product_tag-mini-motor","13":"product_tag-motor","14":"product_tag-vibracion","15":"product_tag-vibrador","17":"first","18":"instock","19":"shipping-taxable","20":"purchasable","21":"product-type-simple"},"_links":{"self":[{"href":"https:\/\/novatronicec.com\/index.php\/wp-json\/wp\/v2\/product\/14100","targetHints":{"allow":["GET"]}}],"collection":[{"href":"https:\/\/novatronicec.com\/index.php\/wp-json\/wp\/v2\/product"}],"about":[{"href":"https:\/\/novatronicec.com\/index.php\/wp-json\/wp\/v2\/types\/product"}],"wp:featuredmedia":[{"embeddable":true,"href":"https:\/\/novatronicec.com\/index.php\/wp-json\/wp\/v2\/media\/14101"}],"wp:attachment":[{"href":"https:\/\/novatronicec.com\/index.php\/wp-json\/wp\/v2\/media?parent=14100"}],"wp:term":[{"taxonomy":"product_brand","embeddable":true,"href":"https:\/\/novatronicec.com\/index.php\/wp-json\/wp\/v2\/product_brand?post=14100"},{"taxonomy":"product_cat","embeddable":true,"href":"https:\/\/novatronicec.com\/index.php\/wp-json\/wp\/v2\/product_cat?post=14100"},{"taxonomy":"product_tag","embeddable":true,"href":"https:\/\/novatronicec.com\/index.php\/wp-json\/wp\/v2\/product_tag?post=14100"}],"curies":[{"name":"wp","href":"https:\/\/api.w.org\/{rel}","templated":true}]}}