{"id":14115,"date":"2023-11-24T20:15:46","date_gmt":"2023-11-24T20:15:46","guid":{"rendered":"https:\/\/novatronicec.com\/?post_type=product&#038;p=14115"},"modified":"2024-05-28T20:23:01","modified_gmt":"2024-05-28T20:23:01","slug":"programador-usb-para-esp8266","status":"publish","type":"product","link":"https:\/\/novatronicec.com\/index.php\/product\/programador-usb-para-esp8266\/","title":{"rendered":"Programador USB para ESP8266"},"content":{"rendered":"<p class=\"a-spacing-base\">ESP-01S Programador USB a ESP-01 m\u00f3dulo adaptador tiene USB a TTL chip controlador CH340G a bordo, por lo que puede usar f\u00e1cilmente su computadora para hacer la depuraci\u00f3n funcional ESP-01.<\/p>\n<p class=\"a-spacing-base\">Es un gran programador para el ESP-01\/ESP-01S. Es muy f\u00e1cil simplemente conectarlo y enviar comandos AT, o activar el interruptor para programar y cargar un boceto desde Arduino IDE. Adem\u00e1s, no necesita una fuente de alimentaci\u00f3n separada de 3.3V para alimentar el ESP-01. (Aseg\u00farate de configurar el m\u00f3dulo wifi EPS-01\/ESP-01S correctamente en el encabezado hembra cuando lo conectes)<\/p>\n<h3>Caracter\u00edsticas y especificaciones<\/h3>\n<ul>\n<li>Voltaje de funcionamiento: 4.5 V &#8211; 5.5 V (regulador LDO integrado de 3.3 v).<\/li>\n<li>Corriente de trabajo: 300 mA (regulador LDO puede suministrar).<\/li>\n<li>Modo de trabajo seleccionable: Hay dos modos de trabajo que puede elegir a trav\u00e9s del interruptor de palanca a bordo. El lado PROG es para programaci\u00f3n de firmware, mientras que el lado UART es para la depuraci\u00f3n TTL en serie mediante comandos AT.<\/li>\n<li>USB a chip TTL serial: CH340G<\/li>\n<li>Nivel l\u00f3gico: 3.3V.<\/li>\n<li>Velocidad de baudios: 115200<\/li>\n<li>Aplicaciones: Dom\u00f3tica, redes de sensores, control inal\u00e1mbrico industrial, etc.<\/li>\n<\/ul>\n<h3>Descargas<\/h3>\n<ul>\n<li><a href=\"https:\/\/www.youtube.com\/watch?v=lGJDdOngKHw\" target=\"_blank\" rel=\"noreferrer noopener\">Tutorial de uso<\/a><\/li>\n<\/ul>\n","protected":false},"excerpt":{"rendered":"<h2>Caracter\u00edsticas y especificaciones<\/h2>\n<ul>\n<li>Voltaje de funcionamiento: 4.5 V &#8211; 5.5 V (regulador LDO integrado de 3.3 v).<\/li>\n<li>Corriente de trabajo: 300 mA (regulador LDO puede suministrar).<\/li>\n<li>Modo de trabajo seleccionable: Hay dos modos de trabajo que puede elegir a trav\u00e9s del interruptor de palanca a bordo. El lado PROG es para programaci\u00f3n de firmware, mientras que el lado UART es para la depuraci\u00f3n TTL en serie mediante comandos AT.<\/li>\n<li>USB a chip TTL serial: CH340G<\/li>\n<li>Nivel l\u00f3gico: 3.3V.<\/li>\n<li>Velocidad de baudios: 115200<\/li>\n<li>Aplicaciones: Dom\u00f3tica, redes de sensores, control inal\u00e1mbrico industrial, etc.<\/li>\n<\/ul>\n","protected":false},"featured_media":14116,"template":"","meta":[],"product_brand":[],"product_cat":[86,97,92],"product_tag":[88,107,334,136,103,617,615,667],"class_list":{"0":"post-14115","1":"product","2":"type-product","3":"status-publish","4":"has-post-thumbnail","6":"product_cat-electronica","7":"product_cat-otras-placas","8":"product_cat-placas","9":"product_tag-arduino","10":"product_tag-esp8266","11":"product_tag-programador","12":"product_tag-robot","13":"product_tag-robotica","14":"product_tag-tarjeta","15":"product_tag-ttl","16":"product_tag-usb","18":"first","19":"instock","20":"shipping-taxable","21":"purchasable","22":"product-type-simple"},"_links":{"self":[{"href":"https:\/\/novatronicec.com\/index.php\/wp-json\/wp\/v2\/product\/14115","targetHints":{"allow":["GET"]}}],"collection":[{"href":"https:\/\/novatronicec.com\/index.php\/wp-json\/wp\/v2\/product"}],"about":[{"href":"https:\/\/novatronicec.com\/index.php\/wp-json\/wp\/v2\/types\/product"}],"wp:featuredmedia":[{"embeddable":true,"href":"https:\/\/novatronicec.com\/index.php\/wp-json\/wp\/v2\/media\/14116"}],"wp:attachment":[{"href":"https:\/\/novatronicec.com\/index.php\/wp-json\/wp\/v2\/media?parent=14115"}],"wp:term":[{"taxonomy":"product_brand","embeddable":true,"href":"https:\/\/novatronicec.com\/index.php\/wp-json\/wp\/v2\/product_brand?post=14115"},{"taxonomy":"product_cat","embeddable":true,"href":"https:\/\/novatronicec.com\/index.php\/wp-json\/wp\/v2\/product_cat?post=14115"},{"taxonomy":"product_tag","embeddable":true,"href":"https:\/\/novatronicec.com\/index.php\/wp-json\/wp\/v2\/product_tag?post=14115"}],"curies":[{"name":"wp","href":"https:\/\/api.w.org\/{rel}","templated":true}]}}