{"id":14175,"date":"2023-11-27T19:43:57","date_gmt":"2023-11-27T19:43:57","guid":{"rendered":"https:\/\/novatronicec.com\/?post_type=product&#038;p=14175"},"modified":"2024-05-28T20:23:02","modified_gmt":"2024-05-28T20:23:02","slug":"cable-tipo-c-0-5m-2a","status":"publish","type":"product","link":"https:\/\/novatronicec.com\/index.php\/product\/cable-tipo-c-0-5m-2a\/","title":{"rendered":"Cable tipo C 0.5M 2A"},"content":{"rendered":"<p>Cable USB 2.0 con conector tipo USB-C macho en un extremo y tipo A macho en el otro, ideal para conectar su nuevo dispositivo m\u00f3vil\/tablet USB-C a un ordenador con un puerto USB-A convencional. El cable ofrece hasta 2 amperios de carga, con lo cual se puede usar para cargar su dispositivo m\u00f3vil, tablet, port\u00e1til etc.<\/p>\n<p>El conector USB Type-C es m\u00e1s f\u00e1cil de usar que los conectores USB de generaci\u00f3n anterior. Su dise\u00f1o reversible le permite conectar dispositivos con cualquiera de sus caras hacia arriba. Inserte el cable de forma correcta siempre, sin equivocarse ni causar da\u00f1os en el puerto.<\/p>\n<p>Este cable USB-C tiene certificaci\u00f3n USB-IF, lo cual significa que cumple con todas las especificaciones sobre USB 2.0.<\/p>\n<h3>Caracter\u00edsticas:<\/h3>\n<ul>\n<li>Longitud: 0.5 M<\/li>\n<li>Color: Negro<\/li>\n<li>Amperaje: 2A Maximo<\/li>\n<li>Normativa: RoHS<\/li>\n<\/ul>\n","protected":false},"excerpt":{"rendered":"<h3>Caracter\u00edsticas:<\/h3>\n<ul>\n<li>Longitud: 0.5 M<\/li>\n<li>Color: Negro<\/li>\n<li>Amperaje: 2A Maximo<\/li>\n<li>Normativa: RoHS<\/li>\n<\/ul>\n","protected":false},"featured_media":14176,"template":"","meta":[],"product_brand":[],"product_cat":[1110,241],"product_tag":[350,1566,1565,667],"class_list":{"0":"post-14175","1":"product","2":"type-product","3":"status-publish","4":"has-post-thumbnail","6":"product_cat-herramientas","7":"product_cat-repuestos","8":"product_tag-cable","9":"product_tag-datos","10":"product_tag-tipo-c","11":"product_tag-usb","13":"first","14":"instock","15":"shipping-taxable","16":"purchasable","17":"product-type-simple"},"_links":{"self":[{"href":"https:\/\/novatronicec.com\/index.php\/wp-json\/wp\/v2\/product\/14175","targetHints":{"allow":["GET"]}}],"collection":[{"href":"https:\/\/novatronicec.com\/index.php\/wp-json\/wp\/v2\/product"}],"about":[{"href":"https:\/\/novatronicec.com\/index.php\/wp-json\/wp\/v2\/types\/product"}],"wp:featuredmedia":[{"embeddable":true,"href":"https:\/\/novatronicec.com\/index.php\/wp-json\/wp\/v2\/media\/14176"}],"wp:attachment":[{"href":"https:\/\/novatronicec.com\/index.php\/wp-json\/wp\/v2\/media?parent=14175"}],"wp:term":[{"taxonomy":"product_brand","embeddable":true,"href":"https:\/\/novatronicec.com\/index.php\/wp-json\/wp\/v2\/product_brand?post=14175"},{"taxonomy":"product_cat","embeddable":true,"href":"https:\/\/novatronicec.com\/index.php\/wp-json\/wp\/v2\/product_cat?post=14175"},{"taxonomy":"product_tag","embeddable":true,"href":"https:\/\/novatronicec.com\/index.php\/wp-json\/wp\/v2\/product_tag?post=14175"}],"curies":[{"name":"wp","href":"https:\/\/api.w.org\/{rel}","templated":true}]}}