{"id":14202,"date":"2023-11-27T21:07:56","date_gmt":"2023-11-27T21:07:56","guid":{"rendered":"https:\/\/novatronicec.com\/?post_type=product&#038;p=14202"},"modified":"2026-03-31T15:25:13","modified_gmt":"2026-03-31T15:25:13","slug":"motor-tt-azul-dc3v-6v-190-con-caja-reductora-metalica","status":"publish","type":"product","link":"https:\/\/novatronicec.com\/index.php\/product\/motor-tt-azul-dc3v-6v-190-con-caja-reductora-metalica\/","title":{"rendered":"Motor TT Azul DC3V-6V 1:90 con caja reductora met\u00e1lica"},"content":{"rendered":"<p>Este motor TT con caja de cambios reductora, es una forma f\u00e1cil y econ\u00f3mica de poner en marcha tus proyectos de rob\u00f3tica.<\/p>\n<p>Es un\u00a0 motor TT de caja de cambios reductora DC, met\u00e1lico, con una relaci\u00f3n de transmisi\u00f3n de\u00a0 1:90 , casi el doble de la relaci\u00f3n est\u00e1ndar que es de 1:48. Eso les da un par m\u00e1s alto pero una velocidad de rotaci\u00f3n m\u00e1s lenta.<\/p>\n<p>Son ideales para los robots, al ser m\u00e1s lentos, ya que la fuerza es m\u00e1s importante que la velocidad.<\/p>\n<h4>CARACTER\u00cdSTICAS:<\/h4>\n<ul>\n<li><strong>Voltaje de Operaci\u00f3n:<\/strong> 3V \u2013 6V<\/li>\n<li><strong>Velocidad Angular nominal:<\/strong> 110 RPM<\/li>\n<li><strong>Reducci\u00f3n:<\/strong> 1:90<\/li>\n<li><strong>Consumo m\u00e1ximo de corriente:<\/strong> 100mA<\/li>\n<li><strong>Di\u00e1metro Exterior de Llanta:<\/strong> 65 mm<\/li>\n<li><strong>Di\u00e1metro eje de llanta:<\/strong> 6mm<\/li>\n<li><strong>Peso:<\/strong> 39 g<\/li>\n<\/ul>\n<p>&nbsp;<\/p>\n","protected":false},"excerpt":{"rendered":"<h3>Caracter\u00edsticas:<\/h3>\n<ul>\n<li><strong>Voltaje de Operaci\u00f3n:<\/strong> 3V \u2013 6V<\/li>\n<li><strong>Velocidad Angular nominal:<\/strong> 110 RPM<\/li>\n<li><strong>Reducci\u00f3n:<\/strong> 1:90<\/li>\n<li><strong>Consumo m\u00e1ximo de corriente:<\/strong> 100mA<\/li>\n<li><strong>Di\u00e1metro Exterior de Llanta:<\/strong> 65 mm<\/li>\n<li><strong>Di\u00e1metro eje de llanta:<\/strong> 6mm<\/li>\n<li><strong>Peso:<\/strong> 39 g<\/li>\n<\/ul>\n","protected":false},"featured_media":14203,"template":"","meta":[],"product_brand":[],"product_cat":[43,69],"product_tag":[167,1574,1573,169],"class_list":{"0":"post-14202","1":"product","2":"type-product","3":"status-publish","4":"has-post-thumbnail","6":"product_cat-motores-y-actuadores","7":"product_cat-robotica","8":"product_tag-dc-motor","9":"product_tag-metalico","10":"product_tag-motor-tt","11":"product_tag-motoreductor","13":"first","14":"outofstock","15":"shipping-taxable","16":"purchasable","17":"product-type-variable"},"_links":{"self":[{"href":"https:\/\/novatronicec.com\/index.php\/wp-json\/wp\/v2\/product\/14202","targetHints":{"allow":["GET"]}}],"collection":[{"href":"https:\/\/novatronicec.com\/index.php\/wp-json\/wp\/v2\/product"}],"about":[{"href":"https:\/\/novatronicec.com\/index.php\/wp-json\/wp\/v2\/types\/product"}],"wp:featuredmedia":[{"embeddable":true,"href":"https:\/\/novatronicec.com\/index.php\/wp-json\/wp\/v2\/media\/14203"}],"wp:attachment":[{"href":"https:\/\/novatronicec.com\/index.php\/wp-json\/wp\/v2\/media?parent=14202"}],"wp:term":[{"taxonomy":"product_brand","embeddable":true,"href":"https:\/\/novatronicec.com\/index.php\/wp-json\/wp\/v2\/product_brand?post=14202"},{"taxonomy":"product_cat","embeddable":true,"href":"https:\/\/novatronicec.com\/index.php\/wp-json\/wp\/v2\/product_cat?post=14202"},{"taxonomy":"product_tag","embeddable":true,"href":"https:\/\/novatronicec.com\/index.php\/wp-json\/wp\/v2\/product_tag?post=14202"}],"curies":[{"name":"wp","href":"https:\/\/api.w.org\/{rel}","templated":true}]}}